{"id":539240,"date":"2025-07-29T11:12:39","date_gmt":"2025-07-29T11:12:39","guid":{"rendered":"https:\/\/harristweed-shop.be\/product\/barbour-wax-washbag\/"},"modified":"2026-04-15T20:04:27","modified_gmt":"2026-04-15T20:04:27","slug":"barbour-wax-washbag","status":"publish","type":"product","link":"https:\/\/harristweed-shop.be\/fr\/produit\/trousse-de-toilette-ciree-barbour\/","title":{"rendered":"Trousse de toilette Barbour Wax Olive"},"content":{"rendered":"<p>Id\u00e9ale pour les week-ends, cette \u00e9l\u00e9gante trousse de toilette est fabriqu\u00e9e en coton cir\u00e9 signature Barbour et offre suffisamment d&#039;espace pour tous vos essentiels de salle de bain.<\/p>\n<p>Ext\u00e9rieur principal : coton 100%<br \/>\nDoublure : Polyester 100%<br \/>\nBadge de marque sur le devant ext\u00e9rieur<br \/>\nHauteur : 23 cm, largeur 23 cm, profondeur : 10 cm<br \/>\nNettoyage \u00e0 l&#039;\u00e9ponge uniquement<\/p>","protected":false},"excerpt":{"rendered":"<p>Trousse de toilette Barbour Wax Olive<br \/>\nId\u00e9ale pour les week-ends, cette \u00e9l\u00e9gante trousse de toilette est fabriqu\u00e9e en coton cir\u00e9 signature Barbour et offre suffisamment d&#039;espace pour tous vos essentiels de salle de bain.<\/p>","protected":false},"featured_media":539241,"template":"","meta":[],"product_brand":[],"product_cat":[899,638,904,1200,1201,900,901,898,808,1183],"product_tag":[],"class_list":{"0":"post-539240","1":"product","2":"type-product","3":"status-publish","4":"has-post-thumbnail","6":"product_cat-geschenke","7":"product_cat-gifts","8":"product_cat-handtaschen","9":"product_cat-kulturbeutel","10":"product_cat-kulturbeutel-2","11":"product_cat-reisetaschen","12":"product_cat-taschen","13":"product_cat-tassen-gifts","14":"product_cat-tassen","15":"product_cat-toilettas","16":"pa_merk-barbour","18":"first","19":"instock","20":"taxable","21":"shipping-taxable","22":"purchasable","23":"product-type-simple"},"df_price":59.95,"df_sale_price":"","df_regular_price":59.95,"df_image_link":"https:\/\/harristweed-shop.be\/wp-content\/uploads\/2025\/07\/a186014587c117cd36c0ffb1778509cc_BARBOUR_WAX_WASHBAG-300x300.jpeg","_links":{"self":[{"href":"https:\/\/harristweed-shop.be\/fr\/wp-json\/wp\/v2\/product\/539240","targetHints":{"allow":["GET"]}}],"collection":[{"href":"https:\/\/harristweed-shop.be\/fr\/wp-json\/wp\/v2\/product"}],"about":[{"href":"https:\/\/harristweed-shop.be\/fr\/wp-json\/wp\/v2\/types\/product"}],"wp:featuredmedia":[{"embeddable":true,"href":"https:\/\/harristweed-shop.be\/fr\/wp-json\/wp\/v2\/media\/539241"}],"wp:attachment":[{"href":"https:\/\/harristweed-shop.be\/fr\/wp-json\/wp\/v2\/media?parent=539240"}],"wp:term":[{"taxonomy":"product_brand","embeddable":true,"href":"https:\/\/harristweed-shop.be\/fr\/wp-json\/wp\/v2\/product_brand?post=539240"},{"taxonomy":"product_cat","embeddable":true,"href":"https:\/\/harristweed-shop.be\/fr\/wp-json\/wp\/v2\/product_cat?post=539240"},{"taxonomy":"product_tag","embeddable":true,"href":"https:\/\/harristweed-shop.be\/fr\/wp-json\/wp\/v2\/product_tag?post=539240"}],"curies":[{"name":"wp","href":"https:\/\/api.w.org\/{rel}","templated":true}]}}