{"id":539235,"date":"2025-07-29T11:02:44","date_gmt":"2025-07-29T11:02:44","guid":{"rendered":"https:\/\/harristweed-shop.be\/product\/barbour-wax-hanging-washbag\/"},"modified":"2026-04-07T18:41:16","modified_gmt":"2026-04-07T18:41:16","slug":"barbour-wax-hanging-washbag","status":"publish","type":"product","link":"https:\/\/harristweed-shop.be\/fr\/produit\/trousse-de-toilette-suspendue-en-cire-barbour\/","title":{"rendered":"Trousse de toilette suspendue Barbour Wax Olive Beacon"},"content":{"rendered":"<p>Organisez vos essentiels de salle de bain avec style gr\u00e2ce \u00e0 cette trousse de toilette classique. Fabriqu\u00e9e en coton DryWax r\u00e9sistant, elle s&#039;accroche \u00e0 un crochet ou \u00e0 une poign\u00e9e de porte pour gagner de la place.<\/p>\n<p>Ext\u00e9rieur principal : coton 100%<br \/>\nDoublure : Polyester 100%<br \/>\nBadge PU en relief Barbour sur le devant ext\u00e9rieur<br \/>\nHauteur : 21 cm (pli\u00e9), 55 cm (d\u00e9pli\u00e9), Largeur : 25 cm<br \/>\nEssuyer uniquement<\/p>","protected":false},"excerpt":{"rendered":"<p>Trousse de toilette Barbour Tartan Classic Beacon.<br \/>\nOrganisez vos essentiels de salle de bain avec style gr\u00e2ce \u00e0 cette trousse de toilette classique. Fabriqu\u00e9e en coton DryWax r\u00e9sistant, elle s&#039;accroche \u00e0 un crochet ou \u00e0 une poign\u00e9e de porte pour gagner de la place.<\/p>","protected":false},"featured_media":539237,"template":"","meta":[],"product_brand":[],"product_cat":[899,638,904,1201,900,901,808,898,1183],"product_tag":[],"class_list":{"0":"post-539235","1":"product","2":"type-product","3":"status-publish","4":"has-post-thumbnail","6":"product_cat-geschenke","7":"product_cat-gifts","8":"product_cat-handtaschen","9":"product_cat-kulturbeutel-2","10":"product_cat-reisetaschen","11":"product_cat-taschen","12":"product_cat-tassen","13":"product_cat-tassen-gifts","14":"product_cat-toilettas","15":"pa_merk-barbour","17":"first","18":"outofstock","19":"taxable","20":"shipping-taxable","21":"purchasable","22":"product-type-simple"},"df_price":79.95,"df_sale_price":"","df_regular_price":79.95,"df_image_link":"https:\/\/harristweed-shop.be\/wp-content\/uploads\/2025\/07\/36a3acda1745c131200037c820293591_BARBOUR_WAX_HANGING_WASHBAG-300x300.jpeg","_links":{"self":[{"href":"https:\/\/harristweed-shop.be\/fr\/wp-json\/wp\/v2\/product\/539235","targetHints":{"allow":["GET"]}}],"collection":[{"href":"https:\/\/harristweed-shop.be\/fr\/wp-json\/wp\/v2\/product"}],"about":[{"href":"https:\/\/harristweed-shop.be\/fr\/wp-json\/wp\/v2\/types\/product"}],"wp:featuredmedia":[{"embeddable":true,"href":"https:\/\/harristweed-shop.be\/fr\/wp-json\/wp\/v2\/media\/539237"}],"wp:attachment":[{"href":"https:\/\/harristweed-shop.be\/fr\/wp-json\/wp\/v2\/media?parent=539235"}],"wp:term":[{"taxonomy":"product_brand","embeddable":true,"href":"https:\/\/harristweed-shop.be\/fr\/wp-json\/wp\/v2\/product_brand?post=539235"},{"taxonomy":"product_cat","embeddable":true,"href":"https:\/\/harristweed-shop.be\/fr\/wp-json\/wp\/v2\/product_cat?post=539235"},{"taxonomy":"product_tag","embeddable":true,"href":"https:\/\/harristweed-shop.be\/fr\/wp-json\/wp\/v2\/product_tag?post=539235"}],"curies":[{"name":"wp","href":"https:\/\/api.w.org\/{rel}","templated":true}]}}