{"id":539069,"date":"2025-07-29T08:42:43","date_gmt":"2025-07-29T08:42:43","guid":{"rendered":"https:\/\/harristweed-shop.be\/product\/wellington-harris-tweed-dames-vestje-602-2\/"},"modified":"2026-03-10T16:27:07","modified_gmt":"2026-03-10T16:27:07","slug":"wellington-harris-tweed-dames-vestje-602-2","status":"publish","type":"product","link":"https:\/\/harristweed-shop.be\/fr\/produit\/gilet-femme-en-tweed-harris-wellington-602-2\/","title":{"rendered":"Gilet Lea pour femme en tweed Harris, coloris bleu clair."},"content":{"rendered":"<p>Gilet femme \u00ab\u00a0Lea\u00a0\u00bb \u2013 Authentique chic britannique, en pure laine vierge 100%<\/p>\n<p>Le gilet f\u00e9minin \u00ab\u00a0Lea\u00a0\u00bb en Harris Tweed allie avec \u00e9l\u00e9gance tradition et innovation. La fine laine vierge, tiss\u00e9e \u00e0 la main dans les H\u00e9brides ext\u00e9rieures en \u00c9cosse, est bien plus qu&#039;un simple tissu\u00a0: elle repr\u00e9sente plus de 100\u00a0ans de tradition, une qualit\u00e9 in\u00e9gal\u00e9e, une production exceptionnellement durable et une expression de l&#039;histoire culturelle britannique. Respirant et thermor\u00e9gulateur, le Harris Tweed est le compagnon id\u00e9al en toute saison.<\/p>\n<p>Dot\u00e9 de coutures princesse, d&#039;un col en V profond, de trois poches passepoil\u00e9es, d&#039;une poche int\u00e9rieure et d&#039;un empi\u00e8cement ext\u00e9rieur en tissu au dos, ce cardigan impressionne \u00e9galement par sa fonctionnalit\u00e9. Quatre \u00e9l\u00e9gants boutons effet corne compl\u00e8tent son design.<\/p>\n<p>Port\u00e9 sur un chemisier ou un pull, le cardigan \u00ab Lea \u00bb est polyvalent, ajoute une touche d&#039;\u00e9l\u00e9gance britannique \u00e0 n&#039;importe quelle tenue et est une expression de style et d&#039;individualit\u00e9.<\/p>\n<p>\u2013 Trois poches passepoil\u00e9es \u00e9troites<br \/>\u2013 Une poche int\u00e9rieure<br \/>- Enti\u00e8rement doubl\u00e9<br \/>\u2013 Harris Tweed \u2013 tiss\u00e9 \u00e0 la main en \u00c9cosse<br \/>- L\u00e9g\u00e8rement ajust\u00e9<br \/>\u2013 \u00c9tiquette nominative<br \/>\u2013 Devant et dos enti\u00e8rement en Harris Tweed<\/p>\n<p>Mensurations du mod\u00e8le : Le mannequin mesure 174 cm et porte une taille 36.<br \/>Coupe : L\u00e9g\u00e8rement ajust\u00e9e<br \/>Dimensions de l&#039;article : Pour la taille 36 les mesures sont : longueur du dos : 51,5 cm \u2013 poitrine : 46,6 cm \u2013 taille : 42,3 cm<\/p>\n<p>Tissu ext\u00e9rieur : laine vierge 100%<br \/>Doublure : 55% polyester, 45% viscose<\/p>","protected":false},"excerpt":{"rendered":"<p>Gilet pour femme Harris Tweed Lea en serg\u00e9 bleu clair 606.<\/p>\n<p>Le gilet f\u00e9minin \u00ab\u00a0Lea\u00a0\u00bb en Harris Tweed allie avec \u00e9l\u00e9gance tradition et innovation. Cette laine vierge raffin\u00e9e, tiss\u00e9e \u00e0 la main dans les H\u00e9brides ext\u00e9rieures en \u00c9cosse, est bien plus qu&#039;un simple tissu\u00a0: elle repr\u00e9sente plus de 100\u00a0ans de tradition, une qualit\u00e9 in\u00e9gal\u00e9e, une production exceptionnellement durable et une expression de l&#039;histoire culturelle britannique.<\/p>","protected":false},"featured_media":539080,"template":"","meta":[],"product_brand":[],"product_cat":[594,593,592,353,1137,1161,15,478,88,511],"product_tag":[],"class_list":{"0":"post-539069","1":"product","2":"type-product","3":"status-publish","4":"has-post-thumbnail","6":"product_cat-damen-westen-und-gilets","7":"product_cat-dames-vestjes","8":"product_cat-harris-tweed-blazer-fur-damen","9":"product_cat-harris-tweed-dames-jasjes","10":"product_cat-harris-tweed-vestjes-en-gilets-dames","11":"product_cat-harris-tweed-westen-und-gilets-damen","12":"product_cat-harris-tweed-colberts","13":"product_cat-tweed-sakkos","14":"product_cat-vestjes-en-gilets","15":"product_cat-westen-und-gilets","16":"pa_merk-wellington","18":"first","19":"instock","20":"taxable","21":"shipping-taxable","22":"purchasable","23":"product-type-variable"},"df_price":179.95,"df_sale_price":"","df_regular_price":179.95,"df_image_link":"https:\/\/harristweed-shop.be\/wp-content\/uploads\/2025\/07\/d6e57a775758ff56c6c9e8c1f89ef301_Wellington_Harris_Tweed_Dames_Vestje_602_3-225x300.jpeg","_links":{"self":[{"href":"https:\/\/harristweed-shop.be\/fr\/wp-json\/wp\/v2\/product\/539069","targetHints":{"allow":["GET"]}}],"collection":[{"href":"https:\/\/harristweed-shop.be\/fr\/wp-json\/wp\/v2\/product"}],"about":[{"href":"https:\/\/harristweed-shop.be\/fr\/wp-json\/wp\/v2\/types\/product"}],"wp:featuredmedia":[{"embeddable":true,"href":"https:\/\/harristweed-shop.be\/fr\/wp-json\/wp\/v2\/media\/539080"}],"wp:attachment":[{"href":"https:\/\/harristweed-shop.be\/fr\/wp-json\/wp\/v2\/media?parent=539069"}],"wp:term":[{"taxonomy":"product_brand","embeddable":true,"href":"https:\/\/harristweed-shop.be\/fr\/wp-json\/wp\/v2\/product_brand?post=539069"},{"taxonomy":"product_cat","embeddable":true,"href":"https:\/\/harristweed-shop.be\/fr\/wp-json\/wp\/v2\/product_cat?post=539069"},{"taxonomy":"product_tag","embeddable":true,"href":"https:\/\/harristweed-shop.be\/fr\/wp-json\/wp\/v2\/product_tag?post=539069"}],"curies":[{"name":"wp","href":"https:\/\/api.w.org\/{rel}","templated":true}]}}