{"id":539044,"date":"2025-07-29T08:34:14","date_gmt":"2025-07-29T08:34:14","guid":{"rendered":"https:\/\/harristweed-shop.be\/product\/velours-vestje-met-revers-navy\/"},"modified":"2026-05-05T03:50:44","modified_gmt":"2026-05-05T03:50:44","slug":"velours-vestje-met-revers-navy","status":"publish","type":"product","link":"https:\/\/harristweed-shop.be\/fr\/produit\/gilet-en-velours-bleu-marine-avec-revers\/","title":{"rendered":"Gilet en velours Wales \u00e0 revers bleu marine"},"content":{"rendered":"<p>Ce cardigan en velours \u00e9l\u00e9gant, mod\u00e8le \u201c\u00a0Wales\u00a0\u201d, allie avec brio classicisme et modernit\u00e9. Sa confection soign\u00e9e et son allure raffin\u00e9e en font un mod\u00e8le d&#039;exception. Dot\u00e9 d&#039;un col crant\u00e9, de deux poches \u00e0 rabat, d&#039;une patte de boutonnage passepoil\u00e9e, d&#039;un dos en m\u00eame tissu et d&#039;une bretelle ajustable, ce cardigan en velours de coton 100% se ferme par cinq boutons orn\u00e9s d&#039;un motif de cornes. Classique, intemporel et pourtant r\u00e9solument moderne, ce magnifique cardigan se porte aussi bien avec un blazer, un pantalon et une chemise qu&#039;avec un jean et des baskets pour un style plus d\u00e9contract\u00e9.<\/p>\n<p>\u2013 Revers crant\u00e9s<br \/>-Coupe sur mesure<br \/>\u2013 Devant et dos en velours de coton 100%<br \/>\u2013 Bandouli\u00e8re r\u00e9glable<br \/>\u2013 Deux poches \u00e0 rabat et une poche ticket sur le c\u00f4t\u00e9 droit<\/p>\n<p>Mensurations du mod\u00e8le : Le mannequin mesure 184 cm et porte une taille 50.<br \/>Coupe : Ajust\u00e9e et ajust\u00e9e.<br \/>Mesures du v\u00eatement\u00a0: Pour la taille 50, les mesures sont les suivantes\u00a0: Longueur dos\u00a0: 61\u00a0cm, Demi-tour de taille\u00a0: 53\u00a0cm, Demi-tour de poitrine\u00a0: 55\u00a0cm<\/p>\n<p>Tissu ext\u00e9rieur : coton 100%<br \/>Doublure : polyester 55%, polyester 45%<\/p>","protected":false},"excerpt":{"rendered":"<p>Gilet en velours Wales \u00e0 revers, bleu marine, taille 11. <\/p>\n<p>Ce gilet en velours \u00e9l\u00e9gant, \u201c Wales \u201d, allie style classique et moderne et impressionne par sa qualit\u00e9 de fabrication sup\u00e9rieure et son allure raffin\u00e9e.<\/p>","protected":false},"featured_media":539056,"template":"","meta":[],"product_brand":[],"product_cat":[510,1078,1079,512,88,511],"product_tag":[],"class_list":{"0":"post-539044","1":"product","2":"type-product","3":"status-publish","4":"has-post-thumbnail","6":"product_cat-heren-vestjes","7":"product_cat-heren-vestjes-harris-tweed","8":"product_cat-heren-vestjes-rib-en-velours","9":"product_cat-herren-westen-und-gilets","10":"product_cat-vestjes-en-gilets","11":"product_cat-westen-und-gilets","12":"pa_merk-wellington","14":"first","15":"instock","16":"taxable","17":"shipping-taxable","18":"purchasable","19":"product-type-variable"},"df_price":149.95,"df_sale_price":"","df_regular_price":149.95,"df_image_link":"https:\/\/harristweed-shop.be\/wp-content\/uploads\/2025\/07\/a807ed86e60e58752dcafe1b145e0320_Velours_Vestje_met_revers_Navy-225x300.jpeg","_links":{"self":[{"href":"https:\/\/harristweed-shop.be\/fr\/wp-json\/wp\/v2\/product\/539044","targetHints":{"allow":["GET"]}}],"collection":[{"href":"https:\/\/harristweed-shop.be\/fr\/wp-json\/wp\/v2\/product"}],"about":[{"href":"https:\/\/harristweed-shop.be\/fr\/wp-json\/wp\/v2\/types\/product"}],"wp:featuredmedia":[{"embeddable":true,"href":"https:\/\/harristweed-shop.be\/fr\/wp-json\/wp\/v2\/media\/539056"}],"wp:attachment":[{"href":"https:\/\/harristweed-shop.be\/fr\/wp-json\/wp\/v2\/media?parent=539044"}],"wp:term":[{"taxonomy":"product_brand","embeddable":true,"href":"https:\/\/harristweed-shop.be\/fr\/wp-json\/wp\/v2\/product_brand?post=539044"},{"taxonomy":"product_cat","embeddable":true,"href":"https:\/\/harristweed-shop.be\/fr\/wp-json\/wp\/v2\/product_cat?post=539044"},{"taxonomy":"product_tag","embeddable":true,"href":"https:\/\/harristweed-shop.be\/fr\/wp-json\/wp\/v2\/product_tag?post=539044"}],"curies":[{"name":"wp","href":"https:\/\/api.w.org\/{rel}","templated":true}]}}