{"id":539028,"date":"2025-07-29T08:33:13","date_gmt":"2025-07-29T08:33:13","guid":{"rendered":"https:\/\/harristweed-shop.be\/product\/harris-tweed-vestje-evergreen-670\/"},"modified":"2026-05-05T03:52:31","modified_gmt":"2026-05-05T03:52:31","slug":"harris-tweed-vestje-evergreen-670","status":"publish","type":"product","link":"https:\/\/harristweed-shop.be\/fr\/produit\/gilet-en-tweed-harris-evergreen-670\/","title":{"rendered":"Gilet en tweed Harris sans revers, couleur vert sapin"},"content":{"rendered":"<p>Gilet pour homme \u201c Tailor \u201d \u2013 Une tradition \u00e9l\u00e9gante perfectionn\u00e9e<\/p>\n<p>Confectionn\u00e9 en v\u00e9ritable Harris Tweed 100%, tiss\u00e9 \u00e0 la main dans les H\u00e9brides ext\u00e9rieures \u00e9cossaises, le gilet Tailor offre un savoir-faire in\u00e9gal\u00e9 et un confort exceptionnel.<\/p>\n<p>Ce gilet ajust\u00e9 et cintr\u00e9 est un mod\u00e8le classique \u00e0 cinq boutons, dot\u00e9 de deux poches passepoil\u00e9es, d&#039;une poche int\u00e9rieure pratique et d&#039;un \u00e9l\u00e9gant dos en taffetas. La patte de r\u00e9glage au dos permet un ajustement personnalis\u00e9 et garantit une allure impeccable en toute occasion.<\/p>\n<p>Con\u00e7ue \u00e0 l&#039;origine comme un compl\u00e9ment \u00e9l\u00e9gant \u00e0 un blazer, la veste \u201c\u00a0Tailor\u00a0\u201d brille d\u00e9sormais seule\u00a0: port\u00e9e sur une chemise ou un col roul\u00e9 avec un jean, elle apporte une touche \u00e0 la fois raffin\u00e9e et d\u00e9contract\u00e9e \u00e0 toutes les tenues. Une pi\u00e8ce embl\u00e9matique pour les hommes qui appr\u00e9cient le style, la qualit\u00e9 et l&#039;h\u00e9ritage.<\/p>\n<p>\u2013 une poche int\u00e9rieure<br \/>\u2013 Harris Tweed \u2013 tiss\u00e9 \u00e0 la main en \u00c9cosse<br \/>- L\u00e9g\u00e8rement ajust\u00e9<br \/>\u2013 Dos en taffetas<br \/>\u2013 Sangle r\u00e9glable \u00e0 l\u2019arri\u00e8re<br \/>\u2013 Deux poches passepoil\u00e9es<\/p>\n<p>Mensurations du mod\u00e8le : Le mannequin mesure 184 cm et porte une taille 50.<br \/>Coupe : Un gilet ajust\u00e9 \u00e0 la coupe moderne, qui peut \u00eatre personnalis\u00e9 gr\u00e2ce \u00e0 la sangle r\u00e9glable au dos.<br \/>Mesures du produit\u00a0: Pour la taille 50, les mesures sont les suivantes\u00a0: longueur dos\u00a0: 61\u00a0cm \u2013 demi-largeur taille\u00a0: 53\u00a0cm \u2013 demi-largeur poitrine\u00a0: 55\u00a0cm<\/p>\n<p>Tissu ext\u00e9rieur : laine vierge 100%<br \/>Doublure : + Dos : 55% polyester, 45% viscose<\/p>","protected":false},"excerpt":{"rendered":"<p>Gilet en tweed Harris, coupe tailleur sans revers, couleur vert sapin 670. <\/p>\n<p>Confectionn\u00e9 en v\u00e9ritable Harris Tweed 100%, tiss\u00e9 \u00e0 la main dans les H\u00e9brides ext\u00e9rieures \u00e9cossaises, le gilet Tailor offre un savoir-faire in\u00e9gal\u00e9 et un confort exceptionnel.<\/p>","protected":false},"featured_media":539040,"template":"","meta":[],"product_brand":[],"product_cat":[1088,1156,510,1078,512,88,511],"product_tag":[],"class_list":{"0":"post-539028","1":"product","2":"type-product","3":"status-publish","4":"has-post-thumbnail","6":"product_cat-harris-tweed-vestjes-en-gilets-heren","7":"product_cat-harris-tweed-westen-und-gilets-herren","8":"product_cat-heren-vestjes","9":"product_cat-heren-vestjes-harris-tweed","10":"product_cat-herren-westen-und-gilets","11":"product_cat-vestjes-en-gilets","12":"product_cat-westen-und-gilets","13":"pa_merk-harristweed","15":"first","16":"instock","17":"taxable","18":"shipping-taxable","19":"purchasable","20":"product-type-variable"},"df_price":149.95,"df_sale_price":"","df_regular_price":149.95,"df_image_link":"https:\/\/harristweed-shop.be\/wp-content\/uploads\/2025\/07\/0c60dde83956aee20efa50f2f52b0e71_Harris_Tweed_Vestje_Evergreen_670-225x300.jpeg","_links":{"self":[{"href":"https:\/\/harristweed-shop.be\/fr\/wp-json\/wp\/v2\/product\/539028","targetHints":{"allow":["GET"]}}],"collection":[{"href":"https:\/\/harristweed-shop.be\/fr\/wp-json\/wp\/v2\/product"}],"about":[{"href":"https:\/\/harristweed-shop.be\/fr\/wp-json\/wp\/v2\/types\/product"}],"wp:featuredmedia":[{"embeddable":true,"href":"https:\/\/harristweed-shop.be\/fr\/wp-json\/wp\/v2\/media\/539040"}],"wp:attachment":[{"href":"https:\/\/harristweed-shop.be\/fr\/wp-json\/wp\/v2\/media?parent=539028"}],"wp:term":[{"taxonomy":"product_brand","embeddable":true,"href":"https:\/\/harristweed-shop.be\/fr\/wp-json\/wp\/v2\/product_brand?post=539028"},{"taxonomy":"product_cat","embeddable":true,"href":"https:\/\/harristweed-shop.be\/fr\/wp-json\/wp\/v2\/product_cat?post=539028"},{"taxonomy":"product_tag","embeddable":true,"href":"https:\/\/harristweed-shop.be\/fr\/wp-json\/wp\/v2\/product_tag?post=539028"}],"curies":[{"name":"wp","href":"https:\/\/api.w.org\/{rel}","templated":true}]}}