{"id":538965,"date":"2025-07-07T08:57:38","date_gmt":"2025-07-07T08:57:38","guid":{"rendered":"https:\/\/harristweed-shop.be\/product\/viyella-knitted-pique-sky-blue-shirt\/"},"modified":"2026-05-05T03:52:31","modified_gmt":"2026-05-05T03:52:31","slug":"viyella-knitted-pique-sky-blue-shirt","status":"publish","type":"product","link":"https:\/\/harristweed-shop.be\/fr\/produit\/chemise-en-maille-piquee-bleu-ciel-viyella\/","title":{"rendered":"Chemise en maille piqu\u00e9e Viyella bleu ciel"},"content":{"rendered":"<p>D\u00e9couvrez l&#039;alliance parfaite du confort et du style avec la chemise en maille piqu\u00e9e Viyella bleu ciel. Forte d&#039;une tradition de qualit\u00e9, Viyella a vu le jour dans le Nottinghamshire avec des tissus tricot\u00e9s, d&#039;abord pour la bonneterie, puis pour les chemises tricot\u00e9es. Aujourd&#039;hui, nous vous proposons des versions modernes de nos plus belles chemises en maille piqu\u00e9e, offrant une texture nid d&#039;abeille raffin\u00e9e et une \u00e9lasticit\u00e9 naturelle pour un confort optimal.<\/p>\n<p>Confectionn\u00e9e en coton de haute qualit\u00e9, cette chemise pr\u00e9sente une texture piqu\u00e9e unique qui offre respirabilit\u00e9 et brillance subtile. Sa teinte bleu ciel apporte une touche de fra\u00eecheur \u00e0 votre garde-robe, la rendant polyvalente pour les occasions d\u00e9contract\u00e9es comme formelles.<\/p>\n<p>Que ce soit pour vous habiller pour un \u00e9v\u00e9nement d\u00e9contract\u00e9 et \u00e9l\u00e9gant ou pour ajouter une touche d&#039;\u00e9l\u00e9gance \u00e0 votre tenue de tous les jours, la chemise en piqu\u00e9 tricot\u00e9 Viyella bleu ciel allie h\u00e9ritage et raffinement moderne pour la garde-robe exigeante.<\/p>\n<p>Coupe ajust\u00e9e pour un style plus \u00e9pur\u00e9<br \/>\nfront fran\u00e7ais<br \/>\nPas de poche<br \/>\nNouveau col semi-cutaway<br \/>\nEntoilage plus doux sur les cols et les poignets<br \/>\nPeut \u00eatre habill\u00e9 vers le haut ou vers le bas pour un look plus d\u00e9contract\u00e9<\/p>","protected":false},"excerpt":{"rendered":"<p>D\u00e9couvrez l&#039;alliance parfaite du confort et du style avec la chemise en maille piqu\u00e9e Viyella bleu ciel. Forte d&#039;une tradition de qualit\u00e9, Viyella a vu le jour dans le Nottinghamshire avec des tissus tricot\u00e9s, d&#039;abord pour la bonneterie, puis pour les chemises tricot\u00e9es. Aujourd&#039;hui, nous vous proposons des versions modernes de nos plus belles chemises en maille piqu\u00e9e, offrant une texture nid d&#039;abeille raffin\u00e9e et une \u00e9lasticit\u00e9 naturelle pour un confort optimal.<\/p>\n<p>Confectionn\u00e9e en coton de haute qualit\u00e9, cette chemise pr\u00e9sente une texture piqu\u00e9e unique qui offre respirabilit\u00e9 et brillance subtile. Sa teinte bleu ciel apporte une touche de fra\u00eecheur \u00e0 votre garde-robe, la rendant polyvalente pour les occasions d\u00e9contract\u00e9es comme formelles.<\/p>\n<p>Que ce soit pour vous habiller pour un \u00e9v\u00e9nement d\u00e9contract\u00e9 et \u00e9l\u00e9gant ou pour ajouter une touche d&#039;\u00e9l\u00e9gance \u00e0 votre tenue de tous les jours, la chemise en piqu\u00e9 tricot\u00e9 Viyella bleu ciel allie h\u00e9ritage et raffinement moderne pour la garde-robe exigeante.<\/p>","protected":false},"featured_media":538971,"template":"","meta":[],"product_brand":[],"product_cat":[507,505,86,506,1025],"product_tag":[],"class_list":{"0":"post-538965","1":"product","2":"type-product","3":"status-publish","4":"has-post-thumbnail","6":"product_cat-dress-hemden","7":"product_cat-dress-shirts","8":"product_cat-shirts-en-overhemden","9":"product_cat-shirts-und-hemden","10":"product_cat-viyella","11":"pa_merk-viyella","13":"first","14":"instock","15":"taxable","16":"shipping-taxable","17":"purchasable","18":"product-type-variable"},"df_price":89.95,"df_sale_price":"","df_regular_price":89.95,"df_image_link":"https:\/\/harristweed-shop.be\/wp-content\/uploads\/2025\/07\/514e2ef73bb14e2995b40e58af4bbc91_Viyella_Knitted_Piqu__Sky_Blue_Shirt-225x300.jpeg","_links":{"self":[{"href":"https:\/\/harristweed-shop.be\/fr\/wp-json\/wp\/v2\/product\/538965","targetHints":{"allow":["GET"]}}],"collection":[{"href":"https:\/\/harristweed-shop.be\/fr\/wp-json\/wp\/v2\/product"}],"about":[{"href":"https:\/\/harristweed-shop.be\/fr\/wp-json\/wp\/v2\/types\/product"}],"wp:featuredmedia":[{"embeddable":true,"href":"https:\/\/harristweed-shop.be\/fr\/wp-json\/wp\/v2\/media\/538971"}],"wp:attachment":[{"href":"https:\/\/harristweed-shop.be\/fr\/wp-json\/wp\/v2\/media?parent=538965"}],"wp:term":[{"taxonomy":"product_brand","embeddable":true,"href":"https:\/\/harristweed-shop.be\/fr\/wp-json\/wp\/v2\/product_brand?post=538965"},{"taxonomy":"product_cat","embeddable":true,"href":"https:\/\/harristweed-shop.be\/fr\/wp-json\/wp\/v2\/product_cat?post=538965"},{"taxonomy":"product_tag","embeddable":true,"href":"https:\/\/harristweed-shop.be\/fr\/wp-json\/wp\/v2\/product_tag?post=538965"}],"curies":[{"name":"wp","href":"https:\/\/api.w.org\/{rel}","templated":true}]}}