{"id":538754,"date":"2025-06-26T09:52:28","date_gmt":"2025-06-26T09:52:28","guid":{"rendered":"https:\/\/harristweed-shop.be\/product\/wellington-katoenen-broek-beige\/"},"modified":"2026-05-12T10:37:06","modified_gmt":"2026-05-12T10:37:06","slug":"wellington-katoenen-broek-beige","status":"publish","type":"product","link":"https:\/\/harristweed-shop.be\/fr\/produit\/pantalon-en-coton-wellington-beige\/","title":{"rendered":"Pantalon chino d&#039;hiver \u201d\u00a0Mr. Jones\u00a0\u201d beige"},"content":{"rendered":"<p>Le chino classique pour homme \u201c\u00a0Mr. Jones\u00a0\u201d, \u00e0 jambes droites, poches fran\u00e7aises et poches passepoil\u00e9es boutonn\u00e9es \u00e0 l\u2019arri\u00e8re, est confectionn\u00e9 en serg\u00e9 fin de haute qualit\u00e9. Le coton Pima du P\u00e9rou, gr\u00e2ce \u00e0 des conditions de culture id\u00e9ales et \u00e0 ses fibres exceptionnellement longues, est le meilleur coton au monde. <\/p>\n<p>Sa douceur exceptionnelle, son \u00e9clat subtil et sa grande r\u00e9sistance en font un v\u00eatement tr\u00e8s recherch\u00e9. Ce pantalon l\u00e9ger et confortable offre une coupe impeccable. Une touche d&#039;\u00e9lasticit\u00e9 lui permet de conserver sa forme, d&#039;\u00e9viter les plis et de rester confortable.<\/p>\n<p>\u2013 Boucle de s\u00e9curit\u00e9 triple \u00e0 la ceinture<br \/>\u2013 Lavable en machine<br \/>\u2013 Poches lat\u00e9rales<br \/>\u2013 Pr\u00e9lav\u00e9<br \/>\u2013 Deux poches passepoil\u00e9es \u00e0 fermeture boutonn\u00e9e au dos<\/p>\n<p>Mensurations du mannequin\u00a0: Le mannequin mesure 189\u00a0cm et porte une taille\u00a050.<br \/>Coupe : Coupe r\u00e9guli\u00e8re<br \/>Dimensions du produit\u00a0: Pour la taille 50, les dimensions sont les suivantes\u00a0: Tour de taille\u00a0: 90\u00a0cm \u2013 Longueur d\u2019entrejambe\u00a0: 83\u00a0cm \u2013 Ouverture de jambe\u00a0: 38\u00a0cm \u2013 Hauteur d\u2019entrejambe\u00a0: Standard<\/p>\n<p>Tissu ext\u00e9rieur : 991 % coton TP3T, 11 % \u00e9lasthanne TP3T<\/p>","protected":false},"excerpt":{"rendered":"<p>Winter Chino &#8221;Mr. Jones&#8221; In Beige 29.<\/p>\n<p>Le pantalon chino classique pour homme \u00ab Mr. Jones \u00bb avec jambes droites, poches fendues fran\u00e7aises et poches passepoil\u00e9es boutonn\u00e9es \u00e0 l&#039;arri\u00e8re est fabriqu\u00e9 en serg\u00e9 fin de haute qualit\u00e9.<\/p>","protected":false},"featured_media":546743,"template":"","meta":[],"product_brand":[],"product_cat":[513,607,608,602],"product_tag":[],"class_list":{"0":"post-538754","1":"product","2":"type-product","3":"status-publish","4":"has-post-thumbnail","6":"product_cat-broeken","7":"product_cat-chinos-broeken","8":"product_cat-chinos-hosen","9":"product_cat-hosen","11":"first","12":"instock","13":"taxable","14":"shipping-taxable","15":"purchasable","16":"product-type-variable"},"df_price":99.95,"df_sale_price":"","df_regular_price":99.95,"df_image_link":"https:\/\/harristweed-shop.be\/wp-content\/uploads\/2025\/06\/631fed56661615d605fd97bc2246beda_Winter_Chino___Mr__Jones___In_Beige-225x300.jpeg","_links":{"self":[{"href":"https:\/\/harristweed-shop.be\/fr\/wp-json\/wp\/v2\/product\/538754","targetHints":{"allow":["GET"]}}],"collection":[{"href":"https:\/\/harristweed-shop.be\/fr\/wp-json\/wp\/v2\/product"}],"about":[{"href":"https:\/\/harristweed-shop.be\/fr\/wp-json\/wp\/v2\/types\/product"}],"wp:featuredmedia":[{"embeddable":true,"href":"https:\/\/harristweed-shop.be\/fr\/wp-json\/wp\/v2\/media\/546743"}],"wp:attachment":[{"href":"https:\/\/harristweed-shop.be\/fr\/wp-json\/wp\/v2\/media?parent=538754"}],"wp:term":[{"taxonomy":"product_brand","embeddable":true,"href":"https:\/\/harristweed-shop.be\/fr\/wp-json\/wp\/v2\/product_brand?post=538754"},{"taxonomy":"product_cat","embeddable":true,"href":"https:\/\/harristweed-shop.be\/fr\/wp-json\/wp\/v2\/product_cat?post=538754"},{"taxonomy":"product_tag","embeddable":true,"href":"https:\/\/harristweed-shop.be\/fr\/wp-json\/wp\/v2\/product_tag?post=538754"}],"curies":[{"name":"wp","href":"https:\/\/api.w.org\/{rel}","templated":true}]}}