{"id":538586,"date":"2025-06-21T08:33:19","date_gmt":"2025-06-21T08:33:19","guid":{"rendered":"https:\/\/harristweed-shop.be\/product\/overhemd-signature-ruit-shirt\/"},"modified":"2026-05-05T03:53:07","modified_gmt":"2026-05-05T03:53:07","slug":"overhemd-signature-ruit-shirt","status":"publish","type":"product","link":"https:\/\/harristweed-shop.be\/fr\/produit\/chemise-a-carreaux-signature\/","title":{"rendered":"Chemise \u00e0 carreaux Olymp Shirt Signature"},"content":{"rendered":"<p>Superbe chemise coupe ajust\u00e9e OLYMP SIGNATURE, coloris naturel \u00e0 carreaux. Le col Kent est confectionn\u00e9 dans un fin serg\u00e9 90% Baumwolle \/ 10% Kashmir.<\/p>\n<p>OLYMP SIGNATURE sont les chemises haut de gamme de la maison OLYMP, combinant une finition parfaite et des mat\u00e9riaux de base de la plus haute qualit\u00e9 dans une seule collection de chemises.<\/p>\n<p>La longueur des bras de cette chemise OLYMP SIGNATURE Tailored Fit est \u00e0 manches longues.<\/p>\n<p>Bien entendu, cette chemise OLYMP SIGNATURE est \u00e9galement certifi\u00e9e selon les exigences strictes de l&#039;Oeko-Tex Standard 100.<\/p>\n<p> Feu:<br \/>\nSIGNATURE OLYMPIQUE<br \/>\n Couper :<br \/>\nL\u00e9g\u00e8rement cintr\u00e9e<br \/>\n Tissu:<br \/>\nSerg\u00e9<br \/>\n Longueur des manches:<br \/>\nManches longues<br \/>\n Longueur des manches cm :<br \/>\n64 cm<br \/>\n Art du collier :<br \/>\nKent<br \/>\n Mat\u00e9riel:<br \/>\n90% Baumwolle \/ 10% Cachemire<br \/>\n Informations d&#039;entretien :<br \/>\nentretien facile<\/p>","protected":false},"excerpt":{"rendered":"<p>Une superbe chemise OLYMP SIGNATURE Tailored Fit, dans la couleur nature \u2013 Carreaux. <\/p>","protected":false},"featured_media":538599,"template":"","meta":[],"product_brand":[],"product_cat":[507,505,86,506],"product_tag":[],"class_list":{"0":"post-538586","1":"product","2":"type-product","3":"status-publish","4":"has-post-thumbnail","6":"product_cat-dress-hemden","7":"product_cat-dress-shirts","8":"product_cat-shirts-en-overhemden","9":"product_cat-shirts-und-hemden","10":"pa_merk-olymp-signature","12":"first","13":"instock","14":"taxable","15":"shipping-taxable","16":"purchasable","17":"product-type-variable"},"df_price":169.95,"df_sale_price":"","df_regular_price":169.95,"df_image_link":"https:\/\/harristweed-shop.be\/wp-content\/uploads\/2025\/06\/8b50451fc826b20ee1cb2bedd7372abf_Overhemd_Signature_13-225x300.jpeg","_links":{"self":[{"href":"https:\/\/harristweed-shop.be\/fr\/wp-json\/wp\/v2\/product\/538586","targetHints":{"allow":["GET"]}}],"collection":[{"href":"https:\/\/harristweed-shop.be\/fr\/wp-json\/wp\/v2\/product"}],"about":[{"href":"https:\/\/harristweed-shop.be\/fr\/wp-json\/wp\/v2\/types\/product"}],"wp:featuredmedia":[{"embeddable":true,"href":"https:\/\/harristweed-shop.be\/fr\/wp-json\/wp\/v2\/media\/538599"}],"wp:attachment":[{"href":"https:\/\/harristweed-shop.be\/fr\/wp-json\/wp\/v2\/media?parent=538586"}],"wp:term":[{"taxonomy":"product_brand","embeddable":true,"href":"https:\/\/harristweed-shop.be\/fr\/wp-json\/wp\/v2\/product_brand?post=538586"},{"taxonomy":"product_cat","embeddable":true,"href":"https:\/\/harristweed-shop.be\/fr\/wp-json\/wp\/v2\/product_cat?post=538586"},{"taxonomy":"product_tag","embeddable":true,"href":"https:\/\/harristweed-shop.be\/fr\/wp-json\/wp\/v2\/product_tag?post=538586"}],"curies":[{"name":"wp","href":"https:\/\/api.w.org\/{rel}","templated":true}]}}