{"id":538429,"date":"2025-06-19T11:33:32","date_gmt":"2025-06-19T11:33:32","guid":{"rendered":"https:\/\/harristweed-shop.be\/product\/zomer-jasje-zijde-wellington-sand-2\/"},"modified":"2026-04-11T12:05:47","modified_gmt":"2026-04-11T12:05:47","slug":"zomer-jasje-zijde-wellington-sand-2","status":"publish","type":"product","link":"https:\/\/harristweed-shop.be\/fr\/produit\/veste-dete-en-soie-wellington-sable-2\/","title":{"rendered":"Veste en velours \u201c\u00a0London\u00a0\u201d couleur olive"},"content":{"rendered":"<p>Ce blazer en velours \u00e9l\u00e9gant \u201c\u00a0London\u00a0\u201d allie style classique et modernit\u00e9 et impressionne par sa confection irr\u00e9prochable. Il est dot\u00e9 d&#039;une fermeture classique \u00e0 deux boutons, de deux poches \u00e0 rabat, d&#039;une poche ticket, d&#039;une poche poitrine et de quatre poches int\u00e9rieures pratiques. <\/p>\n<p>La doublure haut de gamme en viscose douce assure un confort optimal. Gr\u00e2ce \u00e0 ses finitions impeccables et ses deux longues fentes au dos, le blazer offre une coupe parfaite qui souligne une silhouette sportive et \u00e9lanc\u00e9e tout en garantissant une libert\u00e9 de mouvement optimale. <\/p>\n<p>Des d\u00e9tails raffin\u00e9s, comme le col doubl\u00e9 de feutre de laine et les \u00e9l\u00e9gants boutons effet corne, conf\u00e8rent \u00e0 ce blazer son raffinement signature. Port\u00e9 de fa\u00e7on formelle avec un cardigan et un pantalon ou de fa\u00e7on d\u00e9contract\u00e9e avec un jean et des baskets, ce blazer en velours apporte une touche d&#039;\u00e9l\u00e9gance \u00e0 toutes vos tenues et souligne votre personnalit\u00e9 avec un charme intemporel.<\/p>\n<p>Un indispensable pour les hommes !<\/p>\n<p>\u2013 Velours de coton 100%<br \/>\u2013 Une poche poitrine<br \/>\u2013 Coupe moderne<br \/>\u2013 \u00c9tiquette nominative<br \/>\u2013 Quatre poches int\u00e9rieures<br \/>\u2013 Deux poches \u00e0 rabat et une poche ticket sur le c\u00f4t\u00e9 droit<br \/>\u2013 Deux fentes au dos<\/p>\n<p>Mensurations du mod\u00e8le : Le mannequin mesure 184 cm et porte une taille 50.<br \/>Coupe : La veste a une coupe moderne et une coupe sportive et \u00e9l\u00e9gante.<br \/>Dimensions du produit\u00a0: Pour la taille 50, les mesures sont les suivantes\u00a0: \u2013 Longueur dos\u00a0: 74\u00a0cm \u2013 Longueur des manches depuis la capuche\u00a0: 64\u00a0cm \u2013 Demi-largeur taille\u00a0: 51\u00a0cm<\/p>\n<p>Tissu ext\u00e9rieur : coton 100%<br \/>Doublure : 55% polyester, 45% viscose<br \/>Doublure des manches : viscose 100%<\/p>","protected":false},"excerpt":{"rendered":"<p>Veste en velours \u201c London \u201d couleur olive 30.<\/p>\n<p>Des d\u00e9tails raffin\u00e9s, tels que le col doubl\u00e9 de feutre de laine et les \u00e9l\u00e9gants boutons effet corne, conf\u00e8rent au blazer son raffinement caract\u00e9ristique.<\/p>","protected":false},"featured_media":538438,"template":"","meta":[],"product_brand":[],"product_cat":[1182,1099,1090,1097,393,479,1080,1098,15,478],"product_tag":[],"class_list":{"0":"post-538429","1":"product","2":"type-product","3":"status-publish","4":"has-post-thumbnail","6":"product_cat-colbert-casual-colberts-en-jasjes","7":"product_cat-colbert-katoen-colberts-en-jasjes","8":"product_cat-colberts-en-jasjes","9":"product_cat-cord-sakkos-fur-herren","10":"product_cat-harris-tweed-heren-jasjes","11":"product_cat-harris-tweed-sakkos-fur-herren","12":"product_cat-rib-corduroy-heren-jasjes","13":"product_cat-rib-en-corduroy-jasjes-heren","14":"product_cat-harris-tweed-colberts","15":"product_cat-tweed-sakkos","16":"pa_merk-wellington","18":"first","19":"instock","20":"taxable","21":"shipping-taxable","22":"purchasable","23":"product-type-variable"},"df_price":329.95,"df_sale_price":"","df_regular_price":329.95,"df_image_link":"https:\/\/harristweed-shop.be\/wp-content\/uploads\/2025\/06\/cc932961c74b5deb44146434fa16253f_Velours_Colbert_Wellington_Olive-225x300.jpeg","_links":{"self":[{"href":"https:\/\/harristweed-shop.be\/fr\/wp-json\/wp\/v2\/product\/538429","targetHints":{"allow":["GET"]}}],"collection":[{"href":"https:\/\/harristweed-shop.be\/fr\/wp-json\/wp\/v2\/product"}],"about":[{"href":"https:\/\/harristweed-shop.be\/fr\/wp-json\/wp\/v2\/types\/product"}],"wp:featuredmedia":[{"embeddable":true,"href":"https:\/\/harristweed-shop.be\/fr\/wp-json\/wp\/v2\/media\/538438"}],"wp:attachment":[{"href":"https:\/\/harristweed-shop.be\/fr\/wp-json\/wp\/v2\/media?parent=538429"}],"wp:term":[{"taxonomy":"product_brand","embeddable":true,"href":"https:\/\/harristweed-shop.be\/fr\/wp-json\/wp\/v2\/product_brand?post=538429"},{"taxonomy":"product_cat","embeddable":true,"href":"https:\/\/harristweed-shop.be\/fr\/wp-json\/wp\/v2\/product_cat?post=538429"},{"taxonomy":"product_tag","embeddable":true,"href":"https:\/\/harristweed-shop.be\/fr\/wp-json\/wp\/v2\/product_tag?post=538429"}],"curies":[{"name":"wp","href":"https:\/\/api.w.org\/{rel}","templated":true}]}}