{"id":538378,"date":"2025-05-11T20:37:17","date_gmt":"2025-05-11T20:37:17","guid":{"rendered":"https:\/\/harristweed-shop.be\/product\/rugby-league-1972-world-cup-retro-polo\/"},"modified":"2026-04-07T19:56:19","modified_gmt":"2026-04-07T19:56:19","slug":"rugby-league-1972-world-cup-retro-polo","status":"publish","type":"product","link":"https:\/\/harristweed-shop.be\/fr\/produit\/polo-retro-de-la-coupe-du-monde-de-rugby-a-xiii-1972\/","title":{"rendered":"Polo r\u00e9tro de la Coupe du monde de rugby \u00e0 XIII 1972"},"content":{"rendered":"<p>Polo r\u00e9tro de la Coupe du monde de rugby 1972. Inspir\u00e9 de l&#039;\u00e9quipe championne Clive Sullivan.<\/p>\n<p>En 1972, Clive Sullivan fut nomm\u00e9 capitaine de l&#039;\u00e9quipe de Grande-Bretagne de rugby \u00e0 XIII. L&#039;\u00e9quipe joua deux tests contre la France. Plus tard dans la m\u00eame ann\u00e9e, la Coupe du monde se d\u00e9roula en France. Il conserva son capitanat et mena la Grande-Bretagne au titre mondial. Il marqua \u00e9galement un essai lors de chacun des quatre matchs de la Grande-Bretagne, ainsi qu&#039;un essai en finale contre l&#039;Australie lors de la finale de la Coupe du monde. Un essai m\u00e9morable, o\u00f9 il parcourut tout le terrain pour marquer.<\/p>","protected":false},"excerpt":{"rendered":"<p>Polo r\u00e9tro de la Coupe du monde de rugby 1972. Inspir\u00e9 de l&#039;\u00e9quipe championne Clive Sullivan.<\/p>\n<p>En 1972, Clive Sullivan fut nomm\u00e9 capitaine de l&#039;\u00e9quipe de Grande-Bretagne de rugby \u00e0 XIII. L&#039;\u00e9quipe joua deux tests contre la France. Plus tard dans la m\u00eame ann\u00e9e, la Coupe du monde se d\u00e9roula en France. Il conserva son capitanat et mena la Grande-Bretagne au titre mondial. Il marqua \u00e9galement un essai lors de chacun des quatre matchs de la Grande-Bretagne, ainsi qu&#039;un essai en finale contre l&#039;Australie lors de la finale de la Coupe du monde. Un essai m\u00e9morable, o\u00f9 il parcourut tout le terrain pour marquer.<\/p>","protected":false},"featured_media":538379,"template":"","meta":[],"product_brand":[],"product_cat":[1024,406,1000,394],"product_tag":[],"class_list":{"0":"post-538378","1":"product","2":"type-product","3":"status-publish","4":"has-post-thumbnail","6":"product_cat-ellis-rugby-polos","7":"product_cat-polos","8":"product_cat-poloshirts","9":"product_cat-rugby-shirts-2","10":"pa_merk-ellis-rugby","12":"first","13":"instock","14":"taxable","15":"shipping-taxable","16":"purchasable","17":"product-type-variable"},"df_price":69.95,"df_sale_price":"","df_regular_price":69.95,"df_image_link":"https:\/\/harristweed-shop.be\/wp-content\/uploads\/2025\/05\/c16f58ee426ed0366f03b3c079a5d221_Rugby_League_1972_World_Cup_Retro_Polo-300x300.jpg","_links":{"self":[{"href":"https:\/\/harristweed-shop.be\/fr\/wp-json\/wp\/v2\/product\/538378","targetHints":{"allow":["GET"]}}],"collection":[{"href":"https:\/\/harristweed-shop.be\/fr\/wp-json\/wp\/v2\/product"}],"about":[{"href":"https:\/\/harristweed-shop.be\/fr\/wp-json\/wp\/v2\/types\/product"}],"wp:featuredmedia":[{"embeddable":true,"href":"https:\/\/harristweed-shop.be\/fr\/wp-json\/wp\/v2\/media\/538379"}],"wp:attachment":[{"href":"https:\/\/harristweed-shop.be\/fr\/wp-json\/wp\/v2\/media?parent=538378"}],"wp:term":[{"taxonomy":"product_brand","embeddable":true,"href":"https:\/\/harristweed-shop.be\/fr\/wp-json\/wp\/v2\/product_brand?post=538378"},{"taxonomy":"product_cat","embeddable":true,"href":"https:\/\/harristweed-shop.be\/fr\/wp-json\/wp\/v2\/product_cat?post=538378"},{"taxonomy":"product_tag","embeddable":true,"href":"https:\/\/harristweed-shop.be\/fr\/wp-json\/wp\/v2\/product_tag?post=538378"}],"curies":[{"name":"wp","href":"https:\/\/api.w.org\/{rel}","templated":true}]}}