{"id":538357,"date":"2025-05-08T09:48:12","date_gmt":"2025-05-08T09:48:12","guid":{"rendered":"https:\/\/harristweed-shop.be\/product\/viyella-blue-hairline-stripe-tailored-fit-cotton-formal-shirt\/"},"modified":"2026-04-07T19:56:19","modified_gmt":"2026-04-07T19:56:19","slug":"viyella-blue-hairline-stripe-tailored-fit-cotton-formal-shirt","status":"publish","type":"product","link":"https:\/\/harristweed-shop.be\/fr\/produit\/chemise-habillee-en-coton-a-rayures-bleues-viyella-coupe-ajustee\/","title":{"rendered":"Chemise habill\u00e9e en coton \u00e0 rayures bleues Viyella, coupe ajust\u00e9e"},"content":{"rendered":"<p>Viyella est r\u00e9put\u00e9e pour son innovation en mati\u00e8re de filage de fils ultrafins. Nous utilisons exclusivement les fibres de coton les plus longues et les plus fines, fil\u00e9es en fils ultrafins. Le r\u00e9sultat est un \u00e9clat subtil qui ajoute de l&#039;\u00e9clat. Le tissu est ensuite soumis \u00e0 un processus de finition sp\u00e9cial qui lui conf\u00e8re un toucher soyeux et agr\u00e9able.<\/p>\n<p>La collection de chemises formelles en coton Viyella 100% est confectionn\u00e9e dans une coupe ajust\u00e9e, comporte des pinces dans le dos et est livr\u00e9e sans poche poitrine et avec un devant fran\u00e7ais pour un look plus \u00e9pur\u00e9 et est finie avec un col classique et un poignet plus rond et plus profond avec un bouton, disponible dans les tailles de col de 15&quot; \u00e0 18,5&quot; et est lavable en machine.<\/p>","protected":false},"excerpt":{"rendered":"<p>Viyella est r\u00e9put\u00e9e pour son innovation en mati\u00e8re de filage de fils ultrafins. Nous utilisons exclusivement les fibres de coton les plus longues et les plus fines, fil\u00e9es en fils ultrafins. Le r\u00e9sultat est un \u00e9clat subtil qui ajoute de l&#039;\u00e9clat. Le tissu est ensuite soumis \u00e0 un processus de finition sp\u00e9cial qui lui conf\u00e8re un toucher soyeux et agr\u00e9able.<\/p>\n<p>La collection de chemises formelles en coton Viyella 100% est confectionn\u00e9e dans une coupe ajust\u00e9e, comporte des pinces dans le dos et est livr\u00e9e sans poche poitrine et avec un devant fran\u00e7ais pour un look plus \u00e9pur\u00e9 et est finie avec un col classique et un poignet plus rond et plus profond avec un bouton, disponible dans les tailles de col de 15&quot; \u00e0 18,5&quot; et est lavable en machine.<\/p>","protected":false},"featured_media":538375,"template":"","meta":[],"product_brand":[],"product_cat":[507,505,86,506,1025],"product_tag":[],"class_list":{"0":"post-538357","1":"product","2":"type-product","3":"status-publish","4":"has-post-thumbnail","6":"product_cat-dress-hemden","7":"product_cat-dress-shirts","8":"product_cat-shirts-en-overhemden","9":"product_cat-shirts-und-hemden","10":"product_cat-viyella","11":"pa_merk-viyella","13":"first","14":"instock","15":"taxable","16":"shipping-taxable","17":"purchasable","18":"product-type-variable"},"df_price":89.95,"df_sale_price":"","df_regular_price":89.95,"df_image_link":"https:\/\/harristweed-shop.be\/wp-content\/uploads\/2025\/05\/6c073db1fcbdc4c088ab1d600047f1ad_Viyella_Blue_Hairline_Stripe_Tailored_Fit_Cotton_Formal_Shirt-225x300.jpeg","_links":{"self":[{"href":"https:\/\/harristweed-shop.be\/fr\/wp-json\/wp\/v2\/product\/538357","targetHints":{"allow":["GET"]}}],"collection":[{"href":"https:\/\/harristweed-shop.be\/fr\/wp-json\/wp\/v2\/product"}],"about":[{"href":"https:\/\/harristweed-shop.be\/fr\/wp-json\/wp\/v2\/types\/product"}],"wp:featuredmedia":[{"embeddable":true,"href":"https:\/\/harristweed-shop.be\/fr\/wp-json\/wp\/v2\/media\/538375"}],"wp:attachment":[{"href":"https:\/\/harristweed-shop.be\/fr\/wp-json\/wp\/v2\/media?parent=538357"}],"wp:term":[{"taxonomy":"product_brand","embeddable":true,"href":"https:\/\/harristweed-shop.be\/fr\/wp-json\/wp\/v2\/product_brand?post=538357"},{"taxonomy":"product_cat","embeddable":true,"href":"https:\/\/harristweed-shop.be\/fr\/wp-json\/wp\/v2\/product_cat?post=538357"},{"taxonomy":"product_tag","embeddable":true,"href":"https:\/\/harristweed-shop.be\/fr\/wp-json\/wp\/v2\/product_tag?post=538357"}],"curies":[{"name":"wp","href":"https:\/\/api.w.org\/{rel}","templated":true}]}}