{"id":538337,"date":"2025-05-08T09:48:07","date_gmt":"2025-05-08T09:48:07","guid":{"rendered":"https:\/\/harristweed-shop.be\/product\/viyella-textured-check-houndstooth-ultra-fine-two-fold-cotton-shirt\/"},"modified":"2026-05-05T03:54:37","modified_gmt":"2026-05-05T03:54:37","slug":"viyella-textured-check-houndstooth-ultra-fine-two-fold-cotton-shirt","status":"publish","type":"product","link":"https:\/\/harristweed-shop.be\/fr\/produit\/chemise-en-coton-ultra-fin-a-double-pli-a-carreaux-textures-viyella\/","title":{"rendered":"Chemise Viyella en coton ultra fin \u00e0 double pli et \u00e0 carreaux textur\u00e9s pied-de-poule"},"content":{"rendered":"<p>Chemise en coton ultra fin \u00e0 deux plis \u00e0 motif pied-de-poule textur\u00e9 Viyella.<\/p>\n<p>Viyella est r\u00e9put\u00e9e pour son innovation en mati\u00e8re de filage de fils ultra-fins. Nous utilisons exclusivement de longues fibres de coton pour produire un tissu \u00e0 la brillance subtile et \u00e0 l&#039;\u00e9clat exceptionnel. Le tissu est ensuite soumis \u00e0 un processus de finition sp\u00e9cial pour un toucher impeccable.<\/p>","protected":false},"excerpt":{"rendered":"<p>Chemise en coton ultra fin \u00e0 deux plis \u00e0 motif pied-de-poule textur\u00e9 Viyella.<\/p>\n<p>Viyella est r\u00e9put\u00e9e pour son innovation en mati\u00e8re de filage de fils ultra-fins. Nous utilisons exclusivement de longues fibres de coton pour produire un tissu \u00e0 la brillance subtile et \u00e0 l&#039;\u00e9clat exceptionnel. Le tissu est ensuite soumis \u00e0 un processus de finition sp\u00e9cial pour un toucher impeccable.<\/p>","protected":false},"featured_media":538355,"template":"","meta":[],"product_brand":[],"product_cat":[507,505,86,506,1025],"product_tag":[],"class_list":{"0":"post-538337","1":"product","2":"type-product","3":"status-publish","4":"has-post-thumbnail","6":"product_cat-dress-hemden","7":"product_cat-dress-shirts","8":"product_cat-shirts-en-overhemden","9":"product_cat-shirts-und-hemden","10":"product_cat-viyella","11":"pa_merk-viyella","13":"first","14":"instock","15":"taxable","16":"shipping-taxable","17":"purchasable","18":"product-type-variable"},"df_price":89.95,"df_sale_price":"","df_regular_price":89.95,"df_image_link":"https:\/\/harristweed-shop.be\/wp-content\/uploads\/2025\/05\/827ebc31831e7da1d891b9b1b8898769_Viyella_Textured_Check_Houndstooth_Ultra_Fine_Two_Fold_Cotton_Shirt-225x300.jpeg","_links":{"self":[{"href":"https:\/\/harristweed-shop.be\/fr\/wp-json\/wp\/v2\/product\/538337","targetHints":{"allow":["GET"]}}],"collection":[{"href":"https:\/\/harristweed-shop.be\/fr\/wp-json\/wp\/v2\/product"}],"about":[{"href":"https:\/\/harristweed-shop.be\/fr\/wp-json\/wp\/v2\/types\/product"}],"wp:featuredmedia":[{"embeddable":true,"href":"https:\/\/harristweed-shop.be\/fr\/wp-json\/wp\/v2\/media\/538355"}],"wp:attachment":[{"href":"https:\/\/harristweed-shop.be\/fr\/wp-json\/wp\/v2\/media?parent=538337"}],"wp:term":[{"taxonomy":"product_brand","embeddable":true,"href":"https:\/\/harristweed-shop.be\/fr\/wp-json\/wp\/v2\/product_brand?post=538337"},{"taxonomy":"product_cat","embeddable":true,"href":"https:\/\/harristweed-shop.be\/fr\/wp-json\/wp\/v2\/product_cat?post=538337"},{"taxonomy":"product_tag","embeddable":true,"href":"https:\/\/harristweed-shop.be\/fr\/wp-json\/wp\/v2\/product_tag?post=538337"}],"curies":[{"name":"wp","href":"https:\/\/api.w.org\/{rel}","templated":true}]}}