{"id":538241,"date":"2025-05-01T14:03:22","date_gmt":"2025-05-01T14:03:22","guid":{"rendered":"https:\/\/harristweed-shop.be\/product\/harris-tweed-dames-overjas-tori-3-4-coat-navy-multi-check\/"},"modified":"2026-05-05T03:55:33","modified_gmt":"2026-05-05T03:55:33","slug":"harris-tweed-dames-overjas-tori-3-4-coat-navy-multi-check","status":"publish","type":"product","link":"https:\/\/harristweed-shop.be\/fr\/produit\/manteau-femme-en-tweed-harris-tori-3-4-bleu-marine-a-carreaux-multiples\/","title":{"rendered":"Veste \u00be en tweed Yorkshire pour femme Tori \u2013 Bleu marine \u00e0 carreaux multicolores"},"content":{"rendered":"<p>Le manteau Tori \u00e0 bordure en velours est un incontournable, aussi bien pour le bureau que pour une soir\u00e9e. Sa coupe cintr\u00e9e et longue, ainsi que ses lignes classiques, lui conf\u00e8rent style et \u00e9l\u00e9gance. Ce manteau trois-quarts en tweed du Yorkshire est un mod\u00e8le que vous porterez saison apr\u00e8s saison. Nous vous recommandons de commander une taille au-dessus de votre taille habituelle afin de pouvoir porter des pulls et des v\u00eatements superpos\u00e9s en hiver.<\/p>\n<p>\u2013 Tweed du Yorkshire bleu marine \u00e0 carreaux multicolores<br \/>\n<br \/>\u2013 Tweed des usines du Yorkshire<br \/>\n<br \/>\u2013 Col et bordure en velours<br \/>\n<br \/>\u2013 Sac \u00e0 billets<br \/>\n<br \/>\u2013 Division centrale<br \/>\n<br \/>\u2013 Doublure \u00e0 motifs cachemire magenta<br \/>\n<br \/>\u2013 Doublure : ac\u00e9tate 50% viscose 50%<\/p>","protected":false},"excerpt":{"rendered":"<p>Veste pour femme en tweed Yorkshire Tori \u00be \u2013 Bleu marine \u00e0 carreaux multicolores.<\/p>\n<p>\u2013 Tissu ext\u00e9rieur \u2013 Laine 100%<br \/>\n\u2013 Doublure \u2013 ac\u00e9tate 50%\/viscose 50%<br \/>\n\u2013 Finition \u2013 Velours de coton 100%<br \/>\nNettoyage \u00e0 sec uniquement<\/p>","protected":false},"featured_media":538266,"template":"","meta":[],"product_brand":[],"product_cat":[481,1089,87,482,483],"product_tag":[],"class_list":{"0":"post-538241","1":"product","2":"type-product","3":"status-publish","4":"has-post-thumbnail","6":"product_cat-dames-jassen-en-jacks","7":"product_cat-harris-tweed-jassen-en-jacks-dames","8":"product_cat-jassen-en-jacks","9":"product_cat-mantel-und-jacken","10":"product_cat-mantel-und-jacken-fur-damen","11":"pa_merk-bucktrout","13":"first","14":"instock","15":"taxable","16":"shipping-taxable","17":"purchasable","18":"product-type-variable"},"df_price":469.95,"df_sale_price":"","df_regular_price":469.95,"df_image_link":"https:\/\/harristweed-shop.be\/wp-content\/uploads\/2025\/05\/88981dadf79c55920622aa3f483e192b_Harris_Tweed_Dames_Overjas__Tori_3_4_Coat_Navy_Multi_Check-225x300.jpeg","_links":{"self":[{"href":"https:\/\/harristweed-shop.be\/fr\/wp-json\/wp\/v2\/product\/538241","targetHints":{"allow":["GET"]}}],"collection":[{"href":"https:\/\/harristweed-shop.be\/fr\/wp-json\/wp\/v2\/product"}],"about":[{"href":"https:\/\/harristweed-shop.be\/fr\/wp-json\/wp\/v2\/types\/product"}],"wp:featuredmedia":[{"embeddable":true,"href":"https:\/\/harristweed-shop.be\/fr\/wp-json\/wp\/v2\/media\/538266"}],"wp:attachment":[{"href":"https:\/\/harristweed-shop.be\/fr\/wp-json\/wp\/v2\/media?parent=538241"}],"wp:term":[{"taxonomy":"product_brand","embeddable":true,"href":"https:\/\/harristweed-shop.be\/fr\/wp-json\/wp\/v2\/product_brand?post=538241"},{"taxonomy":"product_cat","embeddable":true,"href":"https:\/\/harristweed-shop.be\/fr\/wp-json\/wp\/v2\/product_cat?post=538241"},{"taxonomy":"product_tag","embeddable":true,"href":"https:\/\/harristweed-shop.be\/fr\/wp-json\/wp\/v2\/product_tag?post=538241"}],"curies":[{"name":"wp","href":"https:\/\/api.w.org\/{rel}","templated":true}]}}