{"id":538233,"date":"2025-04-29T14:42:45","date_gmt":"2025-04-29T14:42:45","guid":{"rendered":"https:\/\/harristweed-shop.be\/product\/harris-tweed-6oz-hip-flask-macleod-tartan\/"},"modified":"2026-04-07T20:10:22","modified_gmt":"2026-04-07T20:10:22","slug":"harris-tweed-6oz-hip-flask-macleod-tartan","status":"publish","type":"product","link":"https:\/\/harristweed-shop.be\/fr\/produit\/flasque-harris-tweed-6-oz-a-motif-tartan-macleod\/","title":{"rendered":"Flasque Harris Tweed 6 oz Macleod Tartan"},"content":{"rendered":"<p>Flasque en m\u00e9tal de 170 ml, envelopp\u00e9e de tweed Harris. Livr\u00e9e dans un coffret cadeau.<\/p>","protected":false},"excerpt":{"rendered":"<p>Flasque en m\u00e9tal de 170 ml, envelopp\u00e9e de tweed Harris. Livr\u00e9e dans un coffret cadeau.<\/p>","protected":false},"featured_media":538234,"template":"","meta":[],"product_brand":[],"product_cat":[638,1181,1180],"product_tag":[],"class_list":{"0":"post-538233","1":"product","2":"type-product","3":"status-publish","4":"has-post-thumbnail","6":"product_cat-gifts","7":"product_cat-harris-tweed-flachmann","8":"product_cat-harris-tweed-heupfles","9":"pa_merk-harristweed","11":"first","12":"instock","13":"taxable","14":"shipping-taxable","15":"purchasable","16":"product-type-simple"},"df_price":21.95,"df_sale_price":"","df_regular_price":21.95,"df_image_link":"https:\/\/harristweed-shop.be\/wp-content\/uploads\/2025\/04\/e5e4dc7a2bc6759f43d9af3e0181ddf7_Harris_Tweed_6oz_Hip_Flask_Macleod_Tartan-300x300.jpeg","_links":{"self":[{"href":"https:\/\/harristweed-shop.be\/fr\/wp-json\/wp\/v2\/product\/538233","targetHints":{"allow":["GET"]}}],"collection":[{"href":"https:\/\/harristweed-shop.be\/fr\/wp-json\/wp\/v2\/product"}],"about":[{"href":"https:\/\/harristweed-shop.be\/fr\/wp-json\/wp\/v2\/types\/product"}],"wp:featuredmedia":[{"embeddable":true,"href":"https:\/\/harristweed-shop.be\/fr\/wp-json\/wp\/v2\/media\/538234"}],"wp:attachment":[{"href":"https:\/\/harristweed-shop.be\/fr\/wp-json\/wp\/v2\/media?parent=538233"}],"wp:term":[{"taxonomy":"product_brand","embeddable":true,"href":"https:\/\/harristweed-shop.be\/fr\/wp-json\/wp\/v2\/product_brand?post=538233"},{"taxonomy":"product_cat","embeddable":true,"href":"https:\/\/harristweed-shop.be\/fr\/wp-json\/wp\/v2\/product_cat?post=538233"},{"taxonomy":"product_tag","embeddable":true,"href":"https:\/\/harristweed-shop.be\/fr\/wp-json\/wp\/v2\/product_tag?post=538233"}],"curies":[{"name":"wp","href":"https:\/\/api.w.org\/{rel}","templated":true}]}}