{"id":538231,"date":"2025-04-29T14:42:44","date_gmt":"2025-04-29T14:42:44","guid":{"rendered":"https:\/\/harristweed-shop.be\/product\/harris-tweed-6oz-hip-flask-rust-check\/"},"modified":"2026-04-07T20:10:23","modified_gmt":"2026-04-07T20:10:23","slug":"harris-tweed-6oz-hip-flask-rust-check","status":"publish","type":"product","link":"https:\/\/harristweed-shop.be\/fr\/produit\/flasque-harris-tweed-6-oz-antirouille\/","title":{"rendered":"Flasque Harris Tweed 6 oz antirouille"},"content":{"rendered":"<p>Flasque en m\u00e9tal de 170 ml, envelopp\u00e9e de tweed Harris. Livr\u00e9e dans un coffret cadeau.<\/p>","protected":false},"excerpt":{"rendered":"<p>Flasque en m\u00e9tal de 170 ml, envelopp\u00e9e de tweed Harris. Livr\u00e9e dans un coffret cadeau.<\/p>","protected":false},"featured_media":538232,"template":"","meta":[],"product_brand":[],"product_cat":[638,1181,1180],"product_tag":[],"class_list":{"0":"post-538231","1":"product","2":"type-product","3":"status-publish","4":"has-post-thumbnail","6":"product_cat-gifts","7":"product_cat-harris-tweed-flachmann","8":"product_cat-harris-tweed-heupfles","9":"pa_merk-harristweed","11":"first","12":"instock","13":"taxable","14":"shipping-taxable","15":"purchasable","16":"product-type-simple"},"df_price":21.95,"df_sale_price":"","df_regular_price":21.95,"df_image_link":"https:\/\/harristweed-shop.be\/wp-content\/uploads\/2025\/04\/b8e36bb913228d7881017ea7f288a69e_Harris_Tweed_6oz_Hip_Flask_Rust_Check-300x300.jpeg","_links":{"self":[{"href":"https:\/\/harristweed-shop.be\/fr\/wp-json\/wp\/v2\/product\/538231","targetHints":{"allow":["GET"]}}],"collection":[{"href":"https:\/\/harristweed-shop.be\/fr\/wp-json\/wp\/v2\/product"}],"about":[{"href":"https:\/\/harristweed-shop.be\/fr\/wp-json\/wp\/v2\/types\/product"}],"wp:featuredmedia":[{"embeddable":true,"href":"https:\/\/harristweed-shop.be\/fr\/wp-json\/wp\/v2\/media\/538232"}],"wp:attachment":[{"href":"https:\/\/harristweed-shop.be\/fr\/wp-json\/wp\/v2\/media?parent=538231"}],"wp:term":[{"taxonomy":"product_brand","embeddable":true,"href":"https:\/\/harristweed-shop.be\/fr\/wp-json\/wp\/v2\/product_brand?post=538231"},{"taxonomy":"product_cat","embeddable":true,"href":"https:\/\/harristweed-shop.be\/fr\/wp-json\/wp\/v2\/product_cat?post=538231"},{"taxonomy":"product_tag","embeddable":true,"href":"https:\/\/harristweed-shop.be\/fr\/wp-json\/wp\/v2\/product_tag?post=538231"}],"curies":[{"name":"wp","href":"https:\/\/api.w.org\/{rel}","templated":true}]}}