{"id":538199,"date":"2025-04-18T10:37:19","date_gmt":"2025-04-18T10:37:19","guid":{"rendered":"https:\/\/harristweed-shop.be\/product\/harris-tweed-ladies-cap-blue-green-plum-check\/"},"modified":"2026-04-07T20:25:25","modified_gmt":"2026-04-07T20:25:25","slug":"harris-tweed-ladies-cap-blue-green-plum-check","status":"publish","type":"product","link":"https:\/\/harristweed-shop.be\/fr\/produit\/casquette-femme-en-tweed-harris-a-carreaux-bleu-vert-prune\/","title":{"rendered":"Casquette femme en tweed Harris \u00e0 carreaux bleu vert prune"},"content":{"rendered":"<p>Casquette plate femme en v\u00e9ritable Harris Tweed. Disponible en deux tailles, avec un dos \u00e9lastiqu\u00e9 pour plus de confort et de s\u00e9curit\u00e9, cette casquette raffin\u00e9e est \u00e9galement dot\u00e9e d&#039;une doublure en satin matelass\u00e9 pour plus de confort et de chaleur.<\/p>","protected":false},"excerpt":{"rendered":"<p>Casquette plate femme en v\u00e9ritable Harris Tweed. Disponible en deux tailles, avec un dos \u00e9lastiqu\u00e9 pour plus de confort et de s\u00e9curit\u00e9, cette casquette raffin\u00e9e est \u00e9galement dot\u00e9e d&#039;une doublure en satin matelass\u00e9 pour plus de confort et de chaleur.<\/p>","protected":false},"featured_media":538202,"template":"","meta":[],"product_brand":[],"product_cat":[1062,1125,1119,1164,1173,433,542,83],"product_tag":[],"class_list":{"0":"post-538199","1":"product","2":"type-product","3":"status-publish","4":"has-post-thumbnail","6":"product_cat-damen-caps","7":"product_cat-harris-tweed-dames-petten-harris-tweed-hoeden-petten-en-caps","8":"product_cat-harris-tweed-hoeden-petten-en-caps","9":"product_cat-harris-tweed-mutzen-und-hute","10":"product_cat-harris-tweed-mutzen-und-hute-fur-damen","11":"product_cat-harris-tweed-petten","12":"product_cat-hute-und-caps","13":"product_cat-petten-en-caps","14":"pa_merk-harristweed","16":"first","17":"instock","18":"taxable","19":"shipping-taxable","20":"purchasable","21":"product-type-variable"},"df_price":59.95,"df_sale_price":"","df_regular_price":59.95,"df_image_link":"https:\/\/harristweed-shop.be\/wp-content\/uploads\/2025\/04\/e7d06d1364fd3100afb4460f7a952440_Harris_tweed_Ladies_cap_Blue_Green_Plum_Check-300x300.jpeg","_links":{"self":[{"href":"https:\/\/harristweed-shop.be\/fr\/wp-json\/wp\/v2\/product\/538199","targetHints":{"allow":["GET"]}}],"collection":[{"href":"https:\/\/harristweed-shop.be\/fr\/wp-json\/wp\/v2\/product"}],"about":[{"href":"https:\/\/harristweed-shop.be\/fr\/wp-json\/wp\/v2\/types\/product"}],"wp:featuredmedia":[{"embeddable":true,"href":"https:\/\/harristweed-shop.be\/fr\/wp-json\/wp\/v2\/media\/538202"}],"wp:attachment":[{"href":"https:\/\/harristweed-shop.be\/fr\/wp-json\/wp\/v2\/media?parent=538199"}],"wp:term":[{"taxonomy":"product_brand","embeddable":true,"href":"https:\/\/harristweed-shop.be\/fr\/wp-json\/wp\/v2\/product_brand?post=538199"},{"taxonomy":"product_cat","embeddable":true,"href":"https:\/\/harristweed-shop.be\/fr\/wp-json\/wp\/v2\/product_cat?post=538199"},{"taxonomy":"product_tag","embeddable":true,"href":"https:\/\/harristweed-shop.be\/fr\/wp-json\/wp\/v2\/product_tag?post=538199"}],"curies":[{"name":"wp","href":"https:\/\/api.w.org\/{rel}","templated":true}]}}