{"id":538176,"date":"2025-04-18T10:02:28","date_gmt":"2025-04-18T10:02:28","guid":{"rendered":"https:\/\/harristweed-shop.be\/product\/harris-tweed-cap-sand-navy-check\/"},"modified":"2026-04-07T20:41:03","modified_gmt":"2026-04-07T20:41:03","slug":"harris-tweed-cap-sand-navy-check","status":"publish","type":"product","link":"https:\/\/harristweed-shop.be\/fr\/produit\/casquette-harris-en-tweed-a-carreaux-bleu-marine\/","title":{"rendered":"Casquette Harris Tweed Rannoch Sable Marine \u00e0 carreaux"},"content":{"rendered":"<p>Casquette de baseball traditionnelle confectionn\u00e9e en authentique Harris Tweed. Elle est dot\u00e9e d&#039;une visi\u00e8re incurv\u00e9e et d&#039;une doublure en serg\u00e9 de coton. Une lani\u00e8re en cuir ajustable avec boucle en laiton vieilli permet \u00e0 la Rannoch de s&#039;adapter \u00e0 la plupart des tours de t\u00eate.<\/p>","protected":false},"excerpt":{"rendered":"<p>Casquette Harris Tweed Rannoch \u00e0 carreaux sable et marine.<\/p>\n<p>Casquette de baseball traditionnelle en v\u00e9ritable tweed Harris.<\/p>","protected":false},"featured_media":538177,"template":"","meta":[],"product_brand":[],"product_cat":[432,1171,1122,1125,1119,1164,1173,433,543,547,542,83],"product_tag":[],"class_list":{"0":"post-538176","1":"product","2":"type-product","3":"status-publish","4":"has-post-thumbnail","6":"product_cat-harris-tweed-baseball-caps","7":"product_cat-harris-tweed-baseballkappen","8":"product_cat-harris-tweed-caps-baseball-harris-tweed-hoeden-petten-en-caps","9":"product_cat-harris-tweed-dames-petten-harris-tweed-hoeden-petten-en-caps","10":"product_cat-harris-tweed-hoeden-petten-en-caps","11":"product_cat-harris-tweed-mutzen-und-hute","12":"product_cat-harris-tweed-mutzen-und-hute-fur-damen","13":"product_cat-harris-tweed-petten","14":"product_cat-harris-tweed-baseballmutzen","15":"product_cat-harris-tweed-mutzen","16":"product_cat-hute-und-caps","17":"product_cat-petten-en-caps","18":"pa_merk-harristweed","20":"first","21":"outofstock","22":"taxable","23":"shipping-taxable","24":"purchasable","25":"product-type-simple"},"df_price":49.95,"df_sale_price":"","df_regular_price":49.95,"df_image_link":"https:\/\/harristweed-shop.be\/wp-content\/uploads\/2025\/04\/0cd15cccf1eb7cbd96df99c914e89f6c_Harris_Tweed_Cap__Sand_Navy_Check-300x300.jpeg","_links":{"self":[{"href":"https:\/\/harristweed-shop.be\/fr\/wp-json\/wp\/v2\/product\/538176","targetHints":{"allow":["GET"]}}],"collection":[{"href":"https:\/\/harristweed-shop.be\/fr\/wp-json\/wp\/v2\/product"}],"about":[{"href":"https:\/\/harristweed-shop.be\/fr\/wp-json\/wp\/v2\/types\/product"}],"wp:featuredmedia":[{"embeddable":true,"href":"https:\/\/harristweed-shop.be\/fr\/wp-json\/wp\/v2\/media\/538177"}],"wp:attachment":[{"href":"https:\/\/harristweed-shop.be\/fr\/wp-json\/wp\/v2\/media?parent=538176"}],"wp:term":[{"taxonomy":"product_brand","embeddable":true,"href":"https:\/\/harristweed-shop.be\/fr\/wp-json\/wp\/v2\/product_brand?post=538176"},{"taxonomy":"product_cat","embeddable":true,"href":"https:\/\/harristweed-shop.be\/fr\/wp-json\/wp\/v2\/product_cat?post=538176"},{"taxonomy":"product_tag","embeddable":true,"href":"https:\/\/harristweed-shop.be\/fr\/wp-json\/wp\/v2\/product_tag?post=538176"}],"curies":[{"name":"wp","href":"https:\/\/api.w.org\/{rel}","templated":true}]}}