{"id":538166,"date":"2025-04-17T15:52:27","date_gmt":"2025-04-17T15:52:27","guid":{"rendered":"https:\/\/harristweed-shop.be\/product\/denholm-harris-tweed-fedora-hat-brown-barleycorn-2\/"},"modified":"2026-04-07T20:41:10","modified_gmt":"2026-04-07T20:41:10","slug":"denholm-harris-tweed-fedora-hat-brown-barleycorn-2","status":"publish","type":"product","link":"https:\/\/harristweed-shop.be\/fr\/produit\/chapeau-fedora-en-tweed-harris-de-denholm-marron-grain-dorge-2\/","title":{"rendered":"Chapeau Fedora en tweed Harris \u00e0 chevrons bleus et noirs"},"content":{"rendered":"<p>Fedora en Harris Tweed \u2013 confectionn\u00e9 dans le c\u00e9l\u00e8bre tissu tiss\u00e9 \u00e0 la main dans les H\u00e9brides ext\u00e9rieures et certifi\u00e9 par Orb. Disponible dans une vari\u00e9t\u00e9 de teintes neutres et dans l&#039;incontournable motif \u00e0 chevrons bleu et noir. Un chapeau \u00e9l\u00e9gant et intemporel, id\u00e9al pour toute occasion sp\u00e9ciale ou pour rehausser vos tenues du quotidien.<\/p>","protected":false},"excerpt":{"rendered":"<p>Chapeau Fedora en tweed Harris bleu et noir \u00e0 chevrons.<\/p>\n<p>Chapeau Fedora en Harris Tweed \u2013 fabriqu\u00e9 \u00e0 partir du c\u00e9l\u00e8bre tissu tiss\u00e9 \u00e0 la main dans les H\u00e9brides ext\u00e9rieures et certifi\u00e9 par Orb. <\/p>","protected":false},"featured_media":538171,"template":"","meta":[],"product_brand":[],"product_cat":[1175,1119,1176,1164,1207,542],"product_tag":[],"class_list":{"0":"post-538166","1":"product","2":"type-product","3":"status-publish","4":"has-post-thumbnail","6":"product_cat-harris-tweed-hoeden","7":"product_cat-harris-tweed-hoeden-petten-en-caps","8":"product_cat-harris-tweed-hute","9":"product_cat-harris-tweed-mutzen-und-hute","10":"product_cat-hute","11":"product_cat-hute-und-caps","12":"pa_merk-harristweed","14":"first","15":"instock","16":"taxable","17":"shipping-taxable","18":"purchasable","19":"product-type-variable"},"df_price":99.95,"df_sale_price":"","df_regular_price":99.95,"df_image_link":"https:\/\/harristweed-shop.be\/wp-content\/uploads\/2025\/04\/54d2a296a3a9c26699f740f53b2a3737_Denholm_Harris_Tweed_Fedora_Hat_Blue_Black_Herringbone-300x300.jpeg","_links":{"self":[{"href":"https:\/\/harristweed-shop.be\/fr\/wp-json\/wp\/v2\/product\/538166","targetHints":{"allow":["GET"]}}],"collection":[{"href":"https:\/\/harristweed-shop.be\/fr\/wp-json\/wp\/v2\/product"}],"about":[{"href":"https:\/\/harristweed-shop.be\/fr\/wp-json\/wp\/v2\/types\/product"}],"wp:featuredmedia":[{"embeddable":true,"href":"https:\/\/harristweed-shop.be\/fr\/wp-json\/wp\/v2\/media\/538171"}],"wp:attachment":[{"href":"https:\/\/harristweed-shop.be\/fr\/wp-json\/wp\/v2\/media?parent=538166"}],"wp:term":[{"taxonomy":"product_brand","embeddable":true,"href":"https:\/\/harristweed-shop.be\/fr\/wp-json\/wp\/v2\/product_brand?post=538166"},{"taxonomy":"product_cat","embeddable":true,"href":"https:\/\/harristweed-shop.be\/fr\/wp-json\/wp\/v2\/product_cat?post=538166"},{"taxonomy":"product_tag","embeddable":true,"href":"https:\/\/harristweed-shop.be\/fr\/wp-json\/wp\/v2\/product_tag?post=538166"}],"curies":[{"name":"wp","href":"https:\/\/api.w.org\/{rel}","templated":true}]}}