{"id":538135,"date":"2025-04-17T13:53:14","date_gmt":"2025-04-17T13:53:14","guid":{"rendered":"https:\/\/harristweed-shop.be\/product\/all-blacks-1983-polo\/"},"modified":"2026-05-05T03:58:35","modified_gmt":"2026-05-05T03:58:35","slug":"all-blacks-1983-polo","status":"publish","type":"product","link":"https:\/\/harristweed-shop.be\/fr\/produit\/polo-all-blacks-1983\/","title":{"rendered":"Polo All Blacks 1983"},"content":{"rendered":"<p>Polo All Blacks 1983<\/p>\n<p>Polo All Blacks. Dans l&#039;histoire du rugby, l&#039;\u00e9quipe des All Blacks de 1983 est un mod\u00e8le d&#039;excellence, affichant des prouesses in\u00e9gal\u00e9es sur le terrain. Men\u00e9e par l&#039;indomptable capitaine Andy Dalton, l&#039;\u00e9quipe a grav\u00e9 son empreinte en remportant une victoire monumentale contre les Lions britanniques.<\/p>\n<p>L\u00e9gendes des All Blacks \u2013 Wilson, Loveridge, Whetton, Haden\u2026<\/p>\n<p>De plus, au c\u0153ur de leur succ\u00e8s se trouvaient des joueurs cl\u00e9s comme Stu Wilson, dont la vitesse et l&#039;agilit\u00e9 sur le terrain \u00e9taient in\u00e9gal\u00e9es, et Bernie Fraser, dont le g\u00e9nie strat\u00e9gique ajoutait de la finesse au jeu. De plus, la rapidit\u00e9 de Steven Pokere et la pr\u00e9cision de Dave Loveridge \u00e0 l&#039;arri\u00e8re ont consolid\u00e9 leur domination. Enfin, les attaquants, une force sur laquelle il fallait compter, comptaient sur le redoutable trio Gary Whetton, Andy Haden et Murray Mexted, dont la t\u00e9nacit\u00e9 et la force intimidaient leurs adversaires.<\/p>\n<p>F\u00e9d\u00e9ration n\u00e9o-z\u00e9landaise de rugby \u2013 \u00c9quipe embl\u00e9matique<\/p>\n<p>Cette \u00e9quipe embl\u00e9matique a non seulement triomph\u00e9 sur le terrain, mais a \u00e9galement marqu\u00e9 la mode avec l&#039;intemporel polo All Blacks 1983. Ce maillot, symbole de leur \u00e9poque glorieuse, incarne l&#039;esprit du jeu et la camaraderie entre les joueurs.<\/p>\n<p>C\u00e9l\u00e9bration du Haka en Nouvelle-Z\u00e9lande<\/p>\n<p>Les All Blacks de 1983, avec leur talent in\u00e9gal\u00e9 et leur d\u00e9termination in\u00e9branlable, ont d\u00e9montr\u00e9 l&#039;essence m\u00eame de l&#039;excellence du rugby. Leur h\u00e9ritage perdure, non seulement dans les pages de l&#039;histoire, mais aussi dans le style et l&#039;esprit du polo All Blacks 1983, un souvenir pr\u00e9cieux pour les passionn\u00e9s de rugby du monde entier.<\/p>","protected":false},"excerpt":{"rendered":"<p>Polo All Blacks 1983<\/p>\n<p>Polo All Blacks. Dans l&#039;histoire du rugby, l&#039;\u00e9quipe des All Blacks de 1983 est un mod\u00e8le d&#039;excellence, affichant des prouesses in\u00e9gal\u00e9es sur le terrain. Men\u00e9e par l&#039;indomptable capitaine Andy Dalton, l&#039;\u00e9quipe a grav\u00e9 son empreinte en remportant une victoire monumentale contre les Lions britanniques.<\/p>","protected":false},"featured_media":538143,"template":"","meta":[],"product_brand":[],"product_cat":[1011,397,394,955],"product_tag":[],"class_list":{"0":"post-538135","1":"product","2":"type-product","3":"status-publish","4":"has-post-thumbnail","6":"product_cat-all-blacks-new-zealand","7":"product_cat-international","8":"product_cat-rugby-shirts-2","9":"product_cat-shop-by-country-club","10":"pa_merk-ellis-rugby","12":"first","13":"instock","14":"taxable","15":"shipping-taxable","16":"purchasable","17":"product-type-variable"},"df_price":69.95,"df_sale_price":"","df_regular_price":69.95,"df_image_link":"https:\/\/harristweed-shop.be\/wp-content\/uploads\/2025\/04\/49b60567d8f67f47be3491763543e702_All_Blacks_1983_Polo-300x300.jpeg","_links":{"self":[{"href":"https:\/\/harristweed-shop.be\/fr\/wp-json\/wp\/v2\/product\/538135","targetHints":{"allow":["GET"]}}],"collection":[{"href":"https:\/\/harristweed-shop.be\/fr\/wp-json\/wp\/v2\/product"}],"about":[{"href":"https:\/\/harristweed-shop.be\/fr\/wp-json\/wp\/v2\/types\/product"}],"wp:featuredmedia":[{"embeddable":true,"href":"https:\/\/harristweed-shop.be\/fr\/wp-json\/wp\/v2\/media\/538143"}],"wp:attachment":[{"href":"https:\/\/harristweed-shop.be\/fr\/wp-json\/wp\/v2\/media?parent=538135"}],"wp:term":[{"taxonomy":"product_brand","embeddable":true,"href":"https:\/\/harristweed-shop.be\/fr\/wp-json\/wp\/v2\/product_brand?post=538135"},{"taxonomy":"product_cat","embeddable":true,"href":"https:\/\/harristweed-shop.be\/fr\/wp-json\/wp\/v2\/product_cat?post=538135"},{"taxonomy":"product_tag","embeddable":true,"href":"https:\/\/harristweed-shop.be\/fr\/wp-json\/wp\/v2\/product_tag?post=538135"}],"curies":[{"name":"wp","href":"https:\/\/api.w.org\/{rel}","templated":true}]}}