{"id":538117,"date":"2025-04-15T09:26:24","date_gmt":"2025-04-15T09:26:24","guid":{"rendered":"https:\/\/harristweed-shop.be\/product\/wellington-harris-tweed-damesjas-fieldcoat-in-670\/"},"modified":"2026-04-21T11:54:28","modified_gmt":"2026-04-21T11:54:28","slug":"wellington-harris-tweed-damesjas-fieldcoat-in-670","status":"publish","type":"product","link":"https:\/\/harristweed-shop.be\/fr\/produit\/veste-wellington-harris-tweed-pour-femme-manteau-de-campagne-en-670-2\/","title":{"rendered":"Veste pour femme en Harris Tweed Bailey couleur vert sapin"},"content":{"rendered":"<p>L&#039;\u00e9l\u00e9gante veste \u201c\u00a0Bailey\u00a0\u201d pour femme offre un confort exceptionnel gr\u00e2ce \u00e0 son tissu HARRIS TWEED. Ce mat\u00e9riau exclusif et durable est certifi\u00e9 uniquement s&#039;il est tiss\u00e9 \u00e0 la main sur l&#039;\u00eele \u00e9cossaise de Harris. Ce tissu r\u00e9sistant et de haute qualit\u00e9 poss\u00e8de d&#039;excellentes propri\u00e9t\u00e9s isolantes et vous gardera bien au chaud. <\/p>\n<p>Cette veste pr\u00e9sente des d\u00e9tails pratiques et bien pens\u00e9s, comme deux grandes poches \u00e0 soufflet et des poches chauffe-mains \u00e0 rabat. Le col et la patte de boutonnage sont doubl\u00e9s d&#039;un velours c\u00f4tel\u00e9 fin et doux. Elle est \u00e9galement dot\u00e9e de poignets ajustables, d&#039;une fermeture \u00e9clair invisible \u00e0 double sens et d&#039;un logo imprim\u00e9 de haute qualit\u00e9 couleur laiton. Un cordon de serrage ajustable \u00e0 la taille et \u00e0 l&#039;ourlet permet un ajustement personnalis\u00e9 et vous prot\u00e8ge du froid. Avec sa doublure matelass\u00e9e douce et sa poche int\u00e9rieure, cette veste est id\u00e9ale pour toutes vos activit\u00e9s lors des fra\u00eeches journ\u00e9es d&#039;automne.<\/p>\n<p>\u2013 Finition velours c\u00f4tel\u00e9 fin<br \/>\u2013 Une poche int\u00e9rieure<br \/>\u2013 Grandes poches \u00e0 soufflet<br \/>\u2013 Harris Tweed \u2013 tiss\u00e9 \u00e0 la main en \u00c9cosse<br \/>\u2013 \u00c9tiquette nominative<br \/>\u2013 Sacs de poche<br \/>\u2013 Durable, r\u00e9sistant et chaud<br \/>\u2013 Cordon de serrage \u00e0 la taille et \u00e0 l&#039;ourlet<\/p>\n<p>Mensurations du mannequin\u00a0: Le mannequin mesure 176\u00a0cm et porte une taille\u00a036.<br \/>Coupe : Droite, longueur hanches.<br \/>Mesures du produit\u00a0: Taille 36\u00a0: Demi-tour de poitrine\u00a0: 52,5\u00a0cm \u2013 Longueur des manches depuis la poitrine\u00a0: 64\u00a0cm \u2013 Longueur dos\u00a0: 76\u00a0cm<\/p>\n<p>Tissu ext\u00e9rieur : laine vierge 100%<br \/>Doublure : viscose 100%<br \/>Doublure des manches : viscose 100%<\/p>","protected":false},"excerpt":{"rendered":"<p>Veste pour femme en tweed Harris Bailey couleur Evergreen 670.<\/p>\n<p>L&#039;\u00e9l\u00e9gante veste \u201c\u00a0Bailey\u00a0\u201d pour femme offre un confort exceptionnel gr\u00e2ce \u00e0 son tissu HARRIS TWEED. Ce mat\u00e9riau exclusif et durable est certifi\u00e9 uniquement s&#039;il est tiss\u00e9 \u00e0 la main sur l&#039;\u00eele \u00e9cossaise de Harris. Ce tissu r\u00e9sistant et de haute qualit\u00e9 poss\u00e8de d&#039;excellentes propri\u00e9t\u00e9s isolantes et vous gardera bien au chaud.<\/p>","protected":false},"featured_media":538118,"template":"","meta":[],"product_brand":[],"product_cat":[481,1089,1160,87,482,483],"product_tag":[],"class_list":{"0":"post-538117","1":"product","2":"type-product","3":"status-publish","4":"has-post-thumbnail","6":"product_cat-dames-jassen-en-jacks","7":"product_cat-harris-tweed-jassen-en-jacks-dames","8":"product_cat-harris-tweed-mantel-und-jacken-fur-damen","9":"product_cat-jassen-en-jacks","10":"product_cat-mantel-und-jacken","11":"product_cat-mantel-und-jacken-fur-damen","12":"pa_merk-wellington","14":"first","15":"instock","16":"taxable","17":"shipping-taxable","18":"purchasable","19":"product-type-variable"},"df_price":429.95,"df_sale_price":"","df_regular_price":429.95,"df_image_link":"https:\/\/harristweed-shop.be\/wp-content\/uploads\/2025\/04\/76b75a30a4de5a5dd508962711d9b858_Wellington__Harris_Tweed_damesjas_Fieldcoat_in_670-225x300.jpeg","_links":{"self":[{"href":"https:\/\/harristweed-shop.be\/fr\/wp-json\/wp\/v2\/product\/538117","targetHints":{"allow":["GET"]}}],"collection":[{"href":"https:\/\/harristweed-shop.be\/fr\/wp-json\/wp\/v2\/product"}],"about":[{"href":"https:\/\/harristweed-shop.be\/fr\/wp-json\/wp\/v2\/types\/product"}],"wp:featuredmedia":[{"embeddable":true,"href":"https:\/\/harristweed-shop.be\/fr\/wp-json\/wp\/v2\/media\/538118"}],"wp:attachment":[{"href":"https:\/\/harristweed-shop.be\/fr\/wp-json\/wp\/v2\/media?parent=538117"}],"wp:term":[{"taxonomy":"product_brand","embeddable":true,"href":"https:\/\/harristweed-shop.be\/fr\/wp-json\/wp\/v2\/product_brand?post=538117"},{"taxonomy":"product_cat","embeddable":true,"href":"https:\/\/harristweed-shop.be\/fr\/wp-json\/wp\/v2\/product_cat?post=538117"},{"taxonomy":"product_tag","embeddable":true,"href":"https:\/\/harristweed-shop.be\/fr\/wp-json\/wp\/v2\/product_tag?post=538117"}],"curies":[{"name":"wp","href":"https:\/\/api.w.org\/{rel}","templated":true}]}}