{"id":538108,"date":"2025-04-15T09:25:27","date_gmt":"2025-04-15T09:25:27","guid":{"rendered":"https:\/\/harristweed-shop.be\/product\/harris-tweed-jack-overshirt-blackwatch\/"},"modified":"2026-03-26T15:05:29","modified_gmt":"2026-03-26T15:05:29","slug":"harris-tweed-jack-overshirt-blackwatch","status":"publish","type":"product","link":"https:\/\/harristweed-shop.be\/fr\/produit\/veste-en-tweed-harris-surchemise-blackwatch\/","title":{"rendered":"Surchemise en tweed Harris \u2013 Blackwatch"},"content":{"rendered":"<p>Pi\u00e8ce incontournable de votre garde-robe d\u00e9contract\u00e9e, la surchemise Jack est id\u00e9ale pour superposer les v\u00eatements. Non doubl\u00e9e pour un confort optimal, elle est confectionn\u00e9e dans un tissu doux effet daim et poss\u00e8de deux poches poitrine.\n<\/p>\n<p>\u2013 Tartan Blackwatch <br \/>\u2013 Harris Tweed<br \/>\nTiss\u00e9 \u00e0 la main en pure laine 100%<br \/>\n<br \/>\u2013 D\u00e9tails en daim \u00e0 l&#039;int\u00e9rieur du col et des poignets<br \/>\n<br \/>\u2013 Non doubl\u00e9<br \/>\n<br \/>\u2013 2 poches poitrine<\/p>","protected":false},"excerpt":{"rendered":"<p>Surchemise en tweed Harris \u2013 Blackwatch.<\/p>\n<p>\u2013 Harris Tweed \u2013 Laine 100%<br \/>\n\u2013 Non doubl\u00e9<br \/>\n\u2013 Finition \u2013 100% Polyester (Effet daim)<br \/>\n\u2013 Le v\u00eatement est muni d&#039;une \u00e9tiquette confirmant l&#039;authenticit\u00e9 du Harris Tweed<br \/>\nNettoyage \u00e0 sec uniquement<\/p>","protected":false},"featured_media":538109,"template":"","meta":[],"product_brand":[],"product_cat":[1087,1157,1088,1156,530,87,482,531,486,84,392,1126,566],"product_tag":[],"class_list":{"0":"post-538108","1":"product","2":"type-product","3":"status-publish","4":"has-post-thumbnail","6":"product_cat-harris-tweed-jassen-en-jacks-heren","7":"product_cat-harris-tweed-mantel-und-jacken-fur-herren","8":"product_cat-harris-tweed-vestjes-en-gilets-heren","9":"product_cat-harris-tweed-westen-und-gilets-herren","10":"product_cat-heren-jassen-en-jacks","11":"product_cat-jassen-en-jacks","12":"product_cat-mantel-und-jacken","13":"product_cat-mantel-und-jacken-fur-herren","14":"product_cat-pullover-und-westen","15":"product_cat-truien-en-pullovers","16":"product_cat-vesten","17":"product_cat-vesten-met-harris-tweed-details","18":"product_cat-westen","19":"pa_merk-bucktrout","21":"first","22":"instock","23":"taxable","24":"shipping-taxable","25":"purchasable","26":"product-type-variable"},"df_price":324.95,"df_sale_price":"","df_regular_price":324.95,"df_image_link":"https:\/\/harristweed-shop.be\/wp-content\/uploads\/2025\/04\/dcca62ccb0bb07dd9024c0b08f2905b7_Harris_Tweed__Jack_Overshirt___Blackwatch-225x300.jpeg","_links":{"self":[{"href":"https:\/\/harristweed-shop.be\/fr\/wp-json\/wp\/v2\/product\/538108","targetHints":{"allow":["GET"]}}],"collection":[{"href":"https:\/\/harristweed-shop.be\/fr\/wp-json\/wp\/v2\/product"}],"about":[{"href":"https:\/\/harristweed-shop.be\/fr\/wp-json\/wp\/v2\/types\/product"}],"wp:featuredmedia":[{"embeddable":true,"href":"https:\/\/harristweed-shop.be\/fr\/wp-json\/wp\/v2\/media\/538109"}],"wp:attachment":[{"href":"https:\/\/harristweed-shop.be\/fr\/wp-json\/wp\/v2\/media?parent=538108"}],"wp:term":[{"taxonomy":"product_brand","embeddable":true,"href":"https:\/\/harristweed-shop.be\/fr\/wp-json\/wp\/v2\/product_brand?post=538108"},{"taxonomy":"product_cat","embeddable":true,"href":"https:\/\/harristweed-shop.be\/fr\/wp-json\/wp\/v2\/product_cat?post=538108"},{"taxonomy":"product_tag","embeddable":true,"href":"https:\/\/harristweed-shop.be\/fr\/wp-json\/wp\/v2\/product_tag?post=538108"}],"curies":[{"name":"wp","href":"https:\/\/api.w.org\/{rel}","templated":true}]}}