{"id":538096,"date":"2025-04-15T09:23:42","date_gmt":"2025-04-15T09:23:42","guid":{"rendered":"https:\/\/harristweed-shop.be\/product\/df-harris-tweed-waistcoat-650-2\/"},"modified":"2026-04-07T20:55:36","modified_gmt":"2026-04-07T20:55:36","slug":"df-harris-tweed-waistcoat-650-2","status":"publish","type":"product","link":"https:\/\/harristweed-shop.be\/fr\/produit\/gilet-en-tweed-harris-df-650-2\/","title":{"rendered":"Gilet en tweed Harris DF avec revers 650"},"content":{"rendered":"<p data-start=\"44\" data-end=\"311\">Le gilet Duke&#039;s Forest est un mod\u00e8le intemporel au style classique et raffin\u00e9. Confectionn\u00e9 en cuir v\u00e9ritable.&nbsp;<strong data-start=\"163\" data-end=\"179\">Harris Tweed<\/strong>, Tiss\u00e9 \u00e0 la main dans les H\u00e9brides ext\u00e9rieures \u00e9cossaises, ce gilet garantit une qualit\u00e9, une durabilit\u00e9 et un caract\u00e8re exceptionnels.<\/p>\n<p data-start=\"313\" data-end=\"582\">Ses diff\u00e9rentes nuances conf\u00e8rent au gilet une allure \u00e0 la fois \u00e9l\u00e9gante et naturelle, id\u00e9ale pour des tenues aussi bien habill\u00e9es que d\u00e9contract\u00e9es. Portez-le sur une chemise pour un style champ\u00eatre chic, ou associez-le \u00e0 un blazer pour un ensemble trois pi\u00e8ces classique.<\/p>\n<p data-start=\"584\" data-end=\"598\"><strong data-start=\"584\" data-end=\"598\">Caract\u00e9ristiques:<\/strong><\/p>\n<ul data-start=\"599\" data-end=\"855\">\n<li data-start=\"599\" data-end=\"642\">Fabriqu\u00e9 \u00e0 partir de tweed Harris original 100%<\/li>\n<li data-start=\"643\" data-end=\"671\">Tiss\u00e9 \u00e0 la main en \u00c9cosse<\/li>\n<li data-start=\"672\" data-end=\"717\">Coupe classique et finitions raffin\u00e9es<\/li>\n<li data-start=\"718\" data-end=\"746\">Diff\u00e9rents tissus disponibles<\/li>\n<li data-end=\"746\" data-start=\"718\">Col \u00e0 revers<\/li>\n<li data-start=\"718\" data-end=\"746\">Devant et dos enti\u00e8rement confectionn\u00e9s en Harris Tweed<\/li>\n<li data-start=\"747\" data-end=\"787\">Fermeture boutonn\u00e9e sur le devant<\/li>\n<li data-start=\"788\" data-end=\"855\">Id\u00e9al pour un usage quotidien et pour les occasions sp\u00e9ciales<\/li>\n<\/ul>\n<p data-start=\"857\" data-end=\"1015\" data-is-last-node=\"\" data-is-only-node=\"\">Le gilet Duke&#039;s Forest est un investissement dans le savoir-faire et un style intemporel \u2013 un incontournable pour les amoureux de la mode et de la qualit\u00e9 britanniques authentiques.<\/p>","protected":false},"excerpt":{"rendered":"<p>Gilet en tweed Harris DF 650.<\/p>\n<p>Le gilet Duke&#039;s Forest est un mod\u00e8le intemporel au style classique et raffin\u00e9. Confectionn\u00e9 en authentique Harris Tweed, tiss\u00e9 \u00e0 la main dans les H\u00e9brides ext\u00e9rieures \u00e9cossaises, ce gilet garantit une qualit\u00e9, une durabilit\u00e9 et un caract\u00e8re exceptionnels.<\/p>","protected":false},"featured_media":538097,"template":"","meta":[],"product_brand":[],"product_cat":[1088,1156,510,1078,512,88,511],"product_tag":[],"class_list":{"0":"post-538096","1":"product","2":"type-product","3":"status-publish","4":"has-post-thumbnail","6":"product_cat-harris-tweed-vestjes-en-gilets-heren","7":"product_cat-harris-tweed-westen-und-gilets-herren","8":"product_cat-heren-vestjes","9":"product_cat-heren-vestjes-harris-tweed","10":"product_cat-herren-westen-und-gilets","11":"product_cat-vestjes-en-gilets","12":"product_cat-westen-und-gilets","13":"pa_merk-dukes-forest","15":"first","16":"instock","17":"taxable","18":"shipping-taxable","19":"purchasable","20":"product-type-variable"},"df_price":169.95,"df_sale_price":"","df_regular_price":169.95,"df_image_link":"https:\/\/harristweed-shop.be\/wp-content\/uploads\/2025\/04\/2689ac06f8cc2c3844b415e4caa3243c_DF_Harris_Tweed_Waistcoat_650_1-225x300.jpeg","_links":{"self":[{"href":"https:\/\/harristweed-shop.be\/fr\/wp-json\/wp\/v2\/product\/538096","targetHints":{"allow":["GET"]}}],"collection":[{"href":"https:\/\/harristweed-shop.be\/fr\/wp-json\/wp\/v2\/product"}],"about":[{"href":"https:\/\/harristweed-shop.be\/fr\/wp-json\/wp\/v2\/types\/product"}],"wp:featuredmedia":[{"embeddable":true,"href":"https:\/\/harristweed-shop.be\/fr\/wp-json\/wp\/v2\/media\/538097"}],"wp:attachment":[{"href":"https:\/\/harristweed-shop.be\/fr\/wp-json\/wp\/v2\/media?parent=538096"}],"wp:term":[{"taxonomy":"product_brand","embeddable":true,"href":"https:\/\/harristweed-shop.be\/fr\/wp-json\/wp\/v2\/product_brand?post=538096"},{"taxonomy":"product_cat","embeddable":true,"href":"https:\/\/harristweed-shop.be\/fr\/wp-json\/wp\/v2\/product_cat?post=538096"},{"taxonomy":"product_tag","embeddable":true,"href":"https:\/\/harristweed-shop.be\/fr\/wp-json\/wp\/v2\/product_tag?post=538096"}],"curies":[{"name":"wp","href":"https:\/\/api.w.org\/{rel}","templated":true}]}}