{"id":538052,"date":"2025-04-15T09:18:18","date_gmt":"2025-04-15T09:18:18","guid":{"rendered":"https:\/\/harristweed-shop.be\/product\/wellington-harris-tweed-damesjas-black-watch\/"},"modified":"2026-04-21T12:11:39","modified_gmt":"2026-04-21T12:11:39","slug":"wellington-harris-tweed-damesjas-black-watch","status":"publish","type":"product","link":"https:\/\/harristweed-shop.be\/fr\/produit\/veste-femme-en-tweed-harris-wellington-montre-noire\/","title":{"rendered":"Veste Emilia pour femme en tweed Harris, coloris Blackwatch"},"content":{"rendered":"<p>\u00ab Emilia \u00bb, la veste en tweed Harris \u00e9cossais original tiss\u00e9 \u00e0 la main, convainc par ses accents de couleurs vives et son confort de premi\u00e8re classe. <\/p>\n<p>Confectionn\u00e9e avec un savoir-faire exquis, cette veste blazer intemporelle pr\u00e9sente une coupe l\u00e9g\u00e8rement ajust\u00e9e avec des coutures princesse. <\/p>\n<p>Confectionn\u00e9 en pure laine vierge 100%, il offre une chaleur agr\u00e9able par temps frais et s\u00e9duit par sa qualit\u00e9 et son toucher. Il est dot\u00e9 d&#039;un col \u00e0 revers et se ferme par trois boutons personnalis\u00e9s en corne v\u00e9ritable. Outre les poches \u00e0 rabat, des poches fendues int\u00e9gr\u00e9es dans la couture offrent un grand espace de rangement. D\u00e9tail raffin\u00e9 et soign\u00e9\u00a0: le dessous de col assorti en feutre de laine provenant d&#039;une petite manufacture bavaroise. Un manteau intemporel et de qualit\u00e9 sup\u00e9rieure qui vous accompagnera avec \u00e9l\u00e9gance \u00e0 la mi-saison.<\/p>\n<p>\u2013 Une poche int\u00e9rieure avec fermeture \u00e9clair<br \/>\u2013 Harris Tweed \u2013 tiss\u00e9 \u00e0 la main en \u00c9cosse<br \/>\u2013 Dessous de col doubl\u00e9 polaire<br \/>\u2013 \u00c9tiquette nominative<br \/>\u2013 Boutons personnalis\u00e9s en corne v\u00e9ritable<br \/>\u2013 Deux poches \u00e0 rabat et deux poches inclin\u00e9es confortables<br \/>\u2013 Deux poches \u00e0 rabat<\/p>\n<p>Mensurations du mod\u00e8le : Le mannequin mesure 176 cm et porte une taille 36 sur la photo.<br \/>Coupe : L\u00e9g\u00e8rement ajust\u00e9e.<br \/>Dimensions de l&#039;article : Pour la taille 36 : Demi-poitrine : 47 cm \u2013 Demi-taille : 42 cm \u2013 Largeur d&#039;\u00e9paule : 11,2 cm \u2013 Longueur des manches \u00e0 partir du ballon : 61,5 cm \u2013 Longueur du dos : 97 cm<\/p>\n<p>Tissu ext\u00e9rieur : laine 100%<br \/>Doublure : 55% polyester, 45% viscose<br \/>Doublure des manches : polyester 100%<\/p>","protected":false},"excerpt":{"rendered":"<p>Veste pour femme Harris Tweed Emilia en coloris Blackwatch 816.<\/p>\n<p>Confectionn\u00e9e avec un savoir-faire exquis, cette veste blazer intemporelle pr\u00e9sente une coupe l\u00e9g\u00e8rement ajust\u00e9e avec des coutures princesse.<\/p>","protected":false},"featured_media":538053,"template":"","meta":[],"product_brand":[],"product_cat":[481,1212,1089,1160,87,482,483],"product_tag":[],"class_list":{"0":"post-538052","1":"product","2":"type-product","3":"status-publish","4":"has-post-thumbnail","6":"product_cat-dames-jassen-en-jacks","7":"product_cat-harris-tweed","8":"product_cat-harris-tweed-jassen-en-jacks-dames","9":"product_cat-harris-tweed-mantel-und-jacken-fur-damen","10":"product_cat-jassen-en-jacks","11":"product_cat-mantel-und-jacken","12":"product_cat-mantel-und-jacken-fur-damen","13":"pa_merk-wellington","15":"first","16":"instock","17":"taxable","18":"shipping-taxable","19":"purchasable","20":"product-type-variable"},"df_price":389.95,"df_sale_price":"","df_regular_price":389.95,"df_image_link":"https:\/\/harristweed-shop.be\/wp-content\/uploads\/2025\/04\/b8de225662a23f5811fccaf281210803_Wellington__Harris_Tweed_damesjas_Black_Watch-225x300.jpg","_links":{"self":[{"href":"https:\/\/harristweed-shop.be\/fr\/wp-json\/wp\/v2\/product\/538052","targetHints":{"allow":["GET"]}}],"collection":[{"href":"https:\/\/harristweed-shop.be\/fr\/wp-json\/wp\/v2\/product"}],"about":[{"href":"https:\/\/harristweed-shop.be\/fr\/wp-json\/wp\/v2\/types\/product"}],"wp:featuredmedia":[{"embeddable":true,"href":"https:\/\/harristweed-shop.be\/fr\/wp-json\/wp\/v2\/media\/538053"}],"wp:attachment":[{"href":"https:\/\/harristweed-shop.be\/fr\/wp-json\/wp\/v2\/media?parent=538052"}],"wp:term":[{"taxonomy":"product_brand","embeddable":true,"href":"https:\/\/harristweed-shop.be\/fr\/wp-json\/wp\/v2\/product_brand?post=538052"},{"taxonomy":"product_cat","embeddable":true,"href":"https:\/\/harristweed-shop.be\/fr\/wp-json\/wp\/v2\/product_cat?post=538052"},{"taxonomy":"product_tag","embeddable":true,"href":"https:\/\/harristweed-shop.be\/fr\/wp-json\/wp\/v2\/product_tag?post=538052"}],"curies":[{"name":"wp","href":"https:\/\/api.w.org\/{rel}","templated":true}]}}