{"id":538035,"date":"2025-04-15T09:17:21","date_gmt":"2025-04-15T09:17:21","guid":{"rendered":"https:\/\/harristweed-shop.be\/product\/harris-tweed-dames-jasje-528\/"},"modified":"2026-04-07T21:25:28","modified_gmt":"2026-04-07T21:25:28","slug":"harris-tweed-dames-jasje-528","status":"publish","type":"product","link":"https:\/\/harristweed-shop.be\/fr\/produit\/veste-femme-en-tweed-harris-528\/","title":{"rendered":"Veste Carola pour femme en Harris Tweed couleur cr\u00e8me cocktail"},"content":{"rendered":"<p>Blazer femme \u00ab Carola \u00bb en tweed Harris original \u2013 \u00e9l\u00e9gance et tradition pour les femmes soucieuses de leur style<\/p>\n<p>Le Harris Tweed, r\u00e9put\u00e9 pour \u00eatre \u00ab l&#039;un des plus beaux tweeds au monde \u00bb \u00e0 juste titre, est synonyme de savoir-faire artisanal, d&#039;authenticit\u00e9 et de style intemporel. Le blazer femme \u00ab Carola \u00bb en Harris Tweed, confectionn\u00e9 en laine vierge 100%, est toujours tiss\u00e9 \u00e0 la main avec amour dans les H\u00e9brides \u00e9cossaises. Chaque pi\u00e8ce est unique et impr\u00e9gn\u00e9e de l&#039;histoire culturelle britannique. Depuis plus d&#039;un si\u00e8cle, le Harris Tweed est synonyme de durabilit\u00e9 et de qualit\u00e9 incomparable. Outre son aspect esth\u00e9tique, il s\u00e9duit par ses propri\u00e9t\u00e9s respirantes, thermor\u00e9gulatrices et durables, id\u00e9ales en toute saison.<\/p>\n<p>Le blazer 3 boutons \u00ab Carola \u00bb s\u00e9duit par sa coupe f\u00e9minine, cintr\u00e9e, l\u00e9g\u00e8rement plus longue et sa confection soign\u00e9e. Des \u00e9l\u00e9ments classiques comme le col \u00e0 revers, les deux poches \u00e0 rabat, la poche poitrine, la poche ticket et la poche int\u00e9rieure passepoil\u00e9e s&#039;associent \u00e0 des d\u00e9tails modernes pour cr\u00e9er une pi\u00e8ce d&#039;exception. Le col doubl\u00e9 de feutre de laine et les deux fentes dos orn\u00e9es de boutons d\u00e9coratifs sous la couture de la taille apportent une touche distinctive, \u00e9l\u00e9gante et soign\u00e9e jusque dans les moindres d\u00e9tails.<\/p>\n<p>Au bureau, pour les grandes occasions ou pour les loisirs, le blazer femme \u00ab Carola \u00bb s\u00e9duit par sa coupe parfaite, son \u00e9l\u00e9gance classique et son charme britannique. Id\u00e9al pour les femmes \u00e9l\u00e9gantes, raffin\u00e9es et pleines de personnalit\u00e9\u00a0!<\/p>\n<p>\u2013 Harris Tweed \u2013 tiss\u00e9 \u00e0 la main en \u00c9cosse<br \/>\u2013 Coupe moderne<br \/>\u2013 \u00c9tiquette nominative<br \/>\u2013 Dessous de col en feutre de laine contrast\u00e9<br \/>\u2013 Deux poches \u00e0 rabat et une poche ticket sur le c\u00f4t\u00e9 droit<br \/>\u2013 Deux fentes au dos<\/p>\n<p>Mensurations du mod\u00e8le : Le mannequin mesure 176 cm et porte une taille 38.<br \/>Coupe : Coupe r\u00e9guli\u00e8re<br \/>Dimensions de l&#039;article : Pour la taille 36 : Longueur du dos : 68 cm \u2013 Longueur des manches \u00e0 partir du ballon : 61 cm \u2013 Demi-poitrine : 47,5 cm \u2013 Demi-taille : 41 cm<\/p>\n<p>Tissu ext\u00e9rieur : laine vierge 100%<br \/>Doublure : 55% polyester, 45% viscose<br \/>Doublure des manches : viscose 100%<\/p>","protected":false},"excerpt":{"rendered":"<p>Veste femme en tweed Harris Carola couleur cr\u00e8me cocktail 528.<\/p>\n<p>Le blazer pour femme Harris Tweed \u00ab Carola \u00bb, fabriqu\u00e9 en laine vierge 100%, est toujours tiss\u00e9 \u00e0 la main avec amour dans les H\u00e9brides \u00e9cossaises \u2013 chaque pi\u00e8ce est unique et impr\u00e9gn\u00e9e de l&#039;histoire culturelle britannique.<\/p>","protected":false},"featured_media":538036,"template":"","meta":[],"product_brand":[],"product_cat":[1159,592,353,1084,15,478],"product_tag":[],"class_list":{"0":"post-538035","1":"product","2":"type-product","3":"status-publish","4":"has-post-thumbnail","6":"product_cat-harris-tweed-blazer-damen","7":"product_cat-harris-tweed-blazer-fur-damen","8":"product_cat-harris-tweed-dames-jasjes","9":"product_cat-harris-tweed-jasjes-dames","10":"product_cat-harris-tweed-colberts","11":"product_cat-tweed-sakkos","12":"pa_merk-harristweed","14":"first","15":"outofstock","16":"taxable","17":"shipping-taxable","18":"product-type-variable"},"df_price":"","df_sale_price":"","df_regular_price":"","df_image_link":"https:\/\/harristweed-shop.be\/wp-content\/uploads\/2025\/04\/aa1b1a9545c753b50589bb8ad7599a9d_Harris_tweed_Dames_Jasje_528-225x300.jpg","_links":{"self":[{"href":"https:\/\/harristweed-shop.be\/fr\/wp-json\/wp\/v2\/product\/538035","targetHints":{"allow":["GET"]}}],"collection":[{"href":"https:\/\/harristweed-shop.be\/fr\/wp-json\/wp\/v2\/product"}],"about":[{"href":"https:\/\/harristweed-shop.be\/fr\/wp-json\/wp\/v2\/types\/product"}],"wp:featuredmedia":[{"embeddable":true,"href":"https:\/\/harristweed-shop.be\/fr\/wp-json\/wp\/v2\/media\/538036"}],"wp:attachment":[{"href":"https:\/\/harristweed-shop.be\/fr\/wp-json\/wp\/v2\/media?parent=538035"}],"wp:term":[{"taxonomy":"product_brand","embeddable":true,"href":"https:\/\/harristweed-shop.be\/fr\/wp-json\/wp\/v2\/product_brand?post=538035"},{"taxonomy":"product_cat","embeddable":true,"href":"https:\/\/harristweed-shop.be\/fr\/wp-json\/wp\/v2\/product_cat?post=538035"},{"taxonomy":"product_tag","embeddable":true,"href":"https:\/\/harristweed-shop.be\/fr\/wp-json\/wp\/v2\/product_tag?post=538035"}],"curies":[{"name":"wp","href":"https:\/\/api.w.org\/{rel}","templated":true}]}}