{"id":538017,"date":"2025-04-15T09:14:21","date_gmt":"2025-04-15T09:14:21","guid":{"rendered":"https:\/\/harristweed-shop.be\/product\/harris-tweed-dames-jasje-kort-625\/"},"modified":"2026-04-07T21:25:28","modified_gmt":"2026-04-07T21:25:28","slug":"harris-tweed-dames-jasje-kort-625","status":"publish","type":"product","link":"https:\/\/harristweed-shop.be\/fr\/produit\/veste-courte-en-tweed-harris-pour-femme-625\/","title":{"rendered":"Veste courte Ami pour femme en Harris Tweed \u00e0 carreaux \u00e9cossais"},"content":{"rendered":"<p>Tradition et innovation se conjuguent dans cet \u00e9l\u00e9gant blazer en Harris Tweed \u201c\u00a0Ami\u00a0\u201d, v\u00e9ritable t\u00e9moignage d&#039;un savoir-faire d&#039;exception. La laine s\u00e9lectionn\u00e9e, tiss\u00e9e \u00e0 la main dans les H\u00e9brides ext\u00e9rieures en \u00c9cosse, offre une chaleur confortable et une allure raffin\u00e9e. Ce blazer \u00e0 deux boutons pr\u00e9sente une silhouette f\u00e9minine et cintr\u00e9e, ainsi qu&#039;une coupe moderne, avec un revers crant\u00e9, deux coutures poitrine, une fente au dos et une doublure jaune. Parmi ses d\u00e9tails charmants, on retrouve le dessous de col doubl\u00e9 de polaire turquoise et les boutons effet corne. Classique, intemporel et pourtant r\u00e9solument moderne, ce magnifique blazer se marie avec style \u00e0 merveille avec des cardigans, des jupes, des jeans ou des pantalons en laine.<\/p>\n<p>\u2013 Une poche int\u00e9rieure<br \/>- Enti\u00e8rement doubl\u00e9<br \/>\u2013 Harris Tweed \u2013 tiss\u00e9 \u00e0 la main en \u00c9cosse<br \/>\u2013 Blazer court<br \/>\u2013 Dessous de col doubl\u00e9 polaire<br \/>\u2013 \u00c9tiquette nominative<br \/>\u2013 Deux poches \u00e0 rabat<\/p>\n<p>Coupe : L\u00e9g\u00e8rement ajust\u00e9e, mod\u00e8le court<br \/>Mesures\u00a0: Pour la taille 36, les mesures sont les suivantes\u00a0: Longueur dos\u00a0: 61,5\u00a0cm \u2013 Longueur des manches depuis la poitrine\u00a0: 62,5\u00a0cm \u2013 Demi-tour de poitrine\u00a0: 50,5\u00a0cm \u2013 Demi-tour de taille\u00a0: 44\u00a0cm<\/p>\n<p>Tissu ext\u00e9rieur : laine vierge 100%<br \/>Doublure : 55% polyester, 45% viscose<br \/>Doublure des manches : viscose 100%<\/p>","protected":false},"excerpt":{"rendered":"<p>Veste courte pour femme Harris Tweed Ami \u00e0 carreaux \u00e9cossais 625.<\/p>\n<p>Tradition et innovation se conjuguent dans cet \u00e9l\u00e9gant blazer en Harris Tweed \u201c\u00a0Ami\u00a0\u201d, t\u00e9moignant d&#039;un savoir-faire d&#039;exception. La laine s\u00e9lectionn\u00e9e est tiss\u00e9e \u00e0 la main dans les H\u00e9brides ext\u00e9rieures, en \u00c9cosse. Elle offre une chaleur confortable et une allure raffin\u00e9e.<\/p>","protected":false},"featured_media":538018,"template":"","meta":[],"product_brand":[],"product_cat":[1159,592,353,1084,15,478],"product_tag":[],"class_list":{"0":"post-538017","1":"product","2":"type-product","3":"status-publish","4":"has-post-thumbnail","6":"product_cat-harris-tweed-blazer-damen","7":"product_cat-harris-tweed-blazer-fur-damen","8":"product_cat-harris-tweed-dames-jasjes","9":"product_cat-harris-tweed-jasjes-dames","10":"product_cat-harris-tweed-colberts","11":"product_cat-tweed-sakkos","12":"pa_merk-harristweed","14":"first","15":"outofstock","16":"taxable","17":"shipping-taxable","18":"product-type-variable"},"df_price":"","df_sale_price":"","df_regular_price":"","df_image_link":"https:\/\/harristweed-shop.be\/wp-content\/uploads\/2025\/04\/e2e2db0fbf317fb8efa5b89b1535fd72_Harris_tweed_Dames_Jasje_kort_625-225x300.jpg","_links":{"self":[{"href":"https:\/\/harristweed-shop.be\/fr\/wp-json\/wp\/v2\/product\/538017","targetHints":{"allow":["GET"]}}],"collection":[{"href":"https:\/\/harristweed-shop.be\/fr\/wp-json\/wp\/v2\/product"}],"about":[{"href":"https:\/\/harristweed-shop.be\/fr\/wp-json\/wp\/v2\/types\/product"}],"wp:featuredmedia":[{"embeddable":true,"href":"https:\/\/harristweed-shop.be\/fr\/wp-json\/wp\/v2\/media\/538018"}],"wp:attachment":[{"href":"https:\/\/harristweed-shop.be\/fr\/wp-json\/wp\/v2\/media?parent=538017"}],"wp:term":[{"taxonomy":"product_brand","embeddable":true,"href":"https:\/\/harristweed-shop.be\/fr\/wp-json\/wp\/v2\/product_brand?post=538017"},{"taxonomy":"product_cat","embeddable":true,"href":"https:\/\/harristweed-shop.be\/fr\/wp-json\/wp\/v2\/product_cat?post=538017"},{"taxonomy":"product_tag","embeddable":true,"href":"https:\/\/harristweed-shop.be\/fr\/wp-json\/wp\/v2\/product_tag?post=538017"}],"curies":[{"name":"wp","href":"https:\/\/api.w.org\/{rel}","templated":true}]}}