{"id":537996,"date":"2025-04-15T09:13:21","date_gmt":"2025-04-15T09:13:21","guid":{"rendered":"https:\/\/harristweed-shop.be\/product\/harris-tweed-dames-jasje-rose\/"},"modified":"2026-04-07T21:41:25","modified_gmt":"2026-04-07T21:41:25","slug":"harris-tweed-dames-jasje-rose","status":"publish","type":"product","link":"https:\/\/harristweed-shop.be\/fr\/produit\/veste-femme-en-tweed-harris-rose\/","title":{"rendered":"Veste femme en tweed Harris Rose"},"content":{"rendered":"<p>\u2022 HARRIS TWEED \u2013 tiss\u00e9 \u00e0 la main en \u00c9cosse<br \/>\n\u2022 coupe moderne<br \/>\n\u2022 \u00c9tiquette nominative<br \/>\n\u2022 Dessous de col en feutre de laine contrast\u00e9<br \/>\n\u2022 deux poches \u00e0 rabat et une poche ticket sur le c\u00f4t\u00e9 droit<br \/>\n\u2022 deux fentes lat\u00e9rales<br \/>\n\u00ab L&#039;un des plus beaux tweeds au monde \u00bb<\/p>\n<p>Tradition et innovation se marient dans cet \u00e9l\u00e9gant blazer \u00ab Carola \u00bb en Harris Tweed. La laine s\u00e9lectionn\u00e9e, exceptionnellement r\u00e9sistante, est tiss\u00e9e \u00e0 la main et provient des H\u00e9brides ext\u00e9rieures, en \u00c9cosse. Confortablement chaude, elle pr\u00e9sente une allure \u00e9l\u00e9gante. Ce blazer trois boutons, \u00e0 la coupe f\u00e9minine, pr\u00e9sente une coupe moderne et s\u00e9duit par son excellente finition. Il est dot\u00e9 d&#039;un col \u00e0 revers, de deux poches \u00e0 rabat, d&#039;une poche ticket, d&#039;une poche poitrine et de deux fentes lat\u00e9rales au dos. Le dessous de col doubl\u00e9 de laine polaire et les boutons effet corne t\u00e9moignent de d\u00e9tails soign\u00e9s. Classique, intemporel et pourtant moderne\u00a0: cette magnifique veste s&#039;associe avec \u00e9l\u00e9gance \u00e0 des cardigans, des jupes, des jeans d\u00e9contract\u00e9s et des pantalons en laine. Le certificat d&#039;authenticit\u00e9 cousu de la HARRIS TWEED Authority garantit cette qualit\u00e9 unique.<br \/>\nMensurations du mod\u00e8le : Le mannequin mesure 176 cm et porte une taille 36.<br \/>\nCoupe : coupe r\u00e9guli\u00e8re<br \/>\nDimensions de l&#039;article : pour la taille 36 : - Longueur du dos : 68 cm - Longueur des manches \u00e0 partir du ballon : 61,5 cm - Demi-poitrine : 47,5 cm - Demi-taille : 41 cm<br \/>\nTissu ext\u00e9rieur : laine vierge 100%<br \/>\nDoublure : 55% Polyester, 45% Viscose<br \/>\nDoublure des manches : viscose 100%<\/p>","protected":false},"excerpt":{"rendered":"<p>\u2022 HARRIS TWEED &#8211; handgeweven in Schotland \u2022 moderne snit \u2022 Naamlabel \u2022 Onderkraag van contrasterend wolvilt \u2022 twee klepzakken en ticketzakje aan de rechterkant \u2022 twee zijsplitjes \u201cEen van de beste tweeds ter wereld\u201d Traditie en innovatie komen samen in dit elegante Harris Tweed-blazer &#8220;Carola&#8221;. De geselecteerde, bijzonder slijtvaste wolkwaliteit is handgeweven en komt [&hellip;]<\/p>\n","protected":false},"featured_media":537997,"template":"","meta":[],"product_brand":[],"product_cat":[1159,592,353,1084,15,478],"product_tag":[],"class_list":{"0":"post-537996","1":"product","2":"type-product","3":"status-publish","4":"has-post-thumbnail","6":"product_cat-harris-tweed-blazer-damen","7":"product_cat-harris-tweed-blazer-fur-damen","8":"product_cat-harris-tweed-dames-jasjes","9":"product_cat-harris-tweed-jasjes-dames","10":"product_cat-harris-tweed-colberts","11":"product_cat-tweed-sakkos","12":"pa_merk-wellington","14":"first","15":"outofstock","16":"taxable","17":"shipping-taxable","18":"product-type-variable"},"df_price":"","df_sale_price":"","df_regular_price":"","df_image_link":"https:\/\/harristweed-shop.be\/wp-content\/uploads\/2025\/04\/260a14768b3c2353e735946e1904ad86_Yorkshire_Tweed_Dames_Jasje_Rose_47-225x300.jpg","_links":{"self":[{"href":"https:\/\/harristweed-shop.be\/fr\/wp-json\/wp\/v2\/product\/537996","targetHints":{"allow":["GET"]}}],"collection":[{"href":"https:\/\/harristweed-shop.be\/fr\/wp-json\/wp\/v2\/product"}],"about":[{"href":"https:\/\/harristweed-shop.be\/fr\/wp-json\/wp\/v2\/types\/product"}],"wp:featuredmedia":[{"embeddable":true,"href":"https:\/\/harristweed-shop.be\/fr\/wp-json\/wp\/v2\/media\/537997"}],"wp:attachment":[{"href":"https:\/\/harristweed-shop.be\/fr\/wp-json\/wp\/v2\/media?parent=537996"}],"wp:term":[{"taxonomy":"product_brand","embeddable":true,"href":"https:\/\/harristweed-shop.be\/fr\/wp-json\/wp\/v2\/product_brand?post=537996"},{"taxonomy":"product_cat","embeddable":true,"href":"https:\/\/harristweed-shop.be\/fr\/wp-json\/wp\/v2\/product_cat?post=537996"},{"taxonomy":"product_tag","embeddable":true,"href":"https:\/\/harristweed-shop.be\/fr\/wp-json\/wp\/v2\/product_tag?post=537996"}],"curies":[{"name":"wp","href":"https:\/\/api.w.org\/{rel}","templated":true}]}}