{"id":537975,"date":"2025-04-15T09:12:15","date_gmt":"2025-04-15T09:12:15","guid":{"rendered":"https:\/\/harristweed-shop.be\/product\/wellington-fieldjacket-in-harris-tweed\/"},"modified":"2026-04-21T11:38:37","modified_gmt":"2026-04-21T11:38:37","slug":"wellington-fieldjacket-in-harris-tweed","status":"publish","type":"product","link":"https:\/\/harristweed-shop.be\/fr\/produit\/veste-de-campagne-wellington-en-tweed-harris\/","title":{"rendered":"Flyjacket Harris Tweed \u201c Bristol \u201d vert sapin"},"content":{"rendered":"<p>La veste de combat \u00ab\u00a0Bristol\u00a0\u00bb, confectionn\u00e9e en tweed Harris haut de gamme, allie avec brio tradition et charme britannique. Ce tissu exclusif et r\u00e9sistant ne b\u00e9n\u00e9ficie du label de qualit\u00e9 convoit\u00e9 que lorsqu&#039;il est tiss\u00e9 \u00e0 la main sur l&#039;\u00eele \u00e9cossaise de Harris. Robuste, durable et chaude, cette veste offre non seulement une protection parfaite pour les activit\u00e9s de plein air comme la chasse, mais aussi un confort absolu. <\/p>\n<p>Elle s\u00e9duit par ses d\u00e9tails pratiques et bien pens\u00e9s, tels que deux grandes poches \u00e0 plis et de confortables poches en biais \u00e0 rabat. L&#039;int\u00e9rieur du col et de la patte de boutonnage est doubl\u00e9 d&#039;un velours c\u00f4tel\u00e9 fin et doux. Elle est dot\u00e9e de poignets r\u00e9glables, d&#039;une fermeture \u00e9clair \u00e0 double curseur dissimul\u00e9e et de logos imprim\u00e9s couleur laiton de haute qualit\u00e9. Un cordon de serrage \u00e0 la taille et \u00e0 l&#039;ourlet permet d&#039;ajuster la largeur pour se prot\u00e9ger du froid. Sa doublure matelass\u00e9e chaude et sa poche int\u00e9rieure pratique font de cette veste le compagnon id\u00e9al, notamment pour les fra\u00eeches journ\u00e9es d&#039;automne. Pi\u00e8ce \u00e9l\u00e9gante et affirm\u00e9e, cette veste confortable s&#039;av\u00e8re un choix polyvalent et parfait pour un usage quotidien.<\/p>\n<p>\u2013 Poches plaqu\u00e9es<br \/>\u2013 Une poche int\u00e9rieure<br \/>\u2013 Harris Tweed \u2013 tiss\u00e9 \u00e0 la main en \u00c9cosse<br \/>\u2013 Col en velours c\u00f4tel\u00e9 fin<br \/>\u2013 \u00c9tiquette nominative<br \/>\u2013 Poches lat\u00e9rales<br \/>\u2013 Doublure matelass\u00e9e chaude<\/p>\n<p>Mensurations du mod\u00e8le : Le mannequin mesure 189 cm et porte une taille 50.<br \/>Coupe : Mod\u00e8le droit<br \/>Dimensions de l&#039;article : pour la taille 50 : \u2013 Longueur du dos : 81 cm \u2013 Longueur des manches \u00e0 partir du ballon : 69 cm \u2013 Demi-poitrine : 62 cm<\/p>\n<p>Tissu ext\u00e9rieur : laine vierge 100%<br \/>Doublure : viscose 100%<br \/>Doublure des manches : viscose 100%<\/p>","protected":false},"excerpt":{"rendered":"<p>Veste volante Harris Tweed \u201c Bristol \u201d en vert sapin 670.<\/p>\n<p>La veste militaire \u00ab\u00a0Bristol\u00a0\u00bb, confectionn\u00e9e en tweed Harris haut de gamme, allie avec brio tradition et charme britannique. Ce tissu exclusif et r\u00e9sistant ne re\u00e7oit le label de qualit\u00e9 convoit\u00e9 que lorsqu&#039;il est tiss\u00e9 \u00e0 la main sur l&#039;\u00eele \u00e9cossaise de Harris.<\/p>","protected":false},"featured_media":537976,"template":"","meta":[],"product_brand":[],"product_cat":[1212,1087,1157,530,87,482,531],"product_tag":[],"class_list":{"0":"post-537975","1":"product","2":"type-product","3":"status-publish","4":"has-post-thumbnail","6":"product_cat-harris-tweed","7":"product_cat-harris-tweed-jassen-en-jacks-heren","8":"product_cat-harris-tweed-mantel-und-jacken-fur-herren","9":"product_cat-heren-jassen-en-jacks","10":"product_cat-jassen-en-jacks","11":"product_cat-mantel-und-jacken","12":"product_cat-mantel-und-jacken-fur-herren","13":"pa_merk-wellington","15":"first","16":"instock","17":"taxable","18":"shipping-taxable","19":"purchasable","20":"product-type-variable"},"df_price":449.95,"df_sale_price":"","df_regular_price":449.95,"df_image_link":"https:\/\/harristweed-shop.be\/wp-content\/uploads\/2025\/04\/a50eb48f37cc3a414adadbd91dba2a00_Wellington_Fieldjacket_in_Harris_Tweed_2-225x300.jpg","_links":{"self":[{"href":"https:\/\/harristweed-shop.be\/fr\/wp-json\/wp\/v2\/product\/537975","targetHints":{"allow":["GET"]}}],"collection":[{"href":"https:\/\/harristweed-shop.be\/fr\/wp-json\/wp\/v2\/product"}],"about":[{"href":"https:\/\/harristweed-shop.be\/fr\/wp-json\/wp\/v2\/types\/product"}],"wp:featuredmedia":[{"embeddable":true,"href":"https:\/\/harristweed-shop.be\/fr\/wp-json\/wp\/v2\/media\/537976"}],"wp:attachment":[{"href":"https:\/\/harristweed-shop.be\/fr\/wp-json\/wp\/v2\/media?parent=537975"}],"wp:term":[{"taxonomy":"product_brand","embeddable":true,"href":"https:\/\/harristweed-shop.be\/fr\/wp-json\/wp\/v2\/product_brand?post=537975"},{"taxonomy":"product_cat","embeddable":true,"href":"https:\/\/harristweed-shop.be\/fr\/wp-json\/wp\/v2\/product_cat?post=537975"},{"taxonomy":"product_tag","embeddable":true,"href":"https:\/\/harristweed-shop.be\/fr\/wp-json\/wp\/v2\/product_tag?post=537975"}],"curies":[{"name":"wp","href":"https:\/\/api.w.org\/{rel}","templated":true}]}}