{"id":537960,"date":"2025-04-15T09:10:20","date_gmt":"2025-04-15T09:10:20","guid":{"rendered":"https:\/\/harristweed-shop.be\/product\/harris-tweed-jack-3-kwart-670\/"},"modified":"2026-04-24T11:36:42","modified_gmt":"2026-04-24T11:36:42","slug":"harris-tweed-jack-3-kwart-670","status":"publish","type":"product","link":"https:\/\/harristweed-shop.be\/fr\/produit\/veste-en-tweed-harris-3-quarts-670\/","title":{"rendered":"Parka Harris Tweed \u201c Finsbay \u201d vert sapin"},"content":{"rendered":"<p>Cette parka l\u00e9g\u00e8re en \u00e9dition limit\u00e9e est une reproduction authentique et modernis\u00e9e d&#039;une veste de sport vintage. Couleur, style, d\u00e9tails et tissu HARRIS TWEED s&#039;associent parfaitement. La capuche est r\u00e9glable par cordons de serrage. Elle est \u00e9galement dot\u00e9e d&#039;une fermeture \u00e9clair sur toute la longueur avec rabat \u00e0 pression, de passants de manche r\u00e9glables avec boutons torsad\u00e9s en corne v\u00e9ritable, d&#039;une ceinture ajustable par cordon de serrage \u00e0 l&#039;arri\u00e8re, d&#039;un dos allong\u00e9 signature, de deux poches repose-mains zipp\u00e9es et de deux poches \u00e0 rabat confortables. L&#039;int\u00e9rieur de la parka est dot\u00e9 d&#039;une doublure confortable et d&#039;un rembourrage chaud pour l&#039;hiver, ainsi que de deux poches int\u00e9rieures.<\/p>\n<p>\u2013 Harris Tweed \u2013 tiss\u00e9 \u00e0 la main en \u00c9cosse<br \/>\u2013 Taille ajustable<br \/>\u2013 \u00c9tiquette nominative<br \/>\u2013 Fermeture \u00e0 pression dissimul\u00e9e<br \/>\u2013 Sangle de manche r\u00e9glable avec boutons torsad\u00e9s en corne v\u00e9ritable<br \/>\u2013 Capuche r\u00e9glable<br \/>- Doubl\u00e9<br \/>\u2013 Deux poches int\u00e9rieures<\/p>\n<p>Mensurations du mod\u00e8le : Le mannequin mesure 190 cm et porte une taille 50<br \/>Coupe : Confortable, coupe droite<br \/>Dimensions de l&#039;article : Pour la taille 50, les mesures sont : Demi-poitrine : 60,5 cm \u2013 Demi-taille : 55 cm \u2013 Largeur d&#039;\u00e9paule : 11,5 cm \u2013 Longueur des manches \u00e0 partir du ballon : 67 cm \u2013 Longueur du dos : 88 cm<\/p>\n<p>Tissu ext\u00e9rieur : laine vierge 100%<br \/>Doublure : 55% polyester, 45% viscose<br \/>Doublure des manches : 55% polyester, 45% viscose<\/p>","protected":false},"excerpt":{"rendered":"<p>Parka Harris Tweed \u201c Finsbay \u201d en vert sapin 670.<\/p>\n<p>Cette parka l\u00e9g\u00e8re en \u00e9dition limit\u00e9e est une reproduction authentique et modernis\u00e9e d&#039;une veste de sport vintage. Couleur, style, d\u00e9tails et tissu HARRIS TWEED s&#039;associent pour cr\u00e9er un m\u00e9lange parfait.<\/p>","protected":false},"featured_media":537961,"template":"","meta":[],"product_brand":[],"product_cat":[1087,1157,530,87,482,531],"product_tag":[],"class_list":{"0":"post-537960","1":"product","2":"type-product","3":"status-publish","4":"has-post-thumbnail","6":"product_cat-harris-tweed-jassen-en-jacks-heren","7":"product_cat-harris-tweed-mantel-und-jacken-fur-herren","8":"product_cat-heren-jassen-en-jacks","9":"product_cat-jassen-en-jacks","10":"product_cat-mantel-und-jacken","11":"product_cat-mantel-und-jacken-fur-herren","12":"pa_merk-wellington","14":"first","15":"instock","16":"taxable","17":"shipping-taxable","18":"purchasable","19":"product-type-variable"},"df_price":499.95,"df_sale_price":"","df_regular_price":499.95,"df_image_link":"https:\/\/harristweed-shop.be\/wp-content\/uploads\/2025\/04\/039c57df67310fc979cc1cec0f403f78_Harris_Tweed_Jack__3_kwart_670-225x300.jpg","_links":{"self":[{"href":"https:\/\/harristweed-shop.be\/fr\/wp-json\/wp\/v2\/product\/537960","targetHints":{"allow":["GET"]}}],"collection":[{"href":"https:\/\/harristweed-shop.be\/fr\/wp-json\/wp\/v2\/product"}],"about":[{"href":"https:\/\/harristweed-shop.be\/fr\/wp-json\/wp\/v2\/types\/product"}],"wp:featuredmedia":[{"embeddable":true,"href":"https:\/\/harristweed-shop.be\/fr\/wp-json\/wp\/v2\/media\/537961"}],"wp:attachment":[{"href":"https:\/\/harristweed-shop.be\/fr\/wp-json\/wp\/v2\/media?parent=537960"}],"wp:term":[{"taxonomy":"product_brand","embeddable":true,"href":"https:\/\/harristweed-shop.be\/fr\/wp-json\/wp\/v2\/product_brand?post=537960"},{"taxonomy":"product_cat","embeddable":true,"href":"https:\/\/harristweed-shop.be\/fr\/wp-json\/wp\/v2\/product_cat?post=537960"},{"taxonomy":"product_tag","embeddable":true,"href":"https:\/\/harristweed-shop.be\/fr\/wp-json\/wp\/v2\/product_tag?post=537960"}],"curies":[{"name":"wp","href":"https:\/\/api.w.org\/{rel}","templated":true}]}}