{"id":537946,"date":"2025-04-15T09:08:48","date_gmt":"2025-04-15T09:08:48","guid":{"rendered":"https:\/\/harristweed-shop.be\/product\/harris-tweed-jacket-dames-2\/"},"modified":"2026-05-05T04:02:42","modified_gmt":"2026-05-05T04:02:42","slug":"harris-tweed-jacket-dames-2","status":"publish","type":"product","link":"https:\/\/harristweed-shop.be\/fr\/produit\/veste-en-tweed-harris-pour-femme-2-2\/","title":{"rendered":"Veste en tweed Harris Tammy \u2013 Moutarde"},"content":{"rendered":"<p>L\u00e9g\u00e8rement plus courte que nos vestes de chasse habituelles, cette charmante veste en Harris Tweed jaune moutarde classique, un de nos mod\u00e8les les plus vendus, est parfaite pour les escapades du week-end et les tenues de bureau.<\/p>\n<p>\u2013 Tweed Harris jaune moutarde \u00e0 motif \u00e0 chevrons<br \/>\u2013 Tiss\u00e9 \u00e0 la main en pure laine 100%<br \/>\u2013 Division centrale<br \/>\u2013 Mod\u00e8le court<br \/>\u2013 Fermeture \u00e0 2 boutons<br \/>\u2013 Doublure dor\u00e9e \u00e0 motifs cachemire<\/p>","protected":false},"excerpt":{"rendered":"<p>Veste en tweed Harris Tammy \u2013 Moutarde.<\/p>\n<p>\u2013 Harris Tweed \u2013 Laine 100%<br \/>\n\u2013 Doublure \u2013 ac\u00e9tate 50%\/viscose 50%<br \/>\n\u2013 Le v\u00eatement est muni d&#039;une \u00e9tiquette confirmant l&#039;authenticit\u00e9 du tissu comme \u00e9tant du v\u00e9ritable Harris Tweed<br \/>\nNettoyage \u00e0 sec uniquement<\/p>","protected":false},"featured_media":537947,"template":"","meta":[],"product_brand":[],"product_cat":[1159,592,353,1084,15,478],"product_tag":[],"class_list":{"0":"post-537946","1":"product","2":"type-product","3":"status-publish","4":"has-post-thumbnail","6":"product_cat-harris-tweed-blazer-damen","7":"product_cat-harris-tweed-blazer-fur-damen","8":"product_cat-harris-tweed-dames-jasjes","9":"product_cat-harris-tweed-jasjes-dames","10":"product_cat-harris-tweed-colberts","11":"product_cat-tweed-sakkos","12":"pa_merk-harristweed","14":"first","15":"instock","16":"taxable","17":"shipping-taxable","18":"purchasable","19":"product-type-variable"},"df_price":398,"df_sale_price":"","df_regular_price":398,"df_image_link":"https:\/\/harristweed-shop.be\/wp-content\/uploads\/2025\/04\/3110da361921a7dd79c6b44b1dff88b7_Harris_Tweed_Jacket_Dames-225x300.jpg","_links":{"self":[{"href":"https:\/\/harristweed-shop.be\/fr\/wp-json\/wp\/v2\/product\/537946","targetHints":{"allow":["GET"]}}],"collection":[{"href":"https:\/\/harristweed-shop.be\/fr\/wp-json\/wp\/v2\/product"}],"about":[{"href":"https:\/\/harristweed-shop.be\/fr\/wp-json\/wp\/v2\/types\/product"}],"wp:featuredmedia":[{"embeddable":true,"href":"https:\/\/harristweed-shop.be\/fr\/wp-json\/wp\/v2\/media\/537947"}],"wp:attachment":[{"href":"https:\/\/harristweed-shop.be\/fr\/wp-json\/wp\/v2\/media?parent=537946"}],"wp:term":[{"taxonomy":"product_brand","embeddable":true,"href":"https:\/\/harristweed-shop.be\/fr\/wp-json\/wp\/v2\/product_brand?post=537946"},{"taxonomy":"product_cat","embeddable":true,"href":"https:\/\/harristweed-shop.be\/fr\/wp-json\/wp\/v2\/product_cat?post=537946"},{"taxonomy":"product_tag","embeddable":true,"href":"https:\/\/harristweed-shop.be\/fr\/wp-json\/wp\/v2\/product_tag?post=537946"}],"curies":[{"name":"wp","href":"https:\/\/api.w.org\/{rel}","templated":true}]}}