{"id":537941,"date":"2025-04-15T09:08:34","date_gmt":"2025-04-15T09:08:34","guid":{"rendered":"https:\/\/harristweed-shop.be\/product\/harris-tweed-overjas-grijs-visgraat-2\/"},"modified":"2026-04-07T21:55:35","modified_gmt":"2026-04-07T21:55:35","slug":"harris-tweed-overjas-grijs-visgraat-2","status":"publish","type":"product","link":"https:\/\/harristweed-shop.be\/fr\/produit\/pardessus-en-tweed-harris-gris-a-chevrons-2\/","title":{"rendered":"Pardessus en tweed Harris, chevrons gris"},"content":{"rendered":"<p>\u00ab L&#039;un des meilleurs tweeds au monde \u00bb<\/p>\n<p>Un pardessus \u00e9l\u00e9gant et sportif en Harris Tweed aux couleurs typiques des H\u00e9brides \u00e9cossaises, confectionn\u00e9 en pure laine de mouton. Sportif et indestructible, le Harris Tweed est tiss\u00e9 \u00e0 la main en \u00c9cosse. Un incontournable pour homme.<\/p>","protected":false},"excerpt":{"rendered":"<p>Magnifique pardessus en Harris Tweed aux tons naturels lumineux.<\/p>\n<p>Harris Tweed \u2013 tiss\u00e9 \u00e0 la main en \u00c9cosse<\/p>","protected":false},"featured_media":537942,"template":"","meta":[],"product_brand":[],"product_cat":[1087,1157,530,87,482,531],"product_tag":[],"class_list":{"0":"post-537941","1":"product","2":"type-product","3":"status-publish","4":"has-post-thumbnail","6":"product_cat-harris-tweed-jassen-en-jacks-heren","7":"product_cat-harris-tweed-mantel-und-jacken-fur-herren","8":"product_cat-heren-jassen-en-jacks","9":"product_cat-jassen-en-jacks","10":"product_cat-mantel-und-jacken","11":"product_cat-mantel-und-jacken-fur-herren","12":"pa_merk-wellington","14":"first","15":"outofstock","16":"taxable","17":"shipping-taxable","18":"product-type-variable"},"df_price":"","df_sale_price":"","df_regular_price":"","df_image_link":"https:\/\/harristweed-shop.be\/wp-content\/uploads\/2025\/04\/4efca64a6c94676df1710175cfa14304_Harris_Tweed_Overjas__Grijs_Visgraat-225x300.jpg","_links":{"self":[{"href":"https:\/\/harristweed-shop.be\/fr\/wp-json\/wp\/v2\/product\/537941","targetHints":{"allow":["GET"]}}],"collection":[{"href":"https:\/\/harristweed-shop.be\/fr\/wp-json\/wp\/v2\/product"}],"about":[{"href":"https:\/\/harristweed-shop.be\/fr\/wp-json\/wp\/v2\/types\/product"}],"wp:featuredmedia":[{"embeddable":true,"href":"https:\/\/harristweed-shop.be\/fr\/wp-json\/wp\/v2\/media\/537942"}],"wp:attachment":[{"href":"https:\/\/harristweed-shop.be\/fr\/wp-json\/wp\/v2\/media?parent=537941"}],"wp:term":[{"taxonomy":"product_brand","embeddable":true,"href":"https:\/\/harristweed-shop.be\/fr\/wp-json\/wp\/v2\/product_brand?post=537941"},{"taxonomy":"product_cat","embeddable":true,"href":"https:\/\/harristweed-shop.be\/fr\/wp-json\/wp\/v2\/product_cat?post=537941"},{"taxonomy":"product_tag","embeddable":true,"href":"https:\/\/harristweed-shop.be\/fr\/wp-json\/wp\/v2\/product_tag?post=537941"}],"curies":[{"name":"wp","href":"https:\/\/api.w.org\/{rel}","templated":true}]}}