{"id":537927,"date":"2025-04-15T09:07:34","date_gmt":"2025-04-15T09:07:34","guid":{"rendered":"https:\/\/harristweed-shop.be\/product\/harris-tweed-overjas-chelsea-overcoat-charcoal\/"},"modified":"2026-05-05T04:03:35","modified_gmt":"2026-05-05T04:03:35","slug":"harris-tweed-overjas-chelsea-overcoat-charcoal","status":"publish","type":"product","link":"https:\/\/harristweed-shop.be\/fr\/produit\/manteau-en-tweed-harris-manteau-chelsea-anthracite\/","title":{"rendered":"Manteau en tweed Harris, manteau Chelsea \u2013 Anthracite"},"content":{"rendered":"<p>Notre \u00e9l\u00e9gant manteau Chelsea, \u00e0 la coupe impeccable, arbore une silhouette classique de pardessus. Portez-le sur un costume en ville ou sur vos v\u00eatements d&#039;hiver \u00e0 la campagne. Son tissu Harris Tweed est rehauss\u00e9 d&#039;un doux col en velours pour une touche de confort et de raffinement suppl\u00e9mentaires.\n <\/p>\n<p>\u2013 Harris Tweed \u00e0 motif \u00e0 chevrons<br \/>\n<br \/>\u2013 Tiss\u00e9 \u00e0 la main en pure laine 100%<br \/>\n<br \/>\u2013 Col en velours de coton<br \/>\n<br \/>\u2013 Fendue \u00e0 l&#039;arri\u00e8re<br \/>\n<br \/>\u2013 Fermeture \u00e0 3 boutons<br \/>\n<br \/>\u2013 Doublure \u00e0 motif cachemire<\/p>","protected":false},"excerpt":{"rendered":"<p>Manteau en tweed Harris, manteau Chelsea \u2013 Anthracite.<\/p>\n<p>\u2013 Harris Tweed \u2013 Laine 100%<br \/>\n\u2013 Doublure \u2013 ac\u00e9tate 50%\/viscose 50%<br \/>\n\u2013 Finition \u2013 Velours de coton 100%<br \/>\n\u2013 Le v\u00eatement est muni d&#039;une \u00e9tiquette confirmant l&#039;authenticit\u00e9 du tissu comme \u00e9tant du v\u00e9ritable Harris Tweed<br \/>\nNettoyage \u00e0 sec uniquement<\/p>","protected":false},"featured_media":30421,"template":"","meta":[],"product_brand":[],"product_cat":[1087,1157,530,87,482,531],"product_tag":[],"class_list":{"0":"post-537927","1":"product","2":"type-product","3":"status-publish","4":"has-post-thumbnail","6":"product_cat-harris-tweed-jassen-en-jacks-heren","7":"product_cat-harris-tweed-mantel-und-jacken-fur-herren","8":"product_cat-heren-jassen-en-jacks","9":"product_cat-jassen-en-jacks","10":"product_cat-mantel-und-jacken","11":"product_cat-mantel-und-jacken-fur-herren","12":"pa_merk-bucktrout","14":"first","15":"instock","16":"taxable","17":"shipping-taxable","18":"purchasable","19":"product-type-variable"},"df_price":529.95,"df_sale_price":"","df_regular_price":529.95,"df_image_link":"https:\/\/harristweed-shop.be\/wp-content\/uploads\/2023\/03\/6058c2b63cbbd136381a6ae104e9e29f_6130Harris_Tweed_Overjas__CHELSEA_OVERCOAT___CHARCOAL-1-225x300.jpg","_links":{"self":[{"href":"https:\/\/harristweed-shop.be\/fr\/wp-json\/wp\/v2\/product\/537927","targetHints":{"allow":["GET"]}}],"collection":[{"href":"https:\/\/harristweed-shop.be\/fr\/wp-json\/wp\/v2\/product"}],"about":[{"href":"https:\/\/harristweed-shop.be\/fr\/wp-json\/wp\/v2\/types\/product"}],"wp:featuredmedia":[{"embeddable":true,"href":"https:\/\/harristweed-shop.be\/fr\/wp-json\/wp\/v2\/media\/30421"}],"wp:attachment":[{"href":"https:\/\/harristweed-shop.be\/fr\/wp-json\/wp\/v2\/media?parent=537927"}],"wp:term":[{"taxonomy":"product_brand","embeddable":true,"href":"https:\/\/harristweed-shop.be\/fr\/wp-json\/wp\/v2\/product_brand?post=537927"},{"taxonomy":"product_cat","embeddable":true,"href":"https:\/\/harristweed-shop.be\/fr\/wp-json\/wp\/v2\/product_cat?post=537927"},{"taxonomy":"product_tag","embeddable":true,"href":"https:\/\/harristweed-shop.be\/fr\/wp-json\/wp\/v2\/product_tag?post=537927"}],"curies":[{"name":"wp","href":"https:\/\/api.w.org\/{rel}","templated":true}]}}