{"id":537918,"date":"2025-04-15T09:07:23","date_gmt":"2025-04-15T09:07:23","guid":{"rendered":"https:\/\/harristweed-shop.be\/product\/harris-tweed-overjas-murdo-3-4-coat-mustard\/"},"modified":"2026-05-05T04:03:35","modified_gmt":"2026-05-05T04:03:35","slug":"harris-tweed-overjas-murdo-3-4-coat-mustard","status":"publish","type":"product","link":"https:\/\/harristweed-shop.be\/fr\/produit\/manteau-en-tweed-harris-murdo-3-4-moutarde\/","title":{"rendered":"Manteau en tweed Harris, Murdo \u00be \u2013 Moutarde"},"content":{"rendered":"<p>Ce v\u00eatement classique pr\u00e9sente une fermeture \u00e0 trois boutons, des revers traditionnels et une coupe ajust\u00e9e, confectionn\u00e9 dans l&#039;embl\u00e9matique Harris Tweed couleur moutarde \u00e0 motif chevrons. Portez-le avec une tenue habill\u00e9e ou d\u00e9contract\u00e9e pour une allure \u00e9l\u00e9gante et raffin\u00e9e en un instant.\n<\/p>\n<p>\u2013 Tweed Harris couleur moutarde \u00e0 motif \u00e0 chevrons<br \/>\n<br \/>\u2013 Tiss\u00e9 \u00e0 la main en pure laine 100%<br \/>\n<br \/>\u2013 Coupe moderne<br \/>\n<br \/>\u2013 Fermeture \u00e0 3 boutons<br \/>\n<br \/>\u2013 Doublure dor\u00e9e \u00e0 motifs cachemire<\/p>","protected":false},"excerpt":{"rendered":"<p>Manteau en tweed Harris, Murdo \u00be \u2013 Moutarde.<\/p>\n<p>\u2013 Harris Tweed \u2013 Laine 100%<br \/>\n\u2013 Doublure \u2013 ac\u00e9tate 50%\/viscose 50%<br \/>\n\u2013 Le v\u00eatement est muni d&#039;une \u00e9tiquette confirmant l&#039;authenticit\u00e9 du tissu comme \u00e9tant du v\u00e9ritable Harris Tweed<br \/>\nNettoyage \u00e0 sec uniquement<\/p>","protected":false},"featured_media":30330,"template":"","meta":[],"product_brand":[],"product_cat":[1087,1157,530,87,482,531],"product_tag":[],"class_list":{"0":"post-537918","1":"product","2":"type-product","3":"status-publish","4":"has-post-thumbnail","6":"product_cat-harris-tweed-jassen-en-jacks-heren","7":"product_cat-harris-tweed-mantel-und-jacken-fur-herren","8":"product_cat-heren-jassen-en-jacks","9":"product_cat-jassen-en-jacks","10":"product_cat-mantel-und-jacken","11":"product_cat-mantel-und-jacken-fur-herren","12":"pa_merk-bucktrout","14":"first","15":"instock","16":"taxable","17":"shipping-taxable","18":"purchasable","19":"product-type-variable"},"df_price":498.95,"df_sale_price":"","df_regular_price":498.95,"df_image_link":"https:\/\/harristweed-shop.be\/wp-content\/uploads\/2023\/03\/5a77a0aa0e5795fdb84e7bf6d7ff5146_6123Harris_Tweed_Overjas__MURDO_3_4_COAT___MUSTARD-1-225x300.jpg","_links":{"self":[{"href":"https:\/\/harristweed-shop.be\/fr\/wp-json\/wp\/v2\/product\/537918","targetHints":{"allow":["GET"]}}],"collection":[{"href":"https:\/\/harristweed-shop.be\/fr\/wp-json\/wp\/v2\/product"}],"about":[{"href":"https:\/\/harristweed-shop.be\/fr\/wp-json\/wp\/v2\/types\/product"}],"wp:featuredmedia":[{"embeddable":true,"href":"https:\/\/harristweed-shop.be\/fr\/wp-json\/wp\/v2\/media\/30330"}],"wp:attachment":[{"href":"https:\/\/harristweed-shop.be\/fr\/wp-json\/wp\/v2\/media?parent=537918"}],"wp:term":[{"taxonomy":"product_brand","embeddable":true,"href":"https:\/\/harristweed-shop.be\/fr\/wp-json\/wp\/v2\/product_brand?post=537918"},{"taxonomy":"product_cat","embeddable":true,"href":"https:\/\/harristweed-shop.be\/fr\/wp-json\/wp\/v2\/product_cat?post=537918"},{"taxonomy":"product_tag","embeddable":true,"href":"https:\/\/harristweed-shop.be\/fr\/wp-json\/wp\/v2\/product_tag?post=537918"}],"curies":[{"name":"wp","href":"https:\/\/api.w.org\/{rel}","templated":true}]}}