{"id":537897,"date":"2025-04-15T09:06:26","date_gmt":"2025-04-15T09:06:26","guid":{"rendered":"https:\/\/harristweed-shop.be\/product\/harris-tweed-vestje-iain-waistcoat-charcoal\/"},"modified":"2026-04-21T10:35:25","modified_gmt":"2026-04-21T10:35:25","slug":"harris-tweed-vestje-iain-waistcoat-charcoal","status":"publish","type":"product","link":"https:\/\/harristweed-shop.be\/fr\/produit\/gilet-en-tweed-harris-et-gilet-iain-anthracite\/","title":{"rendered":"Gilet en tweed Harris, gilet Iain \u2013 Anthracite"},"content":{"rendered":"<p>Un cardigan classique \u00e0 cinq boutons, \u00e0 porter avec ou sans veste. Con\u00e7us pour s&#039;harmoniser avec nos vestes, les cardigans Iain sont disponibles dans une vari\u00e9t\u00e9 de tissus Harris Tweed. Ils sont orn\u00e9s d&#039;une \u00e9l\u00e9gante doublure \u00e0 motif cachemire au dos.<\/p>\n<p>\u2013 Tweed Harris \u00e0 carreaux marron<br \/>\n\u2013 Tiss\u00e9 \u00e0 la main en pure laine 100%<br \/>\n\u2013 Doublure arri\u00e8re \u00e0 motif cachemire marron avec fermeture r\u00e9glable<br \/>\n- Fermeture \u00e0 5 boutons<br \/>\n\u2013 Poches passepoil\u00e9es<br \/>\n\u2013 Veste assortie disponible (voir la veste Patrick)<\/p>","protected":false},"excerpt":{"rendered":"<p>Gilet en tweed Harris, gilet Iain \u2013 Anthracite.<\/p>\n<p>\u2013 Harris Tweed \u2013 Laine 100%<br \/>\n\u2013 Doublure : ac\u00e9tate 50%\/viscose 50%<br \/>\n\u2013 Boutons en cuir faits main<br \/>\n\u2013 Le v\u00eatement est muni d&#039;une \u00e9tiquette confirmant l&#039;authenticit\u00e9 du tissu comme \u00e9tant du v\u00e9ritable Harris Tweed<br \/>\nNettoyage \u00e0 sec uniquement<br \/>\nArticles assortis disponibles<\/p>","protected":false},"featured_media":537898,"template":"","meta":[],"product_brand":[],"product_cat":[1088,1156,510,1078,512,88,511],"product_tag":[],"class_list":{"0":"post-537897","1":"product","2":"type-product","3":"status-publish","4":"has-post-thumbnail","6":"product_cat-harris-tweed-vestjes-en-gilets-heren","7":"product_cat-harris-tweed-westen-und-gilets-herren","8":"product_cat-heren-vestjes","9":"product_cat-heren-vestjes-harris-tweed","10":"product_cat-herren-westen-und-gilets","11":"product_cat-vestjes-en-gilets","12":"product_cat-westen-und-gilets","13":"pa_merk-bucktrout","15":"first","16":"instock","17":"taxable","18":"shipping-taxable","19":"purchasable","20":"product-type-variable"},"df_price":179.95,"df_sale_price":"","df_regular_price":179.95,"df_image_link":"https:\/\/harristweed-shop.be\/wp-content\/uploads\/2025\/04\/e0b706028f6499b27f0a1c51fa7899cd_6106Harris_Tweed_Vestje__IAIN_WAISTCOAT___CHARCOAL-225x300.jpg","_links":{"self":[{"href":"https:\/\/harristweed-shop.be\/fr\/wp-json\/wp\/v2\/product\/537897","targetHints":{"allow":["GET"]}}],"collection":[{"href":"https:\/\/harristweed-shop.be\/fr\/wp-json\/wp\/v2\/product"}],"about":[{"href":"https:\/\/harristweed-shop.be\/fr\/wp-json\/wp\/v2\/types\/product"}],"wp:featuredmedia":[{"embeddable":true,"href":"https:\/\/harristweed-shop.be\/fr\/wp-json\/wp\/v2\/media\/537898"}],"wp:attachment":[{"href":"https:\/\/harristweed-shop.be\/fr\/wp-json\/wp\/v2\/media?parent=537897"}],"wp:term":[{"taxonomy":"product_brand","embeddable":true,"href":"https:\/\/harristweed-shop.be\/fr\/wp-json\/wp\/v2\/product_brand?post=537897"},{"taxonomy":"product_cat","embeddable":true,"href":"https:\/\/harristweed-shop.be\/fr\/wp-json\/wp\/v2\/product_cat?post=537897"},{"taxonomy":"product_tag","embeddable":true,"href":"https:\/\/harristweed-shop.be\/fr\/wp-json\/wp\/v2\/product_tag?post=537897"}],"curies":[{"name":"wp","href":"https:\/\/api.w.org\/{rel}","templated":true}]}}