{"id":537888,"date":"2025-04-15T09:05:47","date_gmt":"2025-04-15T09:05:47","guid":{"rendered":"https:\/\/harristweed-shop.be\/product\/harris-tweed-vestje-angus-waistcoat-brown-multi\/"},"modified":"2026-04-07T22:25:37","modified_gmt":"2026-04-07T22:25:37","slug":"harris-tweed-vestje-angus-waistcoat-brown-multi","status":"publish","type":"product","link":"https:\/\/harristweed-shop.be\/fr\/produit\/harris-tweed-vestje-angus-gilet-marron-multi\/","title":{"rendered":"Gilet en tweed Harris, gilet Angus \u2013 Marron multicolore"},"content":{"rendered":"<p>Un cardigan classique \u00e0 cinq boutons et col, qui se porte aussi bien avec qu&#039;avec une veste. Con\u00e7us pour s&#039;harmoniser avec nos vestes, les cardigans Angus sont disponibles dans une vari\u00e9t\u00e9 de tissus Harris Tweed. Ils sont orn\u00e9s d&#039;une \u00e9l\u00e9gante doublure \u00e0 motif cachemire au dos.<\/p>\n<p>\u2013 Tweed Harris marron \u00e0 motif \u00e0 carreaux multicolores<br \/>\n<br \/>\u2013 Tweed provenant de tisserands \u00e9cossais<br \/>\n<br \/>\u2013 Tiss\u00e9 \u00e0 partir de pure laine 100%<br \/>\n<br \/>\u2013 Doublure \u00e0 motifs cachemire au dos<br \/>\n<br \/>\u2013 Ceinture et boucle \u00e0 l&#039;arri\u00e8re<br \/>\n<br \/>\u2013 Poches passepoil\u00e9es \u00e0 rabat<br \/>\n<br \/>\u2013 Coupe moderne<\/p>","protected":false},"excerpt":{"rendered":"<p>Gilet en tweed Harris, gilet Angus \u2013 Marron multicolore.<\/p>\n<p>\u2013 Harris Tweed \u2013 Laine 100%<br \/>\n\u2013 Doublure : ac\u00e9tate 50%\/viscose 50%<br \/>\n\u2013 Boutons en cuir faits main<br \/>\n\u2013 Le v\u00eatement est muni d&#039;une \u00e9tiquette confirmant l&#039;authenticit\u00e9 du tissu comme \u00e9tant du v\u00e9ritable Harris Tweed<br \/>\nNettoyage \u00e0 sec uniquement<br \/>\nArticles assortis disponibles<\/p>","protected":false},"featured_media":537889,"template":"","meta":[],"product_brand":[],"product_cat":[1088,1156,510,1078,512,88,511],"product_tag":[],"class_list":{"0":"post-537888","1":"product","2":"type-product","3":"status-publish","4":"has-post-thumbnail","6":"product_cat-harris-tweed-vestjes-en-gilets-heren","7":"product_cat-harris-tweed-westen-und-gilets-herren","8":"product_cat-heren-vestjes","9":"product_cat-heren-vestjes-harris-tweed","10":"product_cat-herren-westen-und-gilets","11":"product_cat-vestjes-en-gilets","12":"product_cat-westen-und-gilets","13":"pa_merk-bucktrout","15":"first","16":"outofstock","17":"taxable","18":"shipping-taxable","19":"product-type-variable"},"df_price":"","df_sale_price":"","df_regular_price":"","df_image_link":"https:\/\/harristweed-shop.be\/wp-content\/uploads\/2025\/04\/a5bd466e81a5f62e14d3e9945ae0b87f_6073Harris_Tweed_Vestje__ANGUS_WAISTCOAT___BROWN_MULTI-225x300.jpg","_links":{"self":[{"href":"https:\/\/harristweed-shop.be\/fr\/wp-json\/wp\/v2\/product\/537888","targetHints":{"allow":["GET"]}}],"collection":[{"href":"https:\/\/harristweed-shop.be\/fr\/wp-json\/wp\/v2\/product"}],"about":[{"href":"https:\/\/harristweed-shop.be\/fr\/wp-json\/wp\/v2\/types\/product"}],"wp:featuredmedia":[{"embeddable":true,"href":"https:\/\/harristweed-shop.be\/fr\/wp-json\/wp\/v2\/media\/537889"}],"wp:attachment":[{"href":"https:\/\/harristweed-shop.be\/fr\/wp-json\/wp\/v2\/media?parent=537888"}],"wp:term":[{"taxonomy":"product_brand","embeddable":true,"href":"https:\/\/harristweed-shop.be\/fr\/wp-json\/wp\/v2\/product_brand?post=537888"},{"taxonomy":"product_cat","embeddable":true,"href":"https:\/\/harristweed-shop.be\/fr\/wp-json\/wp\/v2\/product_cat?post=537888"},{"taxonomy":"product_tag","embeddable":true,"href":"https:\/\/harristweed-shop.be\/fr\/wp-json\/wp\/v2\/product_tag?post=537888"}],"curies":[{"name":"wp","href":"https:\/\/api.w.org\/{rel}","templated":true}]}}