{"id":537879,"date":"2025-04-15T09:03:15","date_gmt":"2025-04-15T09:03:15","guid":{"rendered":"https:\/\/harristweed-shop.be\/product\/harris-tweed-coat-ferry-reefer-coat-navy-plain\/"},"modified":"2026-05-05T04:04:40","modified_gmt":"2026-05-05T04:04:40","slug":"harris-tweed-coat-ferry-reefer-coat-navy-plain","status":"publish","type":"product","link":"https:\/\/harristweed-shop.be\/fr\/produit\/manteau-en-tweed-harris-manteau-ferry-bleu-marine-uni\/","title":{"rendered":"Manteau Harris Tweed, manteau Ferry Reefer \u2013 Bleu marine uni"},"content":{"rendered":"<p>Une version moderne d&#039;un classique ind\u00e9modable. Le manteau Ferry Reefer s&#039;inspire des cabans traditionnels port\u00e9s par les marins britanniques. Une double rang\u00e9e de boutons, un rabat anti-temp\u00eate amovible sous le col et des poches chauffe-mains sur le haut lui conf\u00e8rent un style marin affirm\u00e9.\n<\/p>\n<p>\u2013 Harris Tweed bleu marine uni<br \/>\n<br \/>\u2013 Tiss\u00e9 \u00e0 la main en pure laine 100%<br \/>\n<br \/>\u2013 Style caban\/reefer<br \/>\n<br \/>\u2013 Double rang\u00e9e de boutons<br \/>\n<br \/>\u2013 Doublure \u00e0 motifs cachemire<br \/>\n<br \/>\u2013 4 sacs<br \/>\n<br \/>\u2013 Rabat anti-temp\u00eate amovible sous le col<\/p>","protected":false},"excerpt":{"rendered":"<p>Manteau en tweed Harris, manteau Ferry Reefer \u2013 Bleu marine uni.<\/p>\n<p>\u2013 Harris Tweed \u2013 Laine 100%<br \/>\n\u2013 Doublure \u2013 ac\u00e9tate 50%\/viscose 50%<br \/>\n\u2013 Le v\u00eatement est muni d&#039;une \u00e9tiquette confirmant l&#039;authenticit\u00e9 du tissu comme \u00e9tant du v\u00e9ritable Harris Tweed<br \/>\nNettoyage \u00e0 sec uniquement<\/p>","protected":false},"featured_media":537880,"template":"","meta":[],"product_brand":[],"product_cat":[1087,1157,530,87,482,531],"product_tag":[],"class_list":{"0":"post-537879","1":"product","2":"type-product","3":"status-publish","4":"has-post-thumbnail","6":"product_cat-harris-tweed-jassen-en-jacks-heren","7":"product_cat-harris-tweed-mantel-und-jacken-fur-herren","8":"product_cat-heren-jassen-en-jacks","9":"product_cat-jassen-en-jacks","10":"product_cat-mantel-und-jacken","11":"product_cat-mantel-und-jacken-fur-herren","12":"pa_merk-bucktrout","14":"first","15":"instock","16":"taxable","17":"shipping-taxable","18":"purchasable","19":"product-type-variable"},"df_price":498,"df_sale_price":"","df_regular_price":498,"df_image_link":"https:\/\/harristweed-shop.be\/wp-content\/uploads\/2025\/04\/53397a9b61826ca296018c708291ddaa_6155Harris_Tweed_Coat__FERRY_REEFER_COAT___NAVY_PLAIN-225x300.jpg","_links":{"self":[{"href":"https:\/\/harristweed-shop.be\/fr\/wp-json\/wp\/v2\/product\/537879","targetHints":{"allow":["GET"]}}],"collection":[{"href":"https:\/\/harristweed-shop.be\/fr\/wp-json\/wp\/v2\/product"}],"about":[{"href":"https:\/\/harristweed-shop.be\/fr\/wp-json\/wp\/v2\/types\/product"}],"wp:featuredmedia":[{"embeddable":true,"href":"https:\/\/harristweed-shop.be\/fr\/wp-json\/wp\/v2\/media\/537880"}],"wp:attachment":[{"href":"https:\/\/harristweed-shop.be\/fr\/wp-json\/wp\/v2\/media?parent=537879"}],"wp:term":[{"taxonomy":"product_brand","embeddable":true,"href":"https:\/\/harristweed-shop.be\/fr\/wp-json\/wp\/v2\/product_brand?post=537879"},{"taxonomy":"product_cat","embeddable":true,"href":"https:\/\/harristweed-shop.be\/fr\/wp-json\/wp\/v2\/product_cat?post=537879"},{"taxonomy":"product_tag","embeddable":true,"href":"https:\/\/harristweed-shop.be\/fr\/wp-json\/wp\/v2\/product_tag?post=537879"}],"curies":[{"name":"wp","href":"https:\/\/api.w.org\/{rel}","templated":true}]}}