{"id":537778,"date":"2025-04-15T08:39:38","date_gmt":"2025-04-15T08:39:38","guid":{"rendered":"https:\/\/harristweed-shop.be\/product\/magee-tweed-jasje-192\/"},"modified":"2026-04-21T15:44:22","modified_gmt":"2026-04-21T15:44:22","slug":"magee-tweed-jasje-192","status":"publish","type":"product","link":"https:\/\/harristweed-shop.be\/fr\/produit\/veste-en-tweed-magee-192\/","title":{"rendered":"Veste en tweed Magee \u201d\u00a0Londres\u00a0\u201d \u00e0 carreaux multicolores"},"content":{"rendered":"<p>L&#039;\u00e9l\u00e9gant blazer pour homme \u201c\u00a0London\u00a0\u201d est confectionn\u00e9 en tweed Magee 100%, orn\u00e9 d&#039;un magnifique motif \u00e0 carreaux multicolores. Magee, maison irlandaise forte d&#039;un h\u00e9ritage de 150 ans, est r\u00e9put\u00e9e pour la qualit\u00e9 luxueuse et le confort exceptionnel de ses produits. La marque est c\u00e9l\u00e8bre pour ses motifs vibrants, inspir\u00e9s des paysages pittoresques du comt\u00e9 de Donegal. Ce blazer deux boutons, de confection traditionnelle, pr\u00e9sente une coupe l\u00e9g\u00e8rement cintr\u00e9e. Il est dot\u00e9 de deux poches \u00e0 rabat, d&#039;une poche ticket, d&#039;une poche poitrine passepoil\u00e9e, de quatre poches int\u00e9rieures pratiques et de deux fentes d&#039;aisance au dos. Parmi ses d\u00e9tails raffin\u00e9s, on note un col doubl\u00e9 de polaire bleue, des poignets en cuir marron cognac et une doublure respirante en viscose bleu clair. Un certificat d&#039;authenticit\u00e9 Magee cousu \u00e0 l&#039;int\u00e9rieur garantit la qualit\u00e9 et l&#039;authenticit\u00e9 uniques du tissu. Classique, intemporel et pourtant moderne\u00a0: ce blazer assure une allure toujours \u00e9l\u00e9gante.<\/p>\n<p>\u2013 100% pure laine vierge<br \/>\u2013 Pi\u00e8ces de manche en cuir v\u00e9ritable<br \/>- L\u00e9g\u00e8rement ajust\u00e9<br \/>\u2013 \u00c9tiquette nominative<br \/>\u2013 Tweed Magee original d&#039;Irlande<br \/>\u2013 Quatre poches int\u00e9rieures<br \/>\u2013 Deux poches \u00e0 rabat et une poche ticket sur le c\u00f4t\u00e9 droit<br \/>\u2013 Deux fentes au dos<\/p>\n<p>Mensurations du mannequin\u00a0: Le mannequin mesure 189\u00a0cm et porte une taille\u00a050.<br \/>Coupe : Veste cintr\u00e9e moderne.<br \/>Dimensions du produit\u00a0: Pour la taille 50, les mesures sont les suivantes\u00a0: Longueur dos\u00a0: 74\u00a0cm, Longueur des manches (depuis l\u2019ourlet)\u00a0: 64\u00a0cm, Largeur taille (demi-taille)\u00a0: 51\u00a0cm<\/p>\n<p>Tissu ext\u00e9rieur : pure laine vierge 100%<br \/>Doublure : 55% polyester, 45% viscose<br \/>Doublure des manches : viscose 100%<\/p>","protected":false},"excerpt":{"rendered":"<p>Veste en tweed Magee \u201d London \u201d \u00e0 carreaux multicolores 192.<\/p>\n<p>L&#039;\u00e9l\u00e9gant blazer pour homme \u201c\u00a0London\u00a0\u201d est confectionn\u00e9 en tweed Magee 100%, orn\u00e9 d&#039;un magnifique motif \u00e0 carreaux multicolores. Magee, maison irlandaise forte d&#039;un h\u00e9ritage de 150\u00a0ans, est r\u00e9put\u00e9e pour la qualit\u00e9 luxueuse et le confort exceptionnel de ses produits.<\/p>","protected":false},"featured_media":537779,"template":"","meta":[],"product_brand":[],"product_cat":[1091,1090,393,1083,479,1155,15,478],"product_tag":[],"class_list":{"0":"post-537778","1":"product","2":"type-product","3":"status-publish","4":"has-post-thumbnail","6":"product_cat-colbert-tweed-colberts-en-jasjes","7":"product_cat-colberts-en-jasjes","8":"product_cat-harris-tweed-heren-jasjes","9":"product_cat-harris-tweed-jasjes-heren","10":"product_cat-harris-tweed-sakkos-fur-herren","11":"product_cat-harris-tweed-sakkos-herren","12":"product_cat-harris-tweed-colberts","13":"product_cat-tweed-sakkos","14":"pa_merk-wellington","16":"first","17":"instock","18":"taxable","19":"shipping-taxable","20":"purchasable","21":"product-type-variable"},"df_price":379.95,"df_sale_price":"","df_regular_price":379.95,"df_image_link":"https:\/\/harristweed-shop.be\/wp-content\/uploads\/2025\/04\/e827f5b5d2f6b9bc1ca6036486ddf758_Harris_Tweed_Jasje_192-225x300.jpg","_links":{"self":[{"href":"https:\/\/harristweed-shop.be\/fr\/wp-json\/wp\/v2\/product\/537778","targetHints":{"allow":["GET"]}}],"collection":[{"href":"https:\/\/harristweed-shop.be\/fr\/wp-json\/wp\/v2\/product"}],"about":[{"href":"https:\/\/harristweed-shop.be\/fr\/wp-json\/wp\/v2\/types\/product"}],"wp:featuredmedia":[{"embeddable":true,"href":"https:\/\/harristweed-shop.be\/fr\/wp-json\/wp\/v2\/media\/537779"}],"wp:attachment":[{"href":"https:\/\/harristweed-shop.be\/fr\/wp-json\/wp\/v2\/media?parent=537778"}],"wp:term":[{"taxonomy":"product_brand","embeddable":true,"href":"https:\/\/harristweed-shop.be\/fr\/wp-json\/wp\/v2\/product_brand?post=537778"},{"taxonomy":"product_cat","embeddable":true,"href":"https:\/\/harristweed-shop.be\/fr\/wp-json\/wp\/v2\/product_cat?post=537778"},{"taxonomy":"product_tag","embeddable":true,"href":"https:\/\/harristweed-shop.be\/fr\/wp-json\/wp\/v2\/product_tag?post=537778"}],"curies":[{"name":"wp","href":"https:\/\/api.w.org\/{rel}","templated":true}]}}