{"id":537666,"date":"2025-04-15T08:35:34","date_gmt":"2025-04-15T08:35:34","guid":{"rendered":"https:\/\/harristweed-shop.be\/product\/harris-tweed-jacket-beige-grijs-melange-2\/"},"modified":"2026-04-07T23:10:47","modified_gmt":"2026-04-07T23:10:47","slug":"harris-tweed-jacket-beige-grijs-melange-2","status":"publish","type":"product","link":"https:\/\/harristweed-shop.be\/fr\/produit\/veste-en-tweed-harris-beige-gris-chine-2\/","title":{"rendered":"Veste Harris Tweed Beige\/Gris chin\u00e9"},"content":{"rendered":"<p>\u2022 HARRIS TWEED \u2013 tiss\u00e9 \u00e0 la main en \u00c9cosse<br \/>\n\u2022 Col contrast\u00e9<br \/>\n\u2022 \u00c9tiquette nominative<br \/>\n\u2022 deux poches int\u00e9rieures suppl\u00e9mentaires<br \/>\n\u2022 deux poches int\u00e9rieures<br \/>\n\u2022 deux poches \u00e0 rabat et une poche ticket sur le c\u00f4t\u00e9 droit<br \/>\n\u2022 deux fentes lat\u00e9rales<\/p>\n<p>Le Harris Tweed n\u2019est pas consid\u00e9r\u00e9 comme \u00ab l\u2019un des meilleurs tweeds au monde \u00bb pour rien !<br \/>\nLa veste Harris Tweed \u00ab London \u00bb, confectionn\u00e9e en Harris Tweed original 100%, tiss\u00e9e \u00e0 la main en \u00c9cosse, offre un confort optimal, un chic britannique garanti et une excellente fonctionnalit\u00e9. V\u00e9ritable pi\u00e8ce polyvalente \u2013 classique, intemporelle et pourtant moderne \u2013 elle s&#039;accorde parfaitement avec un cardigan, un jean d\u00e9contract\u00e9, un chino ou un pantalon en velours c\u00f4tel\u00e9 classique. La veste se ferme gr\u00e2ce \u00e0 deux boutons effet corne. Gr\u00e2ce \u00e0 sa finition soign\u00e9e, ses poches \u00e0 rabat, sa poche ticket, ses quatre poches int\u00e9rieures pratiques et ses fentes lat\u00e9rales, ce v\u00eatement est depuis longtemps un incontournable de la garde-robe britannique. Le dessous de col doubl\u00e9 de feutre de laine contrastant et les empi\u00e8cements de manche* en cuir v\u00e9ritable sont des d\u00e9tails soign\u00e9s. Le certificat d&#039;authenticit\u00e9 cousu de la HARRIS TWEED Authority garantit la qualit\u00e9 et l&#039;authenticit\u00e9 uniques du tissu ext\u00e9rieur.<\/p>","protected":false},"excerpt":{"rendered":"<p>\u2022 HARRIS TWEED &#8211; handgeweven in Schotland \u2022 Contrasterende kraag \u2022 Naamlabel \u2022 twee extra binnenzakken \u2022 twee binnenzakken \u2022 twee klepzakken en ticketzakje aan de rechterkant \u2022 twee zijsplitten Harris Tweed wordt niet voor niets beschouwd als \u201ceen van de beste tweeds ter wereld\u201d! Het Harris Tweed jasje \u201cLondon\u201d gemaakt van 100% origineel Harris [&hellip;]<\/p>\n","protected":false},"featured_media":537667,"template":"","meta":[],"product_brand":[],"product_cat":[1091,1090,393,1083,479,1155,15,478],"product_tag":[],"class_list":{"0":"post-537666","1":"product","2":"type-product","3":"status-publish","4":"has-post-thumbnail","6":"product_cat-colbert-tweed-colberts-en-jasjes","7":"product_cat-colberts-en-jasjes","8":"product_cat-harris-tweed-heren-jasjes","9":"product_cat-harris-tweed-jasjes-heren","10":"product_cat-harris-tweed-sakkos-fur-herren","11":"product_cat-harris-tweed-sakkos-herren","12":"product_cat-harris-tweed-colberts","13":"product_cat-tweed-sakkos","14":"pa_merk-wellington","16":"first","17":"outofstock","18":"taxable","19":"shipping-taxable","20":"product-type-variable"},"df_price":"","df_sale_price":"","df_regular_price":"","df_image_link":"https:\/\/harristweed-shop.be\/wp-content\/uploads\/2025\/04\/1c214b429c23f3f6fdd42450458bf4bc_6686Harris_Tweed_jacket__Grijs_Beige-225x300.jpg","_links":{"self":[{"href":"https:\/\/harristweed-shop.be\/fr\/wp-json\/wp\/v2\/product\/537666","targetHints":{"allow":["GET"]}}],"collection":[{"href":"https:\/\/harristweed-shop.be\/fr\/wp-json\/wp\/v2\/product"}],"about":[{"href":"https:\/\/harristweed-shop.be\/fr\/wp-json\/wp\/v2\/types\/product"}],"wp:featuredmedia":[{"embeddable":true,"href":"https:\/\/harristweed-shop.be\/fr\/wp-json\/wp\/v2\/media\/537667"}],"wp:attachment":[{"href":"https:\/\/harristweed-shop.be\/fr\/wp-json\/wp\/v2\/media?parent=537666"}],"wp:term":[{"taxonomy":"product_brand","embeddable":true,"href":"https:\/\/harristweed-shop.be\/fr\/wp-json\/wp\/v2\/product_brand?post=537666"},{"taxonomy":"product_cat","embeddable":true,"href":"https:\/\/harristweed-shop.be\/fr\/wp-json\/wp\/v2\/product_cat?post=537666"},{"taxonomy":"product_tag","embeddable":true,"href":"https:\/\/harristweed-shop.be\/fr\/wp-json\/wp\/v2\/product_tag?post=537666"}],"curies":[{"name":"wp","href":"https:\/\/api.w.org\/{rel}","templated":true}]}}