{"id":537663,"date":"2025-04-15T08:35:24","date_gmt":"2025-04-15T08:35:24","guid":{"rendered":"https:\/\/harristweed-shop.be\/product\/harris-tweed-colbert-callum-utility-jacket-brown\/"},"modified":"2026-05-05T04:07:59","modified_gmt":"2026-05-05T04:07:59","slug":"harris-tweed-colbert-callum-utility-jacket-brown","status":"publish","type":"product","link":"https:\/\/harristweed-shop.be\/fr\/produit\/veste-en-tweed-harris-veste-utilitaire-callum-marron\/","title":{"rendered":"Veste en tweed Harris, veste utilitaire Callum \u2013 Marron"},"content":{"rendered":"<p>Inspir\u00e9e par la campagne, con\u00e7ue pour la ville. Notre veste utilitaire Callum revisite avec modernit\u00e9 la veste sport classique \u00e0 quatre poches. Confectionn\u00e9e en Harris Tweed embl\u00e9matique et dot\u00e9e d&#039;une \u00e9l\u00e9gante doublure \u00e0 motif cachemire, la Callum se porte aussi bien au bureau qu&#039;en ville.<\/p>\n<p>Veste Callum en Harris Tweed marron<br \/>\n\u2013 Tiss\u00e9 en pure laine<br \/>\n\u2013 4 sacs<br \/>\n\u2013 3 n\u0153uds<br \/>\n\u2013 Coupe tendance<\/p>","protected":false},"excerpt":{"rendered":"<p>Veste en tweed Harris, veste utilitaire Callum \u2013 Marron.<\/p>\n<p>\u2013 Harris Tweed \u2013 Laine 100%<br \/>\n\u2013 Doublure : ac\u00e9tate 50%\/viscose 50%<br \/>\n\u2013 Boutons en cuir faits main<br \/>\n\u2013 Le v\u00eatement est muni d&#039;une \u00e9tiquette confirmant l&#039;authenticit\u00e9 du tissu comme \u00e9tant du v\u00e9ritable Harris Tweed<br \/>\nNettoyage \u00e0 sec uniquement<br \/>\nArticles assortis disponibles<\/p>","protected":false},"featured_media":537664,"template":"","meta":[],"product_brand":[],"product_cat":[1091,1090,393,1083,479,1155,15,478],"product_tag":[],"class_list":{"0":"post-537663","1":"product","2":"type-product","3":"status-publish","4":"has-post-thumbnail","6":"product_cat-colbert-tweed-colberts-en-jasjes","7":"product_cat-colberts-en-jasjes","8":"product_cat-harris-tweed-heren-jasjes","9":"product_cat-harris-tweed-jasjes-heren","10":"product_cat-harris-tweed-sakkos-fur-herren","11":"product_cat-harris-tweed-sakkos-herren","12":"product_cat-harris-tweed-colberts","13":"product_cat-tweed-sakkos","14":"pa_merk-bucktrout","16":"first","17":"instock","18":"taxable","19":"shipping-taxable","20":"purchasable","21":"product-type-variable"},"df_price":459.95,"df_sale_price":"","df_regular_price":459.95,"df_image_link":"https:\/\/harristweed-shop.be\/wp-content\/uploads\/2025\/04\/cdcc30254a420fc66ab8e798950211e9_6169Harris_Tweed_colbert__CALLUM_UTILITY_JACKET___BROWN-225x300.jpg","_links":{"self":[{"href":"https:\/\/harristweed-shop.be\/fr\/wp-json\/wp\/v2\/product\/537663","targetHints":{"allow":["GET"]}}],"collection":[{"href":"https:\/\/harristweed-shop.be\/fr\/wp-json\/wp\/v2\/product"}],"about":[{"href":"https:\/\/harristweed-shop.be\/fr\/wp-json\/wp\/v2\/types\/product"}],"wp:featuredmedia":[{"embeddable":true,"href":"https:\/\/harristweed-shop.be\/fr\/wp-json\/wp\/v2\/media\/537664"}],"wp:attachment":[{"href":"https:\/\/harristweed-shop.be\/fr\/wp-json\/wp\/v2\/media?parent=537663"}],"wp:term":[{"taxonomy":"product_brand","embeddable":true,"href":"https:\/\/harristweed-shop.be\/fr\/wp-json\/wp\/v2\/product_brand?post=537663"},{"taxonomy":"product_cat","embeddable":true,"href":"https:\/\/harristweed-shop.be\/fr\/wp-json\/wp\/v2\/product_cat?post=537663"},{"taxonomy":"product_tag","embeddable":true,"href":"https:\/\/harristweed-shop.be\/fr\/wp-json\/wp\/v2\/product_tag?post=537663"}],"curies":[{"name":"wp","href":"https:\/\/api.w.org\/{rel}","templated":true}]}}