{"id":537597,"date":"2025-04-10T08:17:15","date_gmt":"2025-04-10T08:17:15","guid":{"rendered":"https:\/\/harristweed-shop.be\/product\/wakefield-rugby-vintage-polo\/"},"modified":"2026-04-29T14:05:27","modified_gmt":"2026-04-29T14:05:27","slug":"wakefield-rugby-vintage-polo","status":"publish","type":"product","link":"https:\/\/harristweed-shop.be\/fr\/produit\/polo-vintage-de-rugby-wakefield\/","title":{"rendered":"Polo vintage de rugby Wakefield"},"content":{"rendered":"<p>Une introduction \u00e0 la chemise Wakefield Trinity 1960<\/p>\n<p>Produit par Ellis Rugby, le Wakefield Trinity 1960 est un polo-chemise. Il s&#039;agit d&#039;un polo vintage en coton 100% de la Rugby League. Neil Fox faisait partie d&#039;une \u00e9quipe exceptionnelle de Wakefield Trinity, qui dominait la Rugby Football League au d\u00e9but des ann\u00e9es 60.<\/p>\n<p>L&#039;\u00e9quipe comprenait un excellent groupe d&#039;attaquants men\u00e9 par Derek \u00ab Rocky \u00bb Turner. Turner a d\u00e9but\u00e9 sa carri\u00e8re professionnelle de rugby \u00e0 XIII au Hull KR, puis a rejoint Oldham en 1955. Il a fait ses d\u00e9buts avec les Roughyeds contre Hunslet. Turner a remport\u00e9 11 de ses 24 s\u00e9lections avec la Grande-Bretagne, remportant les Ashes en 1956. De plus, en mars 1959, Turner a recrut\u00e9 Trinity pour 8\u00a0000 \u00a3. Il a ensuite \u00e9t\u00e9 capitaine de Wakefield Trinity lors de trois victoires en Challenge Cup (1960, 1962 et 1963)\u00a0: victoire 38-5 contre le Hull FC en 1960, 12-6 contre Huddersfield en 1962 et 25-10 contre Wigan en 1963.<\/p>\n<p>Jack Wilkinson jouait au poste de meneur de jeu au premier rang. Il a rejoint Wakefield Trinity en provenance de Halifax en 1959. Il a \u00e9galement \u00e9t\u00e9 intronis\u00e9 au Temple de la renomm\u00e9e de Wakefield Trinity.<\/p>\n<p>Don Vines \u00e9tait le pilier lat\u00e9ral lors de la finale de 1960. De plus, il \u00e9tait n\u00e9 \u00e0 Newbridge, au Pays de Galles. Il a jou\u00e9 pour son club local au poste de pivot, puis a \u00e9volu\u00e9 au poste d&#039;ailier. Il a rejoint Wakefield Trinity. Il a compl\u00e9t\u00e9 son salaire de rugbyman en travaillant comme forgeron \u00e0 la mine de charbon de Crigglestone. Il a repr\u00e9sent\u00e9 la Grande-Bretagne, le Pays de Galles et d&#039;autres nationalit\u00e9s dans une ligue de rugby. Il \u00e9tait \u00e9galement lutteur \u00e0 temps partiel.<\/p>\n<p>En savoir plus<\/p>\n<p>Par ailleurs, Alan Skene a marqu\u00e9 deux beaux essais lors de la victoire \u00e0 Wembley en 1960. Skene a accompagn\u00e9 Neil Fox au Centre pour former un duo formidable. Sportif sud-africain, il a \u00e9t\u00e9 \u00e9l\u00e8ve au lyc\u00e9e de Muizenberg. Il a \u00e9galement jou\u00e9 au rugby \u00e0 XV pour la Province de l&#039;Ouest. En rugby \u00e0 XIII, il a repr\u00e9sent\u00e9 l&#039;Afrique du Sud en World Rugby League XIII. Il a \u00e9galement jou\u00e9 pour le club australien des South Sydney Rabbitohs.<\/p>\n<p>\u00c0 l&#039;arri\u00e8re, Wakefield alignait deux joueurs locaux\u00a0: Keith Holliday en demi de m\u00eal\u00e9e et Ken Rollin en demi de m\u00eal\u00e9e. Rollin a marqu\u00e9 un essai. Holliday a inscrit un doubl\u00e9 lors de la victoire 38-5 contre le Hull FC en finale de la Challenge Cup 1960.<\/p>\n<p>Neil Fox a inscrit un record en finale de la Coupe avec 20 points (deux essais et sept buts). Il a marqu\u00e9 en finale pour Wakefield. Un exploit qui ne se reproduira que 39 ans plus tard, en 1999.<\/p>","protected":false},"excerpt":{"rendered":"<p>Neil Fox a connu une carri\u00e8re de plus de 20 ans dans les ann\u00e9es 60 et 70 et d\u00e9tient le record de points de l&#039;histoire des jeux. Il a disput\u00e9 plus de 500 matchs avec Wakefield Trinity durant ses ann\u00e9es d&#039;or.<\/p>","protected":false},"featured_media":537598,"template":"","meta":[],"product_brand":[],"product_cat":[1024,406,1000,394,955,1018],"product_tag":[],"class_list":{"0":"post-537597","1":"product","2":"type-product","3":"status-publish","4":"has-post-thumbnail","6":"product_cat-ellis-rugby-polos","7":"product_cat-polos","8":"product_cat-poloshirts","9":"product_cat-rugby-shirts-2","10":"product_cat-shop-by-country-club","11":"product_cat-wakefield","12":"pa_merk-ellis-rugby","14":"first","15":"instock","16":"taxable","17":"shipping-taxable","18":"purchasable","19":"product-type-variable"},"df_price":69.95,"df_sale_price":"","df_regular_price":69.95,"df_image_link":"https:\/\/harristweed-shop.be\/wp-content\/uploads\/2025\/04\/4efd9f1791b56f8b341747693c221224_Wakefield_Rugby_Vintage_Polo-300x300.jpeg","_links":{"self":[{"href":"https:\/\/harristweed-shop.be\/fr\/wp-json\/wp\/v2\/product\/537597","targetHints":{"allow":["GET"]}}],"collection":[{"href":"https:\/\/harristweed-shop.be\/fr\/wp-json\/wp\/v2\/product"}],"about":[{"href":"https:\/\/harristweed-shop.be\/fr\/wp-json\/wp\/v2\/types\/product"}],"wp:featuredmedia":[{"embeddable":true,"href":"https:\/\/harristweed-shop.be\/fr\/wp-json\/wp\/v2\/media\/537598"}],"wp:attachment":[{"href":"https:\/\/harristweed-shop.be\/fr\/wp-json\/wp\/v2\/media?parent=537597"}],"wp:term":[{"taxonomy":"product_brand","embeddable":true,"href":"https:\/\/harristweed-shop.be\/fr\/wp-json\/wp\/v2\/product_brand?post=537597"},{"taxonomy":"product_cat","embeddable":true,"href":"https:\/\/harristweed-shop.be\/fr\/wp-json\/wp\/v2\/product_cat?post=537597"},{"taxonomy":"product_tag","embeddable":true,"href":"https:\/\/harristweed-shop.be\/fr\/wp-json\/wp\/v2\/product_tag?post=537597"}],"curies":[{"name":"wp","href":"https:\/\/api.w.org\/{rel}","templated":true}]}}