{"id":537569,"date":"2025-04-06T09:32:23","date_gmt":"2025-04-06T09:32:23","guid":{"rendered":"https:\/\/harristweed-shop.be\/product\/df-harris-tweed-waistcoat-630\/"},"modified":"2026-04-07T23:40:28","modified_gmt":"2026-04-07T23:40:28","slug":"df-harris-tweed-waistcoat-630","status":"publish","type":"product","link":"https:\/\/harristweed-shop.be\/fr\/produit\/gilet-en-tweed-harris-df-630\/","title":{"rendered":"Gilet en tweed Harris DF 630"},"content":{"rendered":"<p data-start=\"44\" data-end=\"311\">Le gilet Duke&#039;s Forest est un mod\u00e8le intemporel au style classique et raffin\u00e9. Confectionn\u00e9 en cuir v\u00e9ritable.&nbsp;<strong data-start=\"163\" data-end=\"179\">Harris Tweed<\/strong>, Tiss\u00e9 \u00e0 la main dans les H\u00e9brides ext\u00e9rieures \u00e9cossaises, ce gilet garantit une qualit\u00e9, une durabilit\u00e9 et un caract\u00e8re exceptionnels.<\/p>\n<p data-start=\"313\" data-end=\"582\">Ses diff\u00e9rentes nuances conf\u00e8rent au gilet une allure \u00e0 la fois \u00e9l\u00e9gante et naturelle, id\u00e9ale pour des tenues aussi bien habill\u00e9es que d\u00e9contract\u00e9es. Portez-le sur une chemise pour un style champ\u00eatre chic, ou associez-le \u00e0 un blazer pour un ensemble trois pi\u00e8ces classique.<\/p>\n<p data-start=\"584\" data-end=\"598\"><strong data-start=\"584\" data-end=\"598\">Caract\u00e9ristiques:<\/strong><\/p>\n<ul data-start=\"599\" data-end=\"855\">\n<li data-start=\"599\" data-end=\"642\">Fabriqu\u00e9 \u00e0 partir de tweed Harris original 100%<\/li>\n<li data-start=\"643\" data-end=\"671\">Tiss\u00e9 \u00e0 la main en \u00c9cosse<\/li>\n<li data-start=\"672\" data-end=\"717\">Coupe classique et finitions raffin\u00e9es<\/li>\n<li data-start=\"718\" data-end=\"746\">Diff\u00e9rents tissus disponibles<\/li>\n<li data-start=\"747\" data-end=\"787\">Fermeture boutonn\u00e9e sur le devant<\/li>\n<li data-start=\"788\" data-end=\"855\">Id\u00e9al pour un usage quotidien et pour les occasions sp\u00e9ciales<\/li>\n<\/ul>\n<p data-start=\"857\" data-end=\"1015\" data-is-last-node=\"\" data-is-only-node=\"\">Le gilet Duke&#039;s Forest est un investissement dans le savoir-faire et un style intemporel \u2013 un incontournable pour les amoureux de la mode et de la qualit\u00e9 britanniques authentiques.<\/p>","protected":false},"excerpt":{"rendered":"<p>De Duke\u2019s Forest Waistcoat is een tijdloos gilet met een verfijnde, klassieke uitstraling. Vervaardigd uit authentieke&nbsp;Harris Tweed, met de hand geweven in de Schotse Buiten-Hebriden, staat dit gilet garant voor uitzonderlijke kwaliteit, duurzaamheid en karakter. De verschillende tinten geven het gilet een stijlvolle en natuurlijke look, perfect te combineren met zowel formele als casual outfits. [&hellip;]<\/p>\n","protected":false},"featured_media":537570,"template":"","meta":[],"product_brand":[],"product_cat":[1088,1156,510,1078,512,88,511],"product_tag":[],"class_list":{"0":"post-537569","1":"product","2":"type-product","3":"status-publish","4":"has-post-thumbnail","6":"product_cat-harris-tweed-vestjes-en-gilets-heren","7":"product_cat-harris-tweed-westen-und-gilets-herren","8":"product_cat-heren-vestjes","9":"product_cat-heren-vestjes-harris-tweed","10":"product_cat-herren-westen-und-gilets","11":"product_cat-vestjes-en-gilets","12":"product_cat-westen-und-gilets","13":"pa_merk-dukes-forest","15":"first","16":"outofstock","17":"taxable","18":"shipping-taxable","19":"product-type-variable"},"df_price":"","df_sale_price":"","df_regular_price":"","df_image_link":"https:\/\/harristweed-shop.be\/wp-content\/uploads\/2025\/04\/5446abe8e67674dc571f7b6b3f963def_DF_Harris_Tweed_Waistcoat_630-225x300.jpg","_links":{"self":[{"href":"https:\/\/harristweed-shop.be\/fr\/wp-json\/wp\/v2\/product\/537569","targetHints":{"allow":["GET"]}}],"collection":[{"href":"https:\/\/harristweed-shop.be\/fr\/wp-json\/wp\/v2\/product"}],"about":[{"href":"https:\/\/harristweed-shop.be\/fr\/wp-json\/wp\/v2\/types\/product"}],"wp:featuredmedia":[{"embeddable":true,"href":"https:\/\/harristweed-shop.be\/fr\/wp-json\/wp\/v2\/media\/537570"}],"wp:attachment":[{"href":"https:\/\/harristweed-shop.be\/fr\/wp-json\/wp\/v2\/media?parent=537569"}],"wp:term":[{"taxonomy":"product_brand","embeddable":true,"href":"https:\/\/harristweed-shop.be\/fr\/wp-json\/wp\/v2\/product_brand?post=537569"},{"taxonomy":"product_cat","embeddable":true,"href":"https:\/\/harristweed-shop.be\/fr\/wp-json\/wp\/v2\/product_cat?post=537569"},{"taxonomy":"product_tag","embeddable":true,"href":"https:\/\/harristweed-shop.be\/fr\/wp-json\/wp\/v2\/product_tag?post=537569"}],"curies":[{"name":"wp","href":"https:\/\/api.w.org\/{rel}","templated":true}]}}