{"id":537563,"date":"2025-04-06T08:12:25","date_gmt":"2025-04-06T08:12:25","guid":{"rendered":"https:\/\/harristweed-shop.be\/product\/british-hertitage-rugby-vintage-polo\/"},"modified":"2026-03-10T21:12:11","modified_gmt":"2026-03-10T21:12:11","slug":"british-hertitage-rugby-vintage-polo","status":"publish","type":"product","link":"https:\/\/harristweed-shop.be\/fr\/produit\/polo-de-rugby-vintage-british-heritage\/","title":{"rendered":"Polo de rugby vintage British Heritage"},"content":{"rendered":"<p>L&#039;inspiration derri\u00e8re le polo britannique et irlandais<\/p>\n<p>Le polo h\u00e9ritage britannique et irlandais rouge et bleu marine s&#039;inspire de l&#039;histoire des tourn\u00e9es des Lions de rugby des \u00eeles britanniques.<br \/>\nEn 1924, l&#039;\u00e9quipe britannique et irlandaise de rugby n&#039;avait pas effectu\u00e9 de tourn\u00e9e en Afrique du Sud depuis quatorze ans. Le rugby ne faisait que reprendre ses droits apr\u00e8s la Premi\u00e8re Guerre mondiale. L&#039;Angleterre avait domin\u00e9 le Tournoi des Cinq Nations et remport\u00e9 dix-sept matchs, et n&#039;avait conc\u00e9d\u00e9 qu&#039;un match nul entre 1920 et 1924. Il \u00e9tait donc \u00e9trange que seuls quatre joueurs de l&#039;\u00e9quipe d&#039;Angleterre du Grand Chelem de 1924 et six s\u00e9lections anglaises aient \u00e9t\u00e9 s\u00e9lectionn\u00e9s pour ce voyage.<br \/>\nDe nombreux joueurs cl\u00e9s \u00e9taient indisponibles, notamment le capitaine anglais en Grand Chelem, le l\u00e9gendaire Wavell Wakefield. Il n&#039;y avait pas de place pour le redoutable duo de centres \u00e9cossais, Archibald Gracie et GPS \u2018 Phil \u2019 Macpherson. Le centre d&#039;Ulster et d&#039;Irlande, George Stephenson, qui allait \u00e9tablir un record mondial de 42 s\u00e9lections et 89 points, \u00e9tait \u00e9galement absent.<br \/>\nLe meilleur match test de rugby jamais jou\u00e9 en Afrique du Sud<\/p>\n<p>Ron Cove-Smith fut nomm\u00e9 capitaine. En treize s\u00e9lections avec l&#039;Angleterre, il n&#039;avait jamais connu la d\u00e9faite sur la sc\u00e8ne internationale. Cove-Smith \u00e9tait incontestablement un joueur exceptionnel au c\u0153ur de l&#039;\u00e9quipe qui avait offert deux Grands Chelems cons\u00e9cutifs \u00e0 l&#039;Angleterre en 1923 et 194. Cependant, il n&#039;avait jamais \u00e9t\u00e9 capitaine d&#039;une \u00e9quipe internationale auparavant. Le Pays de Galles comptait quatre capitaines diff\u00e9rents, sans l&#039;\u00c9cossais John Buchanan ni l&#039;Irlandais William Crawford. Cove-Smith n&#039;\u00e9tait que la seule option envisageable.<br \/>\nLa s\u00e9rie de quatre tests a tourn\u00e9 \u00e0 l&#039;avantage des Springboks. Men\u00e9s de deux tests, dont un nul, les Britanniques et Irlandais se sont rendus au dernier test-match \u00e0 Newlands, au Cap, esp\u00e9rant gagner le respect des locaux. Le match a \u00e9t\u00e9 un v\u00e9ritable triomphe. De nombreux critiques sud-africains de l&#039;\u00e9poque ont trouv\u00e9 que c&#039;\u00e9tait le match parfait du rugby. L&#039;Afrique du Sud a de nouveau gagn\u00e9. Mais les Lions ont r\u00e9pliqu\u00e9 avec un rugby merveilleusement inventif. Jack Bester a marqu\u00e9 le premier essai des Springboks. Starke a ensuite inscrit un drop de 50 yards, mais une minute plus tard, Tom Voyce a inscrit une p\u00e9nalit\u00e9 qui a remis les touristes dans le match.<br \/>\nEn deuxi\u00e8me mi-temps, Starke a marqu\u00e9 son deuxi\u00e8me essai. Avant que Harris ne centre pour les touristes, Starke a ensuite r\u00e9alis\u00e9 son tripl\u00e9. Voyce a marqu\u00e9 pour les Lions. Et alors que le match \u00e9tait ind\u00e9cis, Slater a marqu\u00e9 pour assurer la victoire aux Springboks. Il a \u00e9t\u00e9 rapport\u00e9 que ce fut le meilleur test-match jamais disput\u00e9 en Afrique du Sud.<br \/>\nCaract\u00e9ristiques et d\u00e9tails de fabrication<\/p>\n<p>Le polo britannique et irlandais Heritage rouge et bleu marine est confectionn\u00e9 en coton piqu\u00e9 100%. Il arbore un \u00e9cusson classique des quatre nations brod\u00e9. Il est \u00e9galement dot\u00e9 d&#039;un col contrast\u00e9, d&#039;un pied de col brod\u00e9 et de fentes lat\u00e9rales \u00e0 chevrons. Une \u00e9tiquette tiss\u00e9e d\u00e9corative est \u00e9galement incluse.<\/p>","protected":false},"excerpt":{"rendered":"<p>Le polo h\u00e9ritage britannique et irlandais rouge et bleu marine s&#039;inspire de l&#039;histoire des tourn\u00e9es des Lions de rugby des \u00eeles britanniques.<br \/>\nEn 1924, l&#039;\u00e9quipe britannique et irlandaise de rugby n&#039;avait pas effectu\u00e9 de tourn\u00e9e en Afrique du Sud depuis quatorze ans. Le rugby ne faisait que reprendre ses droits apr\u00e8s la Premi\u00e8re Guerre mondiale. L&#039;Angleterre avait domin\u00e9 le Tournoi des Cinq Nations et remport\u00e9 dix-sept matchs, et n&#039;avait conc\u00e9d\u00e9 qu&#039;un match nul entre 1920 et 1924. Il \u00e9tait donc \u00e9trange que seuls quatre joueurs de l&#039;\u00e9quipe d&#039;Angleterre du Grand Chelem de 1924 et six s\u00e9lections anglaises aient \u00e9t\u00e9 s\u00e9lectionn\u00e9s pour ce voyage.<\/p>","protected":false},"featured_media":537564,"template":"","meta":[],"product_brand":[],"product_cat":[968,1024,556,406,1000,955,555],"product_tag":[],"class_list":{"0":"post-537563","1":"product","2":"type-product","3":"status-publish","4":"has-post-thumbnail","6":"product_cat-british-irish-lions-shop-by-country-club","7":"product_cat-ellis-rugby-polos","8":"product_cat-international-vintage-rugby-shirts","9":"product_cat-polos","10":"product_cat-poloshirts","11":"product_cat-shop-by-country-club","12":"product_cat-vintage-rugby-shirts","13":"pa_merk-ellis-rugby","15":"first","16":"outofstock","17":"taxable","18":"shipping-taxable","19":"product-type-variable"},"df_price":"","df_sale_price":"","df_regular_price":"","df_image_link":"https:\/\/harristweed-shop.be\/wp-content\/uploads\/2025\/04\/ba98d7e718f94e0cb4373647aaf659f2_Brittish_Hertitage_Rugby_Vintage_Polo-300x300.jpg","_links":{"self":[{"href":"https:\/\/harristweed-shop.be\/fr\/wp-json\/wp\/v2\/product\/537563","targetHints":{"allow":["GET"]}}],"collection":[{"href":"https:\/\/harristweed-shop.be\/fr\/wp-json\/wp\/v2\/product"}],"about":[{"href":"https:\/\/harristweed-shop.be\/fr\/wp-json\/wp\/v2\/types\/product"}],"wp:featuredmedia":[{"embeddable":true,"href":"https:\/\/harristweed-shop.be\/fr\/wp-json\/wp\/v2\/media\/537564"}],"wp:attachment":[{"href":"https:\/\/harristweed-shop.be\/fr\/wp-json\/wp\/v2\/media?parent=537563"}],"wp:term":[{"taxonomy":"product_brand","embeddable":true,"href":"https:\/\/harristweed-shop.be\/fr\/wp-json\/wp\/v2\/product_brand?post=537563"},{"taxonomy":"product_cat","embeddable":true,"href":"https:\/\/harristweed-shop.be\/fr\/wp-json\/wp\/v2\/product_cat?post=537563"},{"taxonomy":"product_tag","embeddable":true,"href":"https:\/\/harristweed-shop.be\/fr\/wp-json\/wp\/v2\/product_tag?post=537563"}],"curies":[{"name":"wp","href":"https:\/\/api.w.org\/{rel}","templated":true}]}}