{"id":537556,"date":"2025-04-05T18:32:13","date_gmt":"2025-04-05T18:32:13","guid":{"rendered":"https:\/\/harristweed-shop.be\/product\/leeds-rugby-league-shirt-1957-heritage-polo\/"},"modified":"2026-04-07T23:40:28","modified_gmt":"2026-04-07T23:40:28","slug":"leeds-rugby-league-shirt-1957-heritage-polo","status":"publish","type":"product","link":"https:\/\/harristweed-shop.be\/fr\/produit\/polo-heritage-de-la-ligue-de-rugby-de-leeds-1957\/","title":{"rendered":"Polo Heritage 1957 de la Leeds Rugby League"},"content":{"rendered":"<p>Pr\u00e9sentation du maillot de la Leeds Rugby League<\/p>\n<p>Fabriqu\u00e9 par Ellis Rugby, le polo Heritage de la Leeds Rugby League 1957. L&#039;\u00e9quipe de Leeds Rugby League de 1957 comptait l&#039;extraordinaire Lewis Jones. Il a marqu\u00e9 un nombre ph\u00e9nom\u00e9nal de 496 points, un record, dont 36 essais et 194 buts pour cet ancien joueur charismatique de la F\u00e9d\u00e9ration galloise de rugby et des Lions britanniques et irlandais (Rugby Union).<\/p>\n<p>1957 fut l&#039;ann\u00e9e faste du Leeds Rugby League Club. Ils se qualifi\u00e8rent pour la finale de la Challenge Cup. La vie ne fut pas toujours facile pour les Loiners. Ils durent affronter Wigan d\u00e8s la premi\u00e8re journ\u00e9e, s&#039;imposant finalement 13 points \u00e0 11. Lors de la deuxi\u00e8me journ\u00e9e, Leeds fit match nul \u00e0 domicile contre Warrington. Malgr\u00e9 une forte opposition en d\u00e9but de match, les \u00ab Wire \u00bb s&#039;impos\u00e8rent largement 28 points \u00e0 6.<\/p>\n<p>En quart de finale, Halifax a affront\u00e9 Leeds \u00e0 Thrum Hall. Mais Leeds s&#039;est une fois de plus impos\u00e9 16 points \u00e0 10. En demi-finale, le d\u00e9fi \u00e9tait Whitehaven, qu&#039;ils ont affront\u00e9 \u00e0 Odsal devant 49\u00a0094 spectateurs. Leeds semblait en pleine forme gr\u00e2ce \u00e0 Broughton, qui a inscrit deux essais bien travaill\u00e9s et \u00e0 l&#039;impressionnant Lewis Jones, qui a transform\u00e9 le ballon. Leeds menait de 4 points. Mais soudain, la situation a bascul\u00e9 en faveur de Whitehaven. McKeown a marqu\u00e9 un essai et McMenemy a transform\u00e9 depuis le receveur.<\/p>\n<p>Whitehaven a cherch\u00e9 \u00e0 tuer les derni\u00e8res minutes du match en limitant le jeu \u00e0 l&#039;attaque. C&#039;est le pilier de Leeds, Joe Anderson, qui a \u00e9t\u00e9 le h\u00e9ros\u00a0: il a vol\u00e9 le ballon et a gliss\u00e9 une passe \u00e0 Jeff Stevenson. Le petit demi-arri\u00e8re a parfaitement inscrit un field goal lointain pour remporter le match 10 points \u00e0 9.<\/p>\n<p>En savoir plus<\/p>\n<p>Le 11 mai 1957 au stade de Wembley, Leeds Rugby League contre Barrow Rugby League en finale de la Challenge Cup devant 76 318 supporters. <\/p>\n<p>\u00c0 la 25e minute, l&#039;arri\u00e8re de Leeds Pat Quinn a r\u00e9cup\u00e9r\u00e9 une passe courte du talonneur Bernard Prior et l&#039;ancien joueur des Lions britanniques et irlandais, en tourn\u00e9e en Afrique du Sud un an plus t\u00f4t, s&#039;est retrouv\u00e9 \u00e0 s&#039;\u00e9lancer pour inscrire le premier essai. Leeds menait \u00e0 la mi-temps.<\/p>\n<p>D\u00e8s la premi\u00e8re m\u00eal\u00e9e de la seconde p\u00e9riode, Leeds a r\u00e9alis\u00e9 l&#039;une de ses fameuses actions en trois-quarts. Lewis Jones a centr\u00e9 de droite \u00e0 gauche et a r\u00e9cup\u00e9r\u00e9 la passe astucieuse de Stevenson. Il a ensuite lib\u00e9r\u00e9 Del Hodgkinson sur l&#039;aile droite et son pas de c\u00f4t\u00e9 parfaitement synchronis\u00e9 a laiss\u00e9 l&#039;arri\u00e8re de Barrow, Joe Ball, mort.<\/p>\n<p>Le deuxi\u00e8me ligne Don Robinson a profit\u00e9 d&#039;une passe maladroite de Jack Grundy (Barrow) pour inscrire le troisi\u00e8me essai de Leeds. Barrow a rapidement r\u00e9pliqu\u00e9 avec un essai du pivot Phil Jackson, et avec deux buts de Willie Horne, le match \u00e9tait \u00e0 couteaux tir\u00e9s. Leeds a r\u00e9ussi \u00e0 tenir bon malgr\u00e9 l&#039;attaque tardive des Cumbrians, par la plus petite des marges\u00a0: Leeds 9 points, Barrow 7 points.<\/p>\n<p>Jeff Stevenson, le demi de m\u00eal\u00e9e n\u00e9 \u00e0 Leeds, a remport\u00e9 le Troph\u00e9e Lance Todd de l&#039;Homme du Match. Il a toujours repr\u00e9sent\u00e9 un danger lors des attaques de Leeds et a su bien couvrir sa d\u00e9fense.<\/p>\n<p>Stevenson et Lewis Jones ont tous deux \u00e9t\u00e9 s\u00e9lectionn\u00e9s pour repr\u00e9senter la Grande-Bretagne lors de la Coupe du monde de 1957 en Australie.<\/p>","protected":false},"excerpt":{"rendered":"<p>En novembre 1952, Lewis Jones signe \u00e0 Leeds pour un montant record de 6 000 \u00a3.<\/p>\n<p>En 1956-1957, il marqua un record de 496 points. Leeds se qualifia \u00e9galement pour Wembley avec Jones au poste de centre. Ils s&#039;impos\u00e8rent face \u00e0 Barrow 9-7 en finale de la Challenge Cup devant 76\u00a0318 spectateurs.<\/p>\n<p>Cette saison a \u00e9t\u00e9 un grand succ\u00e8s pour Leeds et en plus de la Challenge Cup, ils ont \u00e9galement remport\u00e9 la comp\u00e9tition de la Yorkshire League.<\/p>","protected":false},"featured_media":537557,"template":"","meta":[],"product_brand":[],"product_cat":[1024,956,406,1000,394,955],"product_tag":[],"class_list":{"0":"post-537556","1":"product","2":"type-product","3":"status-publish","4":"has-post-thumbnail","6":"product_cat-ellis-rugby-polos","7":"product_cat-leeds-shop-by-country-club","8":"product_cat-polos","9":"product_cat-poloshirts","10":"product_cat-rugby-shirts-2","11":"product_cat-shop-by-country-club","12":"pa_merk-ellis-rugby","14":"first","15":"outofstock","16":"taxable","17":"shipping-taxable","18":"product-type-variable"},"df_price":"","df_sale_price":"","df_regular_price":"","df_image_link":"https:\/\/harristweed-shop.be\/wp-content\/uploads\/2025\/04\/f07c99dab2ba2dcc1f9b652f3289feda_Leeds_Rugby_League_Shirt_1957_Heritage_Polo-300x300.jpg","_links":{"self":[{"href":"https:\/\/harristweed-shop.be\/fr\/wp-json\/wp\/v2\/product\/537556","targetHints":{"allow":["GET"]}}],"collection":[{"href":"https:\/\/harristweed-shop.be\/fr\/wp-json\/wp\/v2\/product"}],"about":[{"href":"https:\/\/harristweed-shop.be\/fr\/wp-json\/wp\/v2\/types\/product"}],"wp:featuredmedia":[{"embeddable":true,"href":"https:\/\/harristweed-shop.be\/fr\/wp-json\/wp\/v2\/media\/537557"}],"wp:attachment":[{"href":"https:\/\/harristweed-shop.be\/fr\/wp-json\/wp\/v2\/media?parent=537556"}],"wp:term":[{"taxonomy":"product_brand","embeddable":true,"href":"https:\/\/harristweed-shop.be\/fr\/wp-json\/wp\/v2\/product_brand?post=537556"},{"taxonomy":"product_cat","embeddable":true,"href":"https:\/\/harristweed-shop.be\/fr\/wp-json\/wp\/v2\/product_cat?post=537556"},{"taxonomy":"product_tag","embeddable":true,"href":"https:\/\/harristweed-shop.be\/fr\/wp-json\/wp\/v2\/product_tag?post=537556"}],"curies":[{"name":"wp","href":"https:\/\/api.w.org\/{rel}","templated":true}]}}