{"id":537524,"date":"2025-04-05T08:17:27","date_gmt":"2025-04-05T08:17:27","guid":{"rendered":"https:\/\/harristweed-shop.be\/product\/watson-deerstalker-hat-631\/"},"modified":"2026-05-05T04:12:40","modified_gmt":"2026-05-05T04:12:40","slug":"watson-deerstalker-hat-631","status":"publish","type":"product","link":"https:\/\/harristweed-shop.be\/fr\/produit\/chapeau-de-traqueur-de-cerf-watson-631\/","title":{"rendered":"Chapeau de chasse en tweed Harris Watson Clinton Brown"},"content":{"rendered":"<p>Le mod\u00e8le Deerstalker, comme son nom l&#039;indique, a \u00e9t\u00e9 con\u00e7u \u00e0 l&#039;origine pour les chasseurs qui chassaient le cerf dans les landes.<\/p>\n<p>Notre chapeau Watson Deerstalker est confectionn\u00e9 dans le c\u00e9l\u00e8bre tissu Harris Tweed, tiss\u00e9 \u00e0 la main dans les H\u00e9brides ext\u00e9rieures d&#039;\u00c9cosse depuis le XIXe si\u00e8cle. Vous avez ainsi l&#039;assurance d&#039;une qualit\u00e9 irr\u00e9prochable.\n<\/p>\n<p>\nNos chapeaux Deerstalker sont con\u00e7us pour vous garder au chaud pendant les mois froids, gr\u00e2ce \u00e0 leurs cache-oreilles et leur coupe ajust\u00e9e. Heureusement, gr\u00e2ce \u00e0 sa conception l\u00e9g\u00e8re et respirante en Harris Tweed, ce chapeau convient \u00e0 toutes les saisons. Le double bord prot\u00e8ge votre visage et votre cou du soleil, m\u00eame lors de longues sorties. Les cache-oreilles, nou\u00e9s sous le menton, vous prot\u00e8gent du froid et du vent. Ils sont \u00e9galement nou\u00e9s au-dessus de la calotte pour ne pas vous g\u00eaner.<\/p>\n<p>Disponibles en vert mousse, bleu nuit, marron Clinton et gris anthracite, nous proposons une gamme de v\u00eatements de campagne qui compl\u00e8tent parfaitement votre chapeau Watson, notamment des blazers et des gilets assortis en Harris Tweed.\n<\/p>\n<p>\n100% Authentique Harris Tweed \u2013 tiss\u00e9 \u00e0 la main dans les H\u00e9brides ext\u00e9rieures d&#039;\u00c9cosse. Reconnu comme l&#039;un des tissus les plus luxueux au monde.\n<\/p>\n<p>Con\u00e7us avec plus de 20 ans d&#039;exp\u00e9rience \u2013 Nous cr\u00e9ons des v\u00eatements en tweed depuis plus de 20 ans. Vous pouvez donc compter sur un savoir-faire exceptionnel.<br \/>\n<br \/>R\u00e9sistant \u2013 Le tweed est tiss\u00e9 extr\u00eamement serr\u00e9 et donc tr\u00e8s r\u00e9sistant. Il peut \u00eatre pli\u00e9 plus de 20\u00a0000 fois sans se rompre.<br \/>\n<br \/>\u00c9cologique \u2013 la laine des moutons repousse chaque ann\u00e9e, c&#039;est donc une ressource renouvelable. De plus, elle est biod\u00e9gradable et sa production g\u00e9n\u00e8re de faibles \u00e9missions de carbone.<br \/>\n<br \/>Hydrofuge \u2013 Ce tissu est hydrofuge car il peut absorber jusqu&#039;\u00e0 30 % de son poids en humidit\u00e9 sans laisser passer l&#039;eau. Il contribue \u00e9galement \u00e0 absorber la transpiration, vous gardant ainsi au frais pendant l&#039;\u00e9t\u00e9.<br \/>\n<br \/>Maintien optimal \u2013 Comme toujours, les casquettes Walker &amp; Hawkes offrent une coupe profonde, garantissant confort et maintien. Consultez notre guide des tailles.<br \/>\n<br \/>\u2013 Respirant \u2013 sa capacit\u00e9 d\u2019absorption de l\u2019humidit\u00e9 favorise le syst\u00e8me de refroidissement de votre corps.<br \/>\n<br \/>\u2013 Protection UV \u2013 la laine vous prot\u00e8ge naturellement contre les rayons UV.<br \/>\n<br \/>\u2013 Infroissable et r\u00e9sistant aux plis \u2013 gr\u00e2ce \u00e0 son \u00e9lasticit\u00e9 naturelle, vous n\u2019avez pas \u00e0 vous soucier des plis ou des froissements de votre v\u00eatement en tweed.\n<\/p>\n<p>\nDisponible en vert mousse, bleu nuit, brun Clinton et gris anthracite.<\/p>\n<p>Adapt\u00e9 \u00e0 une large gamme d&#039;usages, notamment : la chasse, la randonn\u00e9e, l&#039;\u00e9quitation, l&#039;agriculture, la mode, les v\u00eatements d&#039;ext\u00e9rieur, la promenade de chiens et bien plus encore !<\/p>\n<p>Caract\u00e9ristiques principales<\/p>\n<p>Tissu ext\u00e9rieur en pure laine vierge 100%.<br \/>\nDoublure int\u00e9rieure en satin 100%.<br \/>\nRabat semi-circulaire \u00e0 l&#039;avant et \u00e0 l&#039;arri\u00e8re.<br \/>\nRabat d&#039;oreille en tissu non renforc\u00e9.<br \/>\nRubans en gros-grain.<br \/>\n\u00c9tiquette amovible pour couture en Harris Tweed.<\/p>","protected":false},"excerpt":{"rendered":"<p>Chapeau de chasse en tweed Harris Watson Clinton Brown.<\/p>\n<p>Le mod\u00e8le Deerstalker, comme son nom l&#039;indique, a \u00e9t\u00e9 con\u00e7u \u00e0 l&#039;origine pour les chasseurs qui chassaient le cerf dans les landes.<br \/>\nNotre chapeau Watson Deerstalker est confectionn\u00e9 dans le c\u00e9l\u00e8bre tissu Harris Tweed, tiss\u00e9 \u00e0 la main dans les H\u00e9brides ext\u00e9rieures d&#039;\u00c9cosse depuis le XIXe si\u00e8cle.<\/p>","protected":false},"featured_media":537525,"template":"","meta":[],"product_brand":[],"product_cat":[1127,1174,1119,1164,433,547,542,83],"product_tag":[],"class_list":{"0":"post-537524","1":"product","2":"type-product","3":"status-publish","4":"has-post-thumbnail","6":"product_cat-harris-tweed-deer-stalker-cap-harris-tweed-hoeden-petten-en-caps","7":"product_cat-harris-tweed-deerstalker-mutzen","8":"product_cat-harris-tweed-hoeden-petten-en-caps","9":"product_cat-harris-tweed-mutzen-und-hute","10":"product_cat-harris-tweed-petten","11":"product_cat-harris-tweed-mutzen","12":"product_cat-hute-und-caps","13":"product_cat-petten-en-caps","14":"pa_merk-harristweed","16":"first","17":"instock","18":"taxable","19":"shipping-taxable","20":"purchasable","21":"product-type-variable"},"df_price":59.95,"df_sale_price":"","df_regular_price":59.95,"df_image_link":"https:\/\/harristweed-shop.be\/wp-content\/uploads\/2025\/04\/238a0c451f977dd987819e7602ba7790_Watson_Deerstalker_Hat_631_1-225x300.jpeg","_links":{"self":[{"href":"https:\/\/harristweed-shop.be\/fr\/wp-json\/wp\/v2\/product\/537524","targetHints":{"allow":["GET"]}}],"collection":[{"href":"https:\/\/harristweed-shop.be\/fr\/wp-json\/wp\/v2\/product"}],"about":[{"href":"https:\/\/harristweed-shop.be\/fr\/wp-json\/wp\/v2\/types\/product"}],"wp:featuredmedia":[{"embeddable":true,"href":"https:\/\/harristweed-shop.be\/fr\/wp-json\/wp\/v2\/media\/537525"}],"wp:attachment":[{"href":"https:\/\/harristweed-shop.be\/fr\/wp-json\/wp\/v2\/media?parent=537524"}],"wp:term":[{"taxonomy":"product_brand","embeddable":true,"href":"https:\/\/harristweed-shop.be\/fr\/wp-json\/wp\/v2\/product_brand?post=537524"},{"taxonomy":"product_cat","embeddable":true,"href":"https:\/\/harristweed-shop.be\/fr\/wp-json\/wp\/v2\/product_cat?post=537524"},{"taxonomy":"product_tag","embeddable":true,"href":"https:\/\/harristweed-shop.be\/fr\/wp-json\/wp\/v2\/product_tag?post=537524"}],"curies":[{"name":"wp","href":"https:\/\/api.w.org\/{rel}","templated":true}]}}