{"id":537388,"date":"2025-04-02T10:03:23","date_gmt":"2025-04-02T10:03:23","guid":{"rendered":"https:\/\/harristweed-shop.be\/product\/harris-tweed-pet-615\/"},"modified":"2026-04-08T00:40:47","modified_gmt":"2026-04-08T00:40:47","slug":"harris-tweed-pet-615","status":"publish","type":"product","link":"https:\/\/harristweed-shop.be\/fr\/produit\/casquette-en-tweed-harris-615\/","title":{"rendered":"Casquette plate en tweed Harris Henry, coloris bleu multicolore"},"content":{"rendered":"<p>Casquette plate unisexe \u00ab\u00a0Henry Cap\u00a0\u00bb en v\u00e9ritable Harris Tweed \u2013 style et tradition<\/p>\n<p>D\u00e9couvrez la casquette \u00ab\u00a0Henry\u00a0\u00bb, un accessoire alliant avec brio tradition, savoir-faire artisanal et \u00e9l\u00e9gance contemporaine. Ce magnifique tissu en pure laine, tiss\u00e9 \u00e0 la main dans les H\u00e9brides ext\u00e9rieures en \u00c9cosse, incarne une \u00e9l\u00e9gance intemporelle et un savoir-faire authentique, et est bien plus qu&#039;une simple d\u00e9claration de style.<\/p>\n<p>La casquette \u00ab\u00a0Henry\u00a0\u00bb reprend la forme classique de la casquette plate et la r\u00e9interpr\u00e8te avec un raffinement moderne. Son bord plat, sa visi\u00e8re flexible et sa coupe ergonomique lui conf\u00e8rent une silhouette \u00e9l\u00e9gante et raffin\u00e9e, agr\u00e9ablement l\u00e9g\u00e8re, id\u00e9ale aussi bien pour le sport que pour le quotidien. Ce mod\u00e8le s&#039;adapte parfaitement et sublime votre style, qu&#039;il soit associ\u00e9 \u00e0 une veste en tweed, un manteau ou une tenue d\u00e9contract\u00e9e.<\/p>\n<p>La casquette plate, autrefois incontournable pour le travail et la chasse dans les ann\u00e9es 1930, est depuis longtemps un incontournable des tenues d\u00e9contract\u00e9es et \u00e9l\u00e9gantes. La casquette \u00ab\u00a0Henry\u00a0\u00bb perp\u00e9tue cette tradition et la modernise avec subtilit\u00e9. Unisexe, elle convient aussi bien aux hommes qu&#039;aux femmes et peut \u00eatre port\u00e9e de fa\u00e7on classique ou moderne, selon votre tenue.<\/p>\n<p>Affichez une d\u00e9claration audacieuse de style et de qualit\u00e9 avec un accessoire charg\u00e9 d&#039;histoire : la casquette Harris Tweed \u00ab Henry Cap \u00bb - un incontournable pour tous ceux qui appr\u00e9cient la mode avec du caract\u00e8re.<\/p>\n<p>\u2013 Fabriqu\u00e9 en v\u00e9ritable Harris Tweed 100%<br \/>\n<br \/>\u2013 nDesigns assortis aux vestes et gilets Harris Tweed<br \/>\n<br \/>\u2013 Tr\u00e8s confortable<\/p>\n<p>Coupe\u00a0: La taille du chapeau est indiqu\u00e9e en centim\u00e8tres. Mesurez votre tour de t\u00eate pour d\u00e9terminer la taille id\u00e9ale.<\/p>\n<p>Tissu ext\u00e9rieur : laine vierge 100%<br \/>Doublure : polyester 100%<\/p>","protected":false},"excerpt":{"rendered":"<p>Casquette plate Harris Tweed Henry en tweed multicolore bleu 615. <\/p>\n<p>D\u00e9couvrez la casquette \u00ab\u00a0Henry\u00a0\u00bb, un accessoire alliant avec brio tradition, savoir-faire artisanal et \u00e9l\u00e9gance contemporaine. Ce magnifique tissu en pure laine, tiss\u00e9 \u00e0 la main dans les H\u00e9brides ext\u00e9rieures en \u00c9cosse, incarne une \u00e9l\u00e9gance intemporelle et un savoir-faire authentique, et est bien plus qu&#039;une simple d\u00e9claration de style.<\/p>","protected":false},"featured_media":537398,"template":"","meta":[],"product_brand":[],"product_cat":[1166,1120,1119,1164,433,547,542,83],"product_tag":[],"class_list":{"0":"post-537388","1":"product","2":"type-product","3":"status-publish","4":"has-post-thumbnail","6":"product_cat-harris-tweed-caps-schiebermutze","7":"product_cat-harris-tweed-flat-caps-harris-tweed-hoeden-petten-en-caps","8":"product_cat-harris-tweed-hoeden-petten-en-caps","9":"product_cat-harris-tweed-mutzen-und-hute","10":"product_cat-harris-tweed-petten","11":"product_cat-harris-tweed-mutzen","12":"product_cat-hute-und-caps","13":"product_cat-petten-en-caps","14":"pa_merk-harristweed","16":"first","17":"instock","18":"taxable","19":"shipping-taxable","20":"purchasable","21":"product-type-variable"},"df_price":69.95,"df_sale_price":"","df_regular_price":69.95,"df_image_link":"https:\/\/harristweed-shop.be\/wp-content\/uploads\/2025\/04\/0280081d5fe6f5d5c3d8693324fa4fe6_Harris_Tweed_Pet_615-225x300.jpeg","_links":{"self":[{"href":"https:\/\/harristweed-shop.be\/fr\/wp-json\/wp\/v2\/product\/537388","targetHints":{"allow":["GET"]}}],"collection":[{"href":"https:\/\/harristweed-shop.be\/fr\/wp-json\/wp\/v2\/product"}],"about":[{"href":"https:\/\/harristweed-shop.be\/fr\/wp-json\/wp\/v2\/types\/product"}],"wp:featuredmedia":[{"embeddable":true,"href":"https:\/\/harristweed-shop.be\/fr\/wp-json\/wp\/v2\/media\/537398"}],"wp:attachment":[{"href":"https:\/\/harristweed-shop.be\/fr\/wp-json\/wp\/v2\/media?parent=537388"}],"wp:term":[{"taxonomy":"product_brand","embeddable":true,"href":"https:\/\/harristweed-shop.be\/fr\/wp-json\/wp\/v2\/product_brand?post=537388"},{"taxonomy":"product_cat","embeddable":true,"href":"https:\/\/harristweed-shop.be\/fr\/wp-json\/wp\/v2\/product_cat?post=537388"},{"taxonomy":"product_tag","embeddable":true,"href":"https:\/\/harristweed-shop.be\/fr\/wp-json\/wp\/v2\/product_tag?post=537388"}],"curies":[{"name":"wp","href":"https:\/\/api.w.org\/{rel}","templated":true}]}}