{"id":537310,"date":"2025-03-27T10:17:40","date_gmt":"2025-03-27T10:17:40","guid":{"rendered":"https:\/\/harristweed-shop.be\/product\/stepp-jack-met-harris-tweed-details-groen-2\/"},"modified":"2026-04-08T00:40:48","modified_gmt":"2026-04-08T00:40:48","slug":"stepp-jack-met-harris-tweed-details-groen-2","status":"publish","type":"product","link":"https:\/\/harristweed-shop.be\/fr\/produit\/veste-a-pas-avec-details-en-tweed-harris-vert-2\/","title":{"rendered":"Veste homme \u201c Boston \u201d en tweed Harris olive avec d\u00e9tails en tweed Harris"},"content":{"rendered":"<p>\u00c9l\u00e9gant en automne et en hiver \u2013 avec la veste homme \u00ab Boston \u00bb au look country britannique<\/p>\n<p>La veste homme \u00ab\u00a0Boston\u00a0\u00bb incarne bien plus que du style et de la tradition\u00a0: elle allie esth\u00e9tique campagnarde intemporelle, confort et fonctionnalit\u00e9 modernes. Fabriqu\u00e9e en nylon r\u00e9sistant et d\u00e9perlant, elle offre une protection fiable contre les intemp\u00e9ries et est id\u00e9ale pour les saisons plus fra\u00eeches.<\/p>\n<p>Il s\u00e9duit \u00e9galement par ses finitions raffin\u00e9es au quotidien\u00a0: un col chaud en velours c\u00f4tel\u00e9, une fermeture \u00e9clair dissimul\u00e9e avec bouton suppl\u00e9mentaire et une poche poitrine pratique s&#039;int\u00e8grent harmonieusement \u00e0 l&#039;ensemble. Deux grandes poches \u00e0 soufflet ext\u00e9rieures et deux poches int\u00e9rieures refermables offrent un rangement s\u00e9curis\u00e9 pour vos essentiels lors de vos d\u00e9placements. Deux fentes d&#039;a\u00e9ration \u00e0 boutons-pression au dos offrent une plus grande libert\u00e9 de mouvement, particuli\u00e8rement utile lors des longues randonn\u00e9es ou sur le chemin du pavillon de chasse.<\/p>\n<p>Des d\u00e9tails subtilement plac\u00e9s, comme des rabats doubl\u00e9s de velours c\u00f4tel\u00e9, des poignets robustes en v\u00e9ritable Harris Tweed et d&#039;\u00e9l\u00e9gants ourlets en daim, conf\u00e8rent \u00e0 cette veste une touche distinctive. Une doublure douce en polaire procure une chaleur confortable, tandis que les coutures int\u00e9rieures passepoil\u00e9es soulignent la qualit\u00e9 de fabrication.<\/p>\n<p>Que vous fassiez une promenade dans la nature, une promenade tranquille en ville ou que vous visitiez un domaine, le \u00ab Boston \u00bb est un classique \u00e9l\u00e9gant qui allie de mani\u00e8re unique tradition, fonctionnalit\u00e9 et charme campagnard intemporel.<\/p>\n<p>\u2013 Poches plaqu\u00e9es<br \/>\u2013 Bordure des manches en v\u00e9ritable HARRIS TWEED<br \/>\u2013 Col en velours c\u00f4tel\u00e9<br \/>\u2013 \u00c9tiquette nominative<br \/>\u2013 Rabats en velours c\u00f4tel\u00e9<br \/>\u2013 Doublure en polaire<br \/>\u2013 Fentes lat\u00e9rales avec boutons-pression dissimul\u00e9s<br \/>\u2013 Rabat-temp\u00eate amovible<br \/>-Coupe sur mesure<br \/>\u2013 Deux poches int\u00e9rieures<\/p>\n<p>Mensurations du mod\u00e8le : Le mannequin mesure 184 cm et porte une taille 50.<br \/>Coupe : coupe r\u00e9guli\u00e8re<br \/>Dimensions de l&#039;article : Pour la taille 50, les mesures sont : demi-poitrine : 60 cm \u2013 demi-taille : 57 cm \u2013 longueur des manches : 66 cm \u2013 longueur du dos : 80 cm<\/p>\n<p>Tissu ext\u00e9rieur : polyester 100%<br \/>Doublure : polyester 100%<br \/>Doublure des manches : polyester 100%<\/p>","protected":false},"excerpt":{"rendered":"<p>Veste SteppJack pour homme \u201c Boston \u201d avec d\u00e9tails en tweed Harris couleur olive 32.<\/p>\n<p>La veste homme \u00ab\u00a0Boston\u00a0\u00bb incarne bien plus que du style et de la tradition\u00a0: elle allie esth\u00e9tique campagnarde intemporelle, confort et fonctionnalit\u00e9 modernes. Fabriqu\u00e9e en nylon r\u00e9sistant et d\u00e9perlant, elle offre une protection fiable contre les intemp\u00e9ries et est id\u00e9ale pour les saisons plus fra\u00eeches.<\/p>","protected":false},"featured_media":537311,"template":"","meta":[],"product_brand":[],"product_cat":[1087,1157,530,87,482,531],"product_tag":[],"class_list":{"0":"post-537310","1":"product","2":"type-product","3":"status-publish","4":"has-post-thumbnail","6":"product_cat-harris-tweed-jassen-en-jacks-heren","7":"product_cat-harris-tweed-mantel-und-jacken-fur-herren","8":"product_cat-heren-jassen-en-jacks","9":"product_cat-jassen-en-jacks","10":"product_cat-mantel-und-jacken","11":"product_cat-mantel-und-jacken-fur-herren","12":"pa_merk-wellington","14":"first","15":"instock","16":"taxable","17":"shipping-taxable","18":"purchasable","19":"product-type-variable"},"df_price":199.95,"df_sale_price":"","df_regular_price":199.95,"df_image_link":"https:\/\/harristweed-shop.be\/wp-content\/uploads\/2025\/03\/808e33e70d56b23919d7787b1606b9b4_Gesteppt_Jack_met_Harris_Tweed_Details_Groen-225x300.jpg","_links":{"self":[{"href":"https:\/\/harristweed-shop.be\/fr\/wp-json\/wp\/v2\/product\/537310","targetHints":{"allow":["GET"]}}],"collection":[{"href":"https:\/\/harristweed-shop.be\/fr\/wp-json\/wp\/v2\/product"}],"about":[{"href":"https:\/\/harristweed-shop.be\/fr\/wp-json\/wp\/v2\/types\/product"}],"wp:featuredmedia":[{"embeddable":true,"href":"https:\/\/harristweed-shop.be\/fr\/wp-json\/wp\/v2\/media\/537311"}],"wp:attachment":[{"href":"https:\/\/harristweed-shop.be\/fr\/wp-json\/wp\/v2\/media?parent=537310"}],"wp:term":[{"taxonomy":"product_brand","embeddable":true,"href":"https:\/\/harristweed-shop.be\/fr\/wp-json\/wp\/v2\/product_brand?post=537310"},{"taxonomy":"product_cat","embeddable":true,"href":"https:\/\/harristweed-shop.be\/fr\/wp-json\/wp\/v2\/product_cat?post=537310"},{"taxonomy":"product_tag","embeddable":true,"href":"https:\/\/harristweed-shop.be\/fr\/wp-json\/wp\/v2\/product_tag?post=537310"}],"curies":[{"name":"wp","href":"https:\/\/api.w.org\/{rel}","templated":true}]}}