{"id":537287,"date":"2025-03-25T20:37:26","date_gmt":"2025-03-25T20:37:26","guid":{"rendered":"https:\/\/harristweed-shop.be\/product\/harris-tweed-colbert-patrick-jacket-brown\/"},"modified":"2026-04-21T10:33:58","modified_gmt":"2026-04-21T10:33:58","slug":"harris-tweed-colbert-patrick-jacket-brown","status":"publish","type":"product","link":"https:\/\/harristweed-shop.be\/fr\/produit\/veste-de-costume-en-tweed-harris-veste-patrick-marron\/","title":{"rendered":"Veste de costume en tweed Harris, veste Patrick \u2013 Marron"},"content":{"rendered":"<p>La version Bucktrout de ce v\u00eatement classique est aussi polyvalente qu&#039;\u00e9l\u00e9gante. Nous n&#039;avons pas encore trouv\u00e9 de situation o\u00f9 elle ne serait pas appropri\u00e9e. Cette veste de sport classique pr\u00e9sente une fermeture \u00e0 deux boutons, des fentes aux poignets et des d\u00e9tails aux coudes.<\/p>\n<p>\u2013 Veste en tweed Harris marron<br \/>\n\u2013 Tiss\u00e9 \u00e0 la main en pure laine 100%<br \/>\n\u2013 Coudes<br \/>\n\u2013 Fermeture \u00e0 2 boutons<br \/>\n-Crache sur le c\u00f4t\u00e9<br \/>\n\u2013 Coupe tendance<br \/>\n\u2013 Doublure \u00e0 motif cachemire\u00a0: ac\u00e9tate 50%, viscose 50%<\/p>","protected":false},"excerpt":{"rendered":"<p>Veste de costume en tweed Harris, veste Patrick \u2013 Marron.<\/p>\n<p>\u2013 Harris Tweed \u2013 Laine 100%<br \/>\n\u2013 Doublure : ac\u00e9tate 50%\/viscose 50%<br \/>\n\u2013 Boutons en cuir faits main<br \/>\n\u2013 Le v\u00eatement est muni d&#039;une \u00e9tiquette confirmant l&#039;authenticit\u00e9 du tissu comme \u00e9tant du v\u00e9ritable Harris Tweed<br \/>\nNettoyage \u00e0 sec uniquement<br \/>\nArticles assortis disponibles<\/p>","protected":false},"featured_media":537288,"template":"","meta":[],"product_brand":[],"product_cat":[1091,1090,393,1083,479,1155,15,478],"product_tag":[],"class_list":{"0":"post-537287","1":"product","2":"type-product","3":"status-publish","4":"has-post-thumbnail","6":"product_cat-colbert-tweed-colberts-en-jasjes","7":"product_cat-colberts-en-jasjes","8":"product_cat-harris-tweed-heren-jasjes","9":"product_cat-harris-tweed-jasjes-heren","10":"product_cat-harris-tweed-sakkos-fur-herren","11":"product_cat-harris-tweed-sakkos-herren","12":"product_cat-harris-tweed-colberts","13":"product_cat-tweed-sakkos","14":"pa_merk-bucktrout","16":"first","17":"instock","18":"taxable","19":"shipping-taxable","20":"purchasable","21":"product-type-variable"},"df_price":459.95,"df_sale_price":"","df_regular_price":459.95,"df_image_link":"https:\/\/harristweed-shop.be\/wp-content\/uploads\/2025\/03\/31eb59234c72711c78b0e72a10996f5d_6053Harris_Tweed_colbert__PATRICK_JACKET___BROWN-211x300.jpg","_links":{"self":[{"href":"https:\/\/harristweed-shop.be\/fr\/wp-json\/wp\/v2\/product\/537287","targetHints":{"allow":["GET"]}}],"collection":[{"href":"https:\/\/harristweed-shop.be\/fr\/wp-json\/wp\/v2\/product"}],"about":[{"href":"https:\/\/harristweed-shop.be\/fr\/wp-json\/wp\/v2\/types\/product"}],"wp:featuredmedia":[{"embeddable":true,"href":"https:\/\/harristweed-shop.be\/fr\/wp-json\/wp\/v2\/media\/537288"}],"wp:attachment":[{"href":"https:\/\/harristweed-shop.be\/fr\/wp-json\/wp\/v2\/media?parent=537287"}],"wp:term":[{"taxonomy":"product_brand","embeddable":true,"href":"https:\/\/harristweed-shop.be\/fr\/wp-json\/wp\/v2\/product_brand?post=537287"},{"taxonomy":"product_cat","embeddable":true,"href":"https:\/\/harristweed-shop.be\/fr\/wp-json\/wp\/v2\/product_cat?post=537287"},{"taxonomy":"product_tag","embeddable":true,"href":"https:\/\/harristweed-shop.be\/fr\/wp-json\/wp\/v2\/product_tag?post=537287"}],"curies":[{"name":"wp","href":"https:\/\/api.w.org\/{rel}","templated":true}]}}