{"id":537207,"date":"2025-03-21T11:57:26","date_gmt":"2025-03-21T11:57:26","guid":{"rendered":"https:\/\/harristweed-shop.be\/product\/harris-tweed-dames-jasje-682highland-check\/"},"modified":"2026-05-05T04:15:34","modified_gmt":"2026-05-05T04:15:34","slug":"harris-tweed-dames-jasje-682highland-check","status":"publish","type":"product","link":"https:\/\/harristweed-shop.be\/fr\/produit\/veste-femme-en-tweed-harris-682-a-carreaux-highland\/","title":{"rendered":"Veste femme en tweed Harris Carola \u00e0 carreaux Highland"},"content":{"rendered":"<p>Blazer femme \u201c Carola \u201d en v\u00e9ritable Harris Tweed \u2013 \u00c9l\u00e9gance et tradition pour les femmes soucieuses de leur style<\/p>\n<p>Le Harris Tweed, reconnu \u00e0 juste titre comme l&#039;un des plus beaux tweeds au monde, incarne le summum du savoir-faire, de l&#039;authenticit\u00e9 et d&#039;un style intemporel. Le blazer \u201c\u00a0Carola\u00a0\u201d pour femme, confectionn\u00e9 en laine vierge 100%, est toujours tiss\u00e9 \u00e0 la main avec amour dans les H\u00e9brides \u00e9cossaises\u00a0; chaque pi\u00e8ce est un t\u00e9moignage unique du patrimoine culturel britannique. Depuis plus d&#039;un si\u00e8cle, le Harris Tweed est synonyme de durabilit\u00e9 et de qualit\u00e9 irr\u00e9prochable. Visuellement sublime, il impressionne \u00e9galement par ses propri\u00e9t\u00e9s respirantes, thermor\u00e9gulatrices et r\u00e9sistantes, ce qui le rend id\u00e9al en toute saison.<\/p>\n<p>Le Harris Tweed est non seulement visuellement saisissant, mais aussi d&#039;une durabilit\u00e9 exceptionnelle. Le blazer \u201c\u00a0Carola\u00a0\u201d \u00e0 trois boutons s\u00e9duit par sa coupe f\u00e9minine, cintr\u00e9e et l\u00e9g\u00e8rement plus longue, ainsi que par son excellente confection. Des \u00e9l\u00e9ments classiques tels que les revers crant\u00e9s, les deux poches \u00e0 rabat, la poche poitrine passepoil\u00e9e, la poche ticket et la poche int\u00e9rieure passepoil\u00e9e se marient harmonieusement avec des d\u00e9tails modernes pour cr\u00e9er une pi\u00e8ce forte et affirm\u00e9e. Le col doubl\u00e9 de feutre de laine et les deux fentes d&#039;aisance au dos, orn\u00e9es de boutons d\u00e9coratifs sous la taille, apportent une touche distinctive\u00a0: un style raffin\u00e9 et soign\u00e9 jusque dans les moindres d\u00e9tails.<\/p>\n<p>Que ce soit au bureau, pour une occasion sp\u00e9ciale ou simplement pour se d\u00e9tendre, le blazer \u201c\u00a0Carola\u00a0\u201d pour femme se distingue par sa coupe impeccable, son \u00e9l\u00e9gance classique et une touche de charme britannique. Id\u00e9al pour les femmes de style, au go\u00fbt raffin\u00e9 et \u00e0 la personnalit\u00e9 unique\u00a0!<\/p>\n<p>\u2013 Harris Tweed \u2013 tiss\u00e9 \u00e0 la main en \u00c9cosse<br \/>\u2013 Coupe moderne<br \/>\u2013 \u00c9tiquette nominative<br \/>\u2013 Dessous de col contrast\u00e9 en feutre de laine<br \/>\u2013 Deux poches \u00e0 rabat et une poche ticket sur le c\u00f4t\u00e9 droit<br \/>\u2013 Deux fentes au dos<\/p>\n<p>Mensurations du mod\u00e8le : Le mannequin mesure 176 cm et porte une taille 38.<br \/>Coupe : Coupe r\u00e9guli\u00e8re<br \/>Mesures du v\u00eatement\u00a0: pour la taille 36\u00a0: Longueur dos\u00a0: 68\u00a0cm \u2013 Longueur des manches depuis la poitrine\u00a0: 61\u00a0cm \u2013 Demi-tour de poitrine\u00a0: 47,5\u00a0cm \u2013 Demi-tour de taille\u00a0: 41\u00a0cm<\/p>\n<p>Tissu ext\u00e9rieur : laine vierge 100%<br \/>Doublure : 55% polyester, 45% viscose<br \/>Doublure des manches : viscose 100%<\/p>","protected":false},"excerpt":{"rendered":"<p>Veste pour femme en Harris Tweed Carola \u00e0 carreaux Highland 682.<\/p>\n<p>Le blazer pour femme en Harris Tweed \u201c Carola \u201d, fabriqu\u00e9 \u00e0 partir de laine vierge 100%, est toujours tiss\u00e9 \u00e0 la main avec amour dans les H\u00e9brides \u00e9cossaises \u2013 chaque pi\u00e8ce est un morceau unique de l&#039;histoire culturelle britannique.<\/p>","protected":false},"featured_media":537208,"template":"","meta":[],"product_brand":[],"product_cat":[1159,592,353,1084,15,478],"product_tag":[],"class_list":{"0":"post-537207","1":"product","2":"type-product","3":"status-publish","4":"has-post-thumbnail","6":"product_cat-harris-tweed-blazer-damen","7":"product_cat-harris-tweed-blazer-fur-damen","8":"product_cat-harris-tweed-dames-jasjes","9":"product_cat-harris-tweed-jasjes-dames","10":"product_cat-harris-tweed-colberts","11":"product_cat-tweed-sakkos","12":"pa_merk-harristweed","14":"first","15":"instock","16":"taxable","17":"shipping-taxable","18":"purchasable","19":"product-type-variable"},"df_price":379.95,"df_sale_price":"","df_regular_price":379.95,"df_image_link":"https:\/\/harristweed-shop.be\/wp-content\/uploads\/2025\/03\/070c3decc16002f89e7f7275e5ccc066_Harris_tweed_Dames_Jasje_682Highland_Check-225x300.jpeg","_links":{"self":[{"href":"https:\/\/harristweed-shop.be\/fr\/wp-json\/wp\/v2\/product\/537207","targetHints":{"allow":["GET"]}}],"collection":[{"href":"https:\/\/harristweed-shop.be\/fr\/wp-json\/wp\/v2\/product"}],"about":[{"href":"https:\/\/harristweed-shop.be\/fr\/wp-json\/wp\/v2\/types\/product"}],"wp:featuredmedia":[{"embeddable":true,"href":"https:\/\/harristweed-shop.be\/fr\/wp-json\/wp\/v2\/media\/537208"}],"wp:attachment":[{"href":"https:\/\/harristweed-shop.be\/fr\/wp-json\/wp\/v2\/media?parent=537207"}],"wp:term":[{"taxonomy":"product_brand","embeddable":true,"href":"https:\/\/harristweed-shop.be\/fr\/wp-json\/wp\/v2\/product_brand?post=537207"},{"taxonomy":"product_cat","embeddable":true,"href":"https:\/\/harristweed-shop.be\/fr\/wp-json\/wp\/v2\/product_cat?post=537207"},{"taxonomy":"product_tag","embeddable":true,"href":"https:\/\/harristweed-shop.be\/fr\/wp-json\/wp\/v2\/product_tag?post=537207"}],"curies":[{"name":"wp","href":"https:\/\/api.w.org\/{rel}","templated":true}]}}