{"id":537188,"date":"2025-03-21T10:32:25","date_gmt":"2025-03-21T10:32:25","guid":{"rendered":"https:\/\/harristweed-shop.be\/product\/england-1871-rugby-shirt-navy-navy\/"},"modified":"2026-05-05T04:15:35","modified_gmt":"2026-05-05T04:15:35","slug":"england-1871-rugby-shirt-navy-navy","status":"publish","type":"product","link":"https:\/\/harristweed-shop.be\/fr\/produit\/maillot-de-rugby-angleterre-1871-bleu-marine\/","title":{"rendered":"Maillot de rugby Angleterre 1871 \u2013 Bleu marine"},"content":{"rendered":"<p>Coton flamm\u00e9 100% tr\u00e8s r\u00e9sistant<\/p>\n<p>380 g\/m\u00b2<\/p>\n<p>Logo rose brod\u00e9 avec la date de leur premier match test international<\/p>\n<p>D\u00e9tail brod\u00e9 1871 \u00e0 l&#039;arri\u00e8re du cou<\/p>\n<p>Ourlets renforc\u00e9s<\/p>\n<p>Plaque \u00e0 deux boutons en caoutchouc<\/p>\n<p>Lavable en machine<\/p>\n<p>Fabriqu\u00e9 au Portugal<\/p>\n<p>Le match de rugby \u00e0 XV disput\u00e9 entre l&#039;\u00c9cosse et l&#039;Angleterre le 27 mars 1871 fut le tout premier match international de rugby \u00e0 XV au monde. Il se d\u00e9roula \u00e0 Raeburn Place, \u00e0 \u00c9dimbourg, devant 4\u00a0000 spectateurs. L&#039;\u00c9cosse remporta la rencontre, inscrivant deux essais et un but contre un seul pour l&#039;Angleterre.<\/p>\n<p>Ce match est n\u00e9 d&#039;un d\u00e9fi publi\u00e9 dans l&#039;hebdomadaire sportif Bell&#039;s Weekly le 8 d\u00e9cembre 1870 et sign\u00e9 par les capitaines de cinq clubs \u00e9cossais, invitant toute \u00e9quipe \u00ab s\u00e9lectionn\u00e9e dans toute l&#039;Angleterre \u00bb \u00e0 un match de rugby \u00e0 20. Le match s&#039;est d\u00e9roul\u00e9 \u00e0 Raeburn Place, \u00e0 \u00c9dimbourg, le stade des Edinburgh Academicals, le 27 mars 1871. L&#039;\u00e9quipe anglaise \u00e9tait v\u00eatue de blanc, avec une rose rouge sur son maillot, tandis que les \u00c9cossais portaient des maillots marron orn\u00e9s d&#039;un chardon.<\/p>\n<p>L&#039;\u00e9quipe repr\u00e9sentant l&#039;Angleterre \u00e9tait dirig\u00e9e par Frederick Stokes de Blackheath, celle repr\u00e9sentant l&#039;\u00c9cosse \u00e9tait dirig\u00e9e par Francis Moncrieff<\/p>\n<p>Cette saison, les matchs se d\u00e9cidaient en fonction des buts marqu\u00e9s. Un but \u00e9tait accord\u00e9 pour une transformation r\u00e9ussie apr\u00e8s un essai, un drop ou un but marqu\u00e9. En cas d&#039;\u00e9galit\u00e9, les essais non transform\u00e9s \u00e9taient comptabilis\u00e9s pour d\u00e9signer le vainqueur. En cas de match nul, le match \u00e9tait d\u00e9clar\u00e9 nul.<\/p>\n<p>Le match, disput\u00e9 en deux mi-temps de 50 minutes chacune, a \u00e9t\u00e9 remport\u00e9 par l&#039;\u00c9cosse, qui a marqu\u00e9 un but gr\u00e2ce \u00e0 une transformation r\u00e9ussie apr\u00e8s avoir envoy\u00e9 le ballon au-del\u00e0 de la ligne de but (ce qui lui a permis de tenter de marquer). Les deux \u00e9quipes ont chacune inscrit un essai suppl\u00e9mentaire, mais sans succ\u00e8s, les coups de pied \u00e9tant rat\u00e9s. Angus Buchanan a \u00e9t\u00e9 le premier joueur \u00e0 marquer un essai en rugby international.<\/p>\n<p>Lors d&#039;un match retour au Kennington Oval, \u00e0 Londres, en 1872, l&#039;Angleterre fut la gagnante.<\/p>","protected":false},"excerpt":{"rendered":"<p>Le maillot de rugby vintage England 1871 est fabriqu\u00e9 avec un coton flamm\u00e9 r\u00e9tro \u00e9pais qui donne au maillot une finition r\u00e9sistante mais douce et confortable.<\/p>\n<p>Cette chemise \u00ab old school \u00bb h\u00e9ritage combine des teintures de couleurs vintage avec un d\u00e9lavage vieilli pour produire un aspect et une sensation joliment us\u00e9s.<\/p>","protected":false},"featured_media":537197,"template":"","meta":[],"product_brand":[],"product_cat":[395,957,556,397,394,955,555],"product_tag":[],"class_list":{"0":"post-537188","1":"product","2":"type-product","3":"status-publish","4":"has-post-thumbnail","6":"product_cat-black-and-blue-1871","7":"product_cat-england-shop-by-country-club","8":"product_cat-international-vintage-rugby-shirts","9":"product_cat-international","10":"product_cat-rugby-shirts-2","11":"product_cat-shop-by-country-club","12":"product_cat-vintage-rugby-shirts","13":"pa_merk-blackandblue1871","15":"first","16":"instock","17":"taxable","18":"shipping-taxable","19":"purchasable","20":"product-type-variable"},"df_price":135.95,"df_sale_price":"","df_regular_price":135.95,"df_image_link":"https:\/\/harristweed-shop.be\/wp-content\/uploads\/2025\/03\/a3da4b211ecf2f2b2a208d563259fd21_England_1871_Rugby_Shirt___Navy_navy-300x300.jpeg","_links":{"self":[{"href":"https:\/\/harristweed-shop.be\/fr\/wp-json\/wp\/v2\/product\/537188","targetHints":{"allow":["GET"]}}],"collection":[{"href":"https:\/\/harristweed-shop.be\/fr\/wp-json\/wp\/v2\/product"}],"about":[{"href":"https:\/\/harristweed-shop.be\/fr\/wp-json\/wp\/v2\/types\/product"}],"wp:featuredmedia":[{"embeddable":true,"href":"https:\/\/harristweed-shop.be\/fr\/wp-json\/wp\/v2\/media\/537197"}],"wp:attachment":[{"href":"https:\/\/harristweed-shop.be\/fr\/wp-json\/wp\/v2\/media?parent=537188"}],"wp:term":[{"taxonomy":"product_brand","embeddable":true,"href":"https:\/\/harristweed-shop.be\/fr\/wp-json\/wp\/v2\/product_brand?post=537188"},{"taxonomy":"product_cat","embeddable":true,"href":"https:\/\/harristweed-shop.be\/fr\/wp-json\/wp\/v2\/product_cat?post=537188"},{"taxonomy":"product_tag","embeddable":true,"href":"https:\/\/harristweed-shop.be\/fr\/wp-json\/wp\/v2\/product_tag?post=537188"}],"curies":[{"name":"wp","href":"https:\/\/api.w.org\/{rel}","templated":true}]}}