{"id":537151,"date":"2025-03-20T16:27:36","date_gmt":"2025-03-20T16:27:36","guid":{"rendered":"https:\/\/harristweed-shop.be\/product\/harris-tweed-gilet-bodywarmer-blue\/"},"modified":"2026-04-21T11:18:24","modified_gmt":"2026-04-21T11:18:24","slug":"harris-tweed-gilet-bodywarmer-blue","status":"publish","type":"product","link":"https:\/\/harristweed-shop.be\/fr\/produit\/gilet-sans-manches-harris-tweed-bleu\/","title":{"rendered":"Harris Tweed Gilet, Bodywarmer \u2013 Bleu"},"content":{"rendered":"<p>Que vous soyez en ville pour une course rapide ou en vacances \u00e0 la campagne, nos gilets sont parfaits pour superposer les v\u00eatements. Le gilet Chucks Country est dot\u00e9 d&#039;un corps matelass\u00e9, d&#039;une doublure l\u00e9g\u00e8re pour plus de confort et de libert\u00e9 de mouvement, et de quatre poches \u00e0 doublure cachemire.<\/p>\n<p>\u2013 Tweed Harris \u00e0 chevrons bleus<br \/>\n\u2013 Tiss\u00e9 \u00e0 la main en pure laine 100%<br \/>\n\u2013 D\u00e9tails en daim \u00e0 l&#039;int\u00e9rieur du col et des poches<br \/>\n\u2013 Corps rembourr\u00e9<br \/>\n\u2013 4 sacs<\/p>","protected":false},"excerpt":{"rendered":"<p>Gilet Harris Tweed, Bodywarmer \u2013 Bleu.<\/p>\n<p>\u2013 Tweed Harris matelass\u00e9 \u2013 Laine 100%<br \/>\n\u2013 Doublure : ac\u00e9tate 50%\/viscose 50%<br \/>\n\u2013 Finition : polyester 100% (effet daim)<br \/>\n\u2013 Le v\u00eatement est muni d&#039;une \u00e9tiquette confirmant l&#039;authenticit\u00e9 du tissu comme \u00e9tant du v\u00e9ritable Harris Tweed<br \/>\nNettoyage \u00e0 sec uniquement<\/p>","protected":false},"featured_media":537152,"template":"","meta":[],"product_brand":[],"product_cat":[1060,1186,1187,1087,1157,530,87,482,531],"product_tag":[],"class_list":{"0":"post-537151","1":"product","2":"type-product","3":"status-publish","4":"has-post-thumbnail","6":"product_cat-bodywarmer","7":"product_cat-harris-tweed-bodywarmer","8":"product_cat-harris-tweed-bodywarmers","9":"product_cat-harris-tweed-jassen-en-jacks-heren","10":"product_cat-harris-tweed-mantel-und-jacken-fur-herren","11":"product_cat-heren-jassen-en-jacks","12":"product_cat-jassen-en-jacks","13":"product_cat-mantel-und-jacken","14":"product_cat-mantel-und-jacken-fur-herren","15":"pa_merk-harristweed","17":"first","18":"instock","19":"taxable","20":"shipping-taxable","21":"purchasable","22":"product-type-variable"},"df_price":339.95,"df_sale_price":"","df_regular_price":339.95,"df_image_link":"https:\/\/harristweed-shop.be\/wp-content\/uploads\/2025\/03\/89375ab55d03115223e0b3d0e1b007db_Harris_Tweed_Gilet__Bodywarmer_blue_2-225x300.jpg","_links":{"self":[{"href":"https:\/\/harristweed-shop.be\/fr\/wp-json\/wp\/v2\/product\/537151","targetHints":{"allow":["GET"]}}],"collection":[{"href":"https:\/\/harristweed-shop.be\/fr\/wp-json\/wp\/v2\/product"}],"about":[{"href":"https:\/\/harristweed-shop.be\/fr\/wp-json\/wp\/v2\/types\/product"}],"wp:featuredmedia":[{"embeddable":true,"href":"https:\/\/harristweed-shop.be\/fr\/wp-json\/wp\/v2\/media\/537152"}],"wp:attachment":[{"href":"https:\/\/harristweed-shop.be\/fr\/wp-json\/wp\/v2\/media?parent=537151"}],"wp:term":[{"taxonomy":"product_brand","embeddable":true,"href":"https:\/\/harristweed-shop.be\/fr\/wp-json\/wp\/v2\/product_brand?post=537151"},{"taxonomy":"product_cat","embeddable":true,"href":"https:\/\/harristweed-shop.be\/fr\/wp-json\/wp\/v2\/product_cat?post=537151"},{"taxonomy":"product_tag","embeddable":true,"href":"https:\/\/harristweed-shop.be\/fr\/wp-json\/wp\/v2\/product_tag?post=537151"}],"curies":[{"name":"wp","href":"https:\/\/api.w.org\/{rel}","templated":true}]}}