{"id":537078,"date":"2025-03-20T15:17:30","date_gmt":"2025-03-20T15:17:30","guid":{"rendered":"https:\/\/harristweed-shop.be\/product\/summer-wool-jacket-wellington-groen-ruit\/"},"modified":"2026-05-05T04:17:23","modified_gmt":"2026-05-05T04:17:23","slug":"summer-wool-jacket-wellington-groen-ruit","status":"publish","type":"product","link":"https:\/\/harristweed-shop.be\/fr\/produit\/veste-dete-en-laine-a-carreaux-verts-wellington\/","title":{"rendered":"Veste d&#039;\u00e9t\u00e9 en laine Wellington \u00e0 carreaux verts"},"content":{"rendered":"<p>Veste d&#039;\u00e9t\u00e9 en laine fine de Wellington.<\/p>\n<p>Poches \u00e0 rabat et fentes lat\u00e9rales<\/p>","protected":false},"excerpt":{"rendered":"<p>Zomers dun wollen jasje van Wellington. Klerpzakken en zijsplitten<\/p>","protected":false},"featured_media":537087,"template":"","meta":[],"product_brand":[],"product_cat":[1095,1090,479,1093,1081,1094,15,478],"product_tag":[],"class_list":{"0":"post-537078","1":"product","2":"type-product","3":"status-publish","4":"has-post-thumbnail","6":"product_cat-colbert-linnen-colberts-en-jasjes","7":"product_cat-colberts-en-jasjes","8":"product_cat-harris-tweed-sakkos-fur-herren","9":"product_cat-leinen-und-seide-sakkos-fur-herren","10":"product_cat-linnen-en-zijden-heren-jasjes","11":"product_cat-linnen-en-zijden-jasjes-heren","12":"product_cat-harris-tweed-colberts","13":"product_cat-tweed-sakkos","14":"pa_merk-wellington","16":"first","17":"instock","18":"taxable","19":"shipping-taxable","20":"purchasable","21":"product-type-variable"},"df_price":349.95,"df_sale_price":"","df_regular_price":349.95,"df_image_link":"https:\/\/harristweed-shop.be\/wp-content\/uploads\/2025\/03\/39eba015f0fdc3f66d117262e47503f8_Summer_Jacket_Wellington_Groen_Ruit-225x300.jpeg","_links":{"self":[{"href":"https:\/\/harristweed-shop.be\/fr\/wp-json\/wp\/v2\/product\/537078","targetHints":{"allow":["GET"]}}],"collection":[{"href":"https:\/\/harristweed-shop.be\/fr\/wp-json\/wp\/v2\/product"}],"about":[{"href":"https:\/\/harristweed-shop.be\/fr\/wp-json\/wp\/v2\/types\/product"}],"wp:featuredmedia":[{"embeddable":true,"href":"https:\/\/harristweed-shop.be\/fr\/wp-json\/wp\/v2\/media\/537087"}],"wp:attachment":[{"href":"https:\/\/harristweed-shop.be\/fr\/wp-json\/wp\/v2\/media?parent=537078"}],"wp:term":[{"taxonomy":"product_brand","embeddable":true,"href":"https:\/\/harristweed-shop.be\/fr\/wp-json\/wp\/v2\/product_brand?post=537078"},{"taxonomy":"product_cat","embeddable":true,"href":"https:\/\/harristweed-shop.be\/fr\/wp-json\/wp\/v2\/product_cat?post=537078"},{"taxonomy":"product_tag","embeddable":true,"href":"https:\/\/harristweed-shop.be\/fr\/wp-json\/wp\/v2\/product_tag?post=537078"}],"curies":[{"name":"wp","href":"https:\/\/api.w.org\/{rel}","templated":true}]}}